{"id":7226,"date":"2023-07-01T15:44:11","date_gmt":"2023-07-01T13:44:11","guid":{"rendered":"https:\/\/gelatidino.com\/produits\/gelato\/"},"modified":"2025-11-29T20:16:40","modified_gmt":"2025-11-29T18:16:40","slug":"gelato","status":"publish","type":"page","link":"https:\/\/gelatidino.com\/fr\/produits\/gelato\/","title":{"rendered":"Gelato"},"content":{"rendered":"\t\t<div data-elementor-type=\"wp-page\" data-elementor-id=\"7226\" class=\"elementor elementor-7226 elementor-266\" data-elementor-post-type=\"page\">\n\t\t\t\t<div class=\"elementor-element elementor-element-ed9e7e4 e-flex e-con-boxed elementor-invisible e-con e-parent\" data-id=\"ed9e7e4\" data-element_type=\"container\" data-settings=\"{&quot;background_background&quot;:&quot;classic&quot;,&quot;animation&quot;:&quot;fadeIn&quot;}\">\n\t\t\t\t\t<div class=\"e-con-inner\">\n\t\t<div class=\"elementor-element elementor-element-ef110cc e-flex e-con-boxed elementor-invisible e-con e-child\" data-id=\"ef110cc\" data-element_type=\"container\" data-settings=\"{&quot;background_background&quot;:&quot;classic&quot;,&quot;animation&quot;:&quot;fadeIn&quot;}\">\n\t\t\t\t\t<div class=\"e-con-inner\">\n\t\t\t\t\t<\/div>\n\t\t\t\t<\/div>\n\t\t\t\t\t<\/div>\n\t\t\t\t<\/div>\n\t\t<div class=\"elementor-element elementor-element-28fca07 e-flex e-con-boxed elementor-invisible e-con e-parent\" data-id=\"28fca07\" data-element_type=\"container\" data-settings=\"{&quot;animation&quot;:&quot;fadeInUp&quot;}\">\n\t\t\t\t\t<div class=\"e-con-inner\">\n\t\t\t\t<div class=\"elementor-element elementor-element-6e58800 e-n-tabs-mobile elementor-widget elementor-widget-n-tabs\" data-id=\"6e58800\" data-element_type=\"widget\" data-settings=\"{&quot;tabs_justify_horizontal&quot;:&quot;center&quot;,&quot;horizontal_scroll&quot;:&quot;disable&quot;}\" data-widget_type=\"nested-tabs.default\">\n\t\t\t\t<div class=\"elementor-widget-container\">\n\t\t\t\t\t\t\t<div class=\"e-n-tabs\" data-widget-number=\"115705856\" aria-label=\"Onglets. Ouvrez des \u00e9l\u00e9ments avec Entrer ou Espace, fermez-les avec Echape et naviguez \u00e0 l&#039;aide des touches fl\u00e9ch\u00e9es.\">\n\t\t\t<div class=\"e-n-tabs-heading\" role=\"tablist\">\n\t\t\t\t\t<button id=\"e-n-tab-title-1157058561\" data-tab-title-id=\"e-n-tab-title-1157058561\" class=\"e-n-tab-title\" aria-selected=\"true\" data-tab-index=\"1\" role=\"tab\" tabindex=\"0\" aria-controls=\"e-n-tab-content-1157058561\" style=\"--n-tabs-title-order: 1;\">\n\t\t\t\t\t\t<span class=\"e-n-tab-title-text\">\n\t\t\t\tTOUS LES SAVEURS\t\t\t<\/span>\n\t\t<\/button>\n\t\t\t\t<button id=\"e-n-tab-title-1157058562\" data-tab-title-id=\"e-n-tab-title-1157058562\" class=\"e-n-tab-title\" aria-selected=\"false\" data-tab-index=\"2\" role=\"tab\" tabindex=\"-1\" aria-controls=\"e-n-tab-content-1157058562\" style=\"--n-tabs-title-order: 2;\">\n\t\t\t\t\t\t<span class=\"e-n-tab-title-text\">\n\t\t\t\tV\u00c9GANS\t\t\t<\/span>\n\t\t<\/button>\n\t\t\t\t<button id=\"e-n-tab-title-1157058563\" data-tab-title-id=\"e-n-tab-title-1157058563\" class=\"e-n-tab-title\" aria-selected=\"false\" data-tab-index=\"3\" role=\"tab\" tabindex=\"-1\" aria-controls=\"e-n-tab-content-1157058563\" style=\"--n-tabs-title-order: 3;\">\n\t\t\t\t\t\t<span class=\"e-n-tab-title-text\">\n\t\t\t\tCR\u00c8MES\t\t\t<\/span>\n\t\t<\/button>\n\t\t\t\t<button id=\"e-n-tab-title-1157058564\" data-tab-title-id=\"e-n-tab-title-1157058564\" class=\"e-n-tab-title\" aria-selected=\"false\" data-tab-index=\"4\" role=\"tab\" tabindex=\"-1\" aria-controls=\"e-n-tab-content-1157058564\" style=\"--n-tabs-title-order: 4;\">\n\t\t\t\t\t\t<span class=\"e-n-tab-title-text\">\n\t\t\t\tSORBET\t\t\t<\/span>\n\t\t<\/button>\n\t\t\t\t<button id=\"e-n-tab-title-1157058565\" data-tab-title-id=\"e-n-tab-title-1157058565\" class=\"e-n-tab-title\" aria-selected=\"false\" data-tab-index=\"5\" role=\"tab\" tabindex=\"-1\" aria-controls=\"e-n-tab-content-1157058565\" style=\"--n-tabs-title-order: 5;\">\n\t\t\t\t\t\t<span class=\"e-n-tab-title-text\">\n\t\t\t\tCHOCOLATS\t\t\t<\/span>\n\t\t<\/button>\n\t\t\t\t<button id=\"e-n-tab-title-1157058566\" data-tab-title-id=\"e-n-tab-title-1157058566\" class=\"e-n-tab-title\" aria-selected=\"false\" data-tab-index=\"6\" role=\"tab\" tabindex=\"-1\" aria-controls=\"e-n-tab-content-1157058566\" style=\"--n-tabs-title-order: 6;\">\n\t\t\t\t\t\t<span class=\"e-n-tab-title-text\">\n\t\t\t\tDI\u00c9T\u00c9TIQUES\t\t\t<\/span>\n\t\t<\/button>\n\t\t\t\t<button id=\"e-n-tab-title-1157058567\" data-tab-title-id=\"e-n-tab-title-1157058567\" class=\"e-n-tab-title\" aria-selected=\"false\" data-tab-index=\"7\" role=\"tab\" tabindex=\"-1\" aria-controls=\"e-n-tab-content-1157058567\" style=\"--n-tabs-title-order: 7;\">\n\t\t\t\t\t\t<span class=\"e-n-tab-title-text\">\n\t\t\t\tSANS LACTOSA\t\t\t<\/span>\n\t\t<\/button>\n\t\t\t\t<button id=\"e-n-tab-title-1157058568\" data-tab-title-id=\"e-n-tab-title-1157058568\" class=\"e-n-tab-title\" aria-selected=\"false\" data-tab-index=\"8\" role=\"tab\" tabindex=\"-1\" aria-controls=\"e-n-tab-content-1157058568\" style=\"--n-tabs-title-order: 8;\">\n\t\t\t\t\t\t<span class=\"e-n-tab-title-text\">\n\t\t\t\tSANS FRUITS \u00c0 COQUE\t\t\t<\/span>\n\t\t<\/button>\n\t\t\t\t<button id=\"e-n-tab-title-1157058569\" data-tab-title-id=\"e-n-tab-title-1157058569\" class=\"e-n-tab-title\" aria-selected=\"false\" data-tab-index=\"9\" role=\"tab\" tabindex=\"-1\" aria-controls=\"e-n-tab-content-1157058569\" style=\"--n-tabs-title-order: 9;\">\n\t\t\t\t\t\t<span class=\"e-n-tab-title-text\">\n\t\t\t\tSANS GLUTEN\t\t\t<\/span>\n\t\t<\/button>\n\t\t\t\t\t<\/div>\n\t\t\t<div class=\"e-n-tabs-content\">\n\t\t\t\t<div id=\"e-n-tab-content-1157058561\" role=\"tabpanel\" aria-labelledby=\"e-n-tab-title-1157058561\" data-tab-index=\"1\" style=\"--n-tabs-title-order: 1;\" class=\"e-active elementor-element elementor-element-ecf6615 e-con-full e-flex e-con e-child\" data-id=\"ecf6615\" data-element_type=\"container\">\n\t\t\t\t<div class=\"elementor-element elementor-element-0d369de elementor-widget-tablet__width-initial elementor-widget elementor-widget-text-editor\" data-id=\"0d369de\" data-element_type=\"widget\" data-widget_type=\"text-editor.default\">\n\t\t\t\t<div class=\"elementor-widget-container\">\n\t\t\t\t\t\t\t\t\t<p>Amarenata<\/p><p>Bacio di Torino<\/p><p>Baileys<\/p><p>Banana<\/p><p>Cacao Olandese<\/p><p>Caff\u00e9<\/p><p>Caramello<\/p><p>Cioccolato al Latte<\/p><p>Cioccolato Bianco<\/p><p>Cioccolato BonBon<\/p><p>Cioccolato Extra Dark Vegano<\/p><p>Cocco<br \/>0% Zuccheri Aggiunti<\/p><p>Cocco<\/p><p>Cocco Vegano<\/p><p>Cacahuete con Chips de Chocolate<\/p><p>Cioccolato Venezuela<\/p><p>Crema Catalana<\/p><p>Dietetico di Cacao<\/p><p>Dulce de Leche Argentino<\/p><p>Fior di Latte<\/p><p>Fragola<\/p><p>Frutti di Bosco<\/p><p>Gianduia<\/p><p>Latte di Cocco<\/p><p>Lampone<\/p><p>Leche Merengada<\/p><p>Limone <br \/>0% Zuccheri Aggiunti<\/p><p>Limone Siciliano<\/p><p>M\u00e0laga con Pasas<\/p><p>Mandarino Siciliano<\/p><p>Mango Alphonso<\/p><p>Maracuy\u00e1<\/p><p>Mascarpone<\/p><p>Melone Galia<\/p><p>Menta e Cioccolato<\/p><p>Nocciola Piemonte<\/p><p>Nocciola Cacao<\/p><p>Nocciola Vegana<\/p><p>Pi\u00f1a Colada<\/p><p>Pistacchio Extra<\/p><p>Pistacchio Vegano<\/p><p>Stracciatella<\/p><p>Taormina<\/p><p>Turron Extra<\/p><p>Vaniglia <br \/>0% Zuccheri Aggiunti<\/p><p>Vaniglia Antica<\/p><p>Vaniglia Bourbon<\/p><p>Vaniglia e Noci di Macadamia<\/p><p>Yogurt Frutti Bosco<\/p><p>Yogurt Mango<\/p><p>Yogurt Naturale<\/p>\t\t\t\t\t\t\t\t<\/div>\n\t\t\t\t<\/div>\n\t\t\t\t<\/div>\n\t\t<div id=\"e-n-tab-content-1157058562\" role=\"tabpanel\" aria-labelledby=\"e-n-tab-title-1157058562\" data-tab-index=\"2\" style=\"--n-tabs-title-order: 2;\" class=\" elementor-element elementor-element-81be915 e-con-full e-flex e-con e-child\" data-id=\"81be915\" data-element_type=\"container\">\n\t\t\t\t<div class=\"elementor-element elementor-element-51d35a4 elementor-widget-tablet__width-initial elementor-widget elementor-widget-text-editor\" data-id=\"51d35a4\" data-element_type=\"widget\" data-widget_type=\"text-editor.default\">\n\t\t\t\t<div class=\"elementor-widget-container\">\n\t\t\t\t\t\t\t\t\t<p>Banana<\/p><p>Cioccolato Extra Dark Vegano<\/p><p>Cocco Vegano<\/p><p>Fragola<\/p><p>Frutti di Bosco<\/p><p>Lampone<\/p><p>Limone Siciliano<\/p><p>Mandarino Siciliano<\/p><p>Mango Alphonso<\/p><p>Maracuy\u00e1<\/p><p>Melone Galia<\/p><p>Pistacchio Vegano<\/p>\t\t\t\t\t\t\t\t<\/div>\n\t\t\t\t<\/div>\n\t\t\t\t<\/div>\n\t\t<div id=\"e-n-tab-content-1157058563\" role=\"tabpanel\" aria-labelledby=\"e-n-tab-title-1157058563\" data-tab-index=\"3\" style=\"--n-tabs-title-order: 3;\" class=\" elementor-element elementor-element-e40e281 e-con-full e-flex e-con e-child\" data-id=\"e40e281\" data-element_type=\"container\">\n\t\t\t\t<div class=\"elementor-element elementor-element-66c23cd elementor-widget elementor-widget-text-editor\" data-id=\"66c23cd\" data-element_type=\"widget\" data-widget_type=\"text-editor.default\">\n\t\t\t\t<div class=\"elementor-widget-container\">\n\t\t\t\t\t\t\t\t\t<p>Amarenata<\/p><p>Bacio di Torino<\/p><p>Baileys<\/p><p>Cacao Olandese<\/p><p>Caff\u00e9<\/p><p>Caramello<\/p><p>Cioccolato al Latte<\/p><p>Cioccolato Bianco<\/p><p>Cioccolato BonBon<\/p><p>Cioccolato Extra Dark Vegano<\/p><p>Cocco<\/p><p>Cacahuete con Chips de Chocolate<\/p><p>Cioccolato Venezuela<\/p><p>Crema Catalana<\/p><p>Dietetico di Cacao<\/p><p>Dulce de Leche Argentino<\/p><p>Fior di Latte<\/p><p>Gianduia<\/p><p>Latte di Cocco<\/p><p>Leche Merengada<\/p><p>M\u00e0laga con Pasas<\/p><p>Mascarpone<\/p><p>Nocciola Piemonte<\/p><p>Nocciola Cacao<\/p><p>Nocciola Vegana<\/p><p>Pi\u00f1a Colada<\/p><p>Pistacchio Extra<\/p><p>Pistacchio Vegano<\/p><p>Stracciatella<\/p><p>Taormina<\/p><p>Turron Extra<\/p><p>Vaniglia 0% Zuccheri Aggiunti<\/p><p>Vaniglia Antica<\/p><p>Vaniglia Bourbon<\/p><p>Vaniglia e Noci di Macadamia<\/p><p>Yogurt Frutti Bosco<\/p><p>Yogurt Mango<\/p><p>Yogurt Naturale<\/p>\t\t\t\t\t\t\t\t<\/div>\n\t\t\t\t<\/div>\n\t\t\t\t<\/div>\n\t\t<div id=\"e-n-tab-content-1157058564\" role=\"tabpanel\" aria-labelledby=\"e-n-tab-title-1157058564\" data-tab-index=\"4\" style=\"--n-tabs-title-order: 4;\" class=\" elementor-element elementor-element-d0981f1 e-flex e-con-boxed e-con e-child\" data-id=\"d0981f1\" data-element_type=\"container\">\n\t\t\t\t\t<div class=\"e-con-inner\">\n\t\t\t\t<div class=\"elementor-element elementor-element-7a1ab5a elementor-widget elementor-widget-text-editor\" data-id=\"7a1ab5a\" data-element_type=\"widget\" data-widget_type=\"text-editor.default\">\n\t\t\t\t<div class=\"elementor-widget-container\">\n\t\t\t\t\t\t\t\t\t<p>Banana<\/p><p>Cocco Vegano<\/p><p>Fragola<\/p><p>Frutti di Bosco<\/p><p>Lampone<\/p><p>Limone Siciliano<\/p><p>Mandarino Siciliano<\/p><p>Mango Alphonso<\/p><p>Maracuy\u00e1<\/p><p>Melone Galia<\/p><p>Menta e Cioccolato<\/p>\t\t\t\t\t\t\t\t<\/div>\n\t\t\t\t<\/div>\n\t\t\t\t\t<\/div>\n\t\t\t\t<\/div>\n\t\t<div id=\"e-n-tab-content-1157058565\" role=\"tabpanel\" aria-labelledby=\"e-n-tab-title-1157058565\" data-tab-index=\"5\" style=\"--n-tabs-title-order: 5;\" class=\" elementor-element elementor-element-499790d e-flex e-con-boxed e-con e-child\" data-id=\"499790d\" data-element_type=\"container\">\n\t\t\t\t\t<div class=\"e-con-inner\">\n\t\t\t\t<div class=\"elementor-element elementor-element-6b2c692 elementor-widget__width-initial elementor-widget elementor-widget-text-editor\" data-id=\"6b2c692\" data-element_type=\"widget\" data-widget_type=\"text-editor.default\">\n\t\t\t\t<div class=\"elementor-widget-container\">\n\t\t\t\t\t\t\t\t\t<p>Bacio di Torino<\/p><p>Cacao Olandese<\/p><p>Cioccolato al Latte<\/p><p>Cioccolato Blanco<\/p><p>Cioccolato BonBon<\/p><p>Cioccolato Extra Dark Vegano<\/p><p>Cioccolato Venezuela<\/p><p>Dietetico di Cacao<\/p><p>Gianduia<\/p><p>Nocciola Cacao<\/p>\t\t\t\t\t\t\t\t<\/div>\n\t\t\t\t<\/div>\n\t\t\t\t\t<\/div>\n\t\t\t\t<\/div>\n\t\t<div id=\"e-n-tab-content-1157058566\" role=\"tabpanel\" aria-labelledby=\"e-n-tab-title-1157058566\" data-tab-index=\"6\" style=\"--n-tabs-title-order: 6;\" class=\" elementor-element elementor-element-cf2da95 e-flex e-con-boxed e-con e-child\" data-id=\"cf2da95\" data-element_type=\"container\">\n\t\t\t\t\t<div class=\"e-con-inner\">\n\t\t\t\t<div class=\"elementor-element elementor-element-1264e0a elementor-widget__width-initial elementor-widget-tablet__width-initial elementor-widget-mobile__width-initial elementor-widget elementor-widget-text-editor\" data-id=\"1264e0a\" data-element_type=\"widget\" data-widget_type=\"text-editor.default\">\n\t\t\t\t<div class=\"elementor-widget-container\">\n\t\t\t\t\t\t\t\t\t<p>Cocco 0% Zuccheri Aggiunti<\/p><p>Dietetico di Cacao<\/p><p>Limone 0% Zuccheri Aggiunti<\/p><p>Vaniglia 0% Zuccheri Aggiunti<\/p>\t\t\t\t\t\t\t\t<\/div>\n\t\t\t\t<\/div>\n\t\t\t\t\t<\/div>\n\t\t\t\t<\/div>\n\t\t<div id=\"e-n-tab-content-1157058567\" role=\"tabpanel\" aria-labelledby=\"e-n-tab-title-1157058567\" data-tab-index=\"7\" style=\"--n-tabs-title-order: 7;\" class=\" elementor-element elementor-element-83174ba e-flex e-con-boxed e-con e-child\" data-id=\"83174ba\" data-element_type=\"container\">\n\t\t\t\t\t<div class=\"e-con-inner\">\n\t\t\t\t<div class=\"elementor-element elementor-element-9255632 elementor-widget elementor-widget-text-editor\" data-id=\"9255632\" data-element_type=\"widget\" data-widget_type=\"text-editor.default\">\n\t\t\t\t<div class=\"elementor-widget-container\">\n\t\t\t\t\t\t\t\t\t<p>Banana<\/p><p>Cioccolato Extra Dark Vegano<\/p><p>Cocco Vegano<\/p><p>Fragola<\/p><p>Frutti di Bosco<\/p><p>Lampone<\/p><p>Limone Siciliano<\/p><p>Mandarino Siciliano<\/p><p>Mango Alphonso<\/p><p>Maracuy\u00e1<\/p><p>Melone Galia<\/p>\t\t\t\t\t\t\t\t<\/div>\n\t\t\t\t<\/div>\n\t\t\t\t\t<\/div>\n\t\t\t\t<\/div>\n\t\t<div id=\"e-n-tab-content-1157058568\" role=\"tabpanel\" aria-labelledby=\"e-n-tab-title-1157058568\" data-tab-index=\"8\" style=\"--n-tabs-title-order: 8;\" class=\" elementor-element elementor-element-9145caf e-flex e-con-boxed e-con e-child\" data-id=\"9145caf\" data-element_type=\"container\">\n\t\t\t\t\t<div class=\"e-con-inner\">\n\t\t\t\t<div class=\"elementor-element elementor-element-1648851 elementor-widget elementor-widget-text-editor\" data-id=\"1648851\" data-element_type=\"widget\" data-widget_type=\"text-editor.default\">\n\t\t\t\t<div class=\"elementor-widget-container\">\n\t\t\t\t\t\t\t\t\t<p>Amarenata<\/p><p>Baileys<\/p><p>Banana<\/p><p>Caff\u00e9<\/p><p>Caramello<\/p><p>Cioccolato Extra Dark Vegano<\/p><p>Cocco<\/p><p>Cocco 0% Zuccheri Aggiunti<\/p><p>Cocco Vegano<\/p><p>Crema Catalana<\/p><p>Dulce de Leche Argentino<\/p><p>Fior di Latte<\/p><p>Fragola<\/p><p>Frutti di Bosco<\/p><p>Latte di Cocco<\/p><p>Lampone<\/p><p>Leche Merengada<\/p><p>Limone 0% Zuccheri Aggiunti<\/p><p>Limone Siciliano<\/p><p>M\u00e0laga con Pasas<\/p><p>Mandarino Siciliano<\/p><p>Mango Alphonso<\/p><p>Maracuy\u00e1<\/p><p>Mascarpone<\/p><p>Melone Galia<\/p><p>Pi\u00f1a Colada<\/p><p>Vaniglia 0% Zucceri Aggiunti<\/p><p>Vaniglia Antica<\/p><p>Vaniglia Bourbon<\/p><p>Yogurt Frutti Bosco<\/p><p>Yogurt Mango<\/p><p>Yogurt Naturale<\/p>\t\t\t\t\t\t\t\t<\/div>\n\t\t\t\t<\/div>\n\t\t\t\t\t<\/div>\n\t\t\t\t<\/div>\n\t\t<div id=\"e-n-tab-content-1157058569\" role=\"tabpanel\" aria-labelledby=\"e-n-tab-title-1157058569\" data-tab-index=\"9\" style=\"--n-tabs-title-order: 9;\" class=\" elementor-element elementor-element-9840c38 e-flex e-con-boxed e-con e-child\" data-id=\"9840c38\" data-element_type=\"container\">\n\t\t\t\t\t<div class=\"e-con-inner\">\n\t\t\t\t<div class=\"elementor-element elementor-element-ad920dc elementor-widget elementor-widget-text-editor\" data-id=\"ad920dc\" data-element_type=\"widget\" data-widget_type=\"text-editor.default\">\n\t\t\t\t<div class=\"elementor-widget-container\">\n\t\t\t\t\t\t\t\t\t<p>Amarenata<\/p><p>Bacio di Torino<\/p><p>Baileys<\/p><p>Banabe<\/p><p>Cacao Hollandais<\/p><p>Caff\u00e8<\/p><p>Caramel<\/p><p>Chocolat au Lait<\/p><p>Chocolat Blanc<\/p><p>Chocolat BonBon<\/p><p>Chocolat Extra Noir Vengan<\/p><p>Noix de Coco<\/p><p>Cocco 0% de sucres ajou\u00e9s<\/p><p>Noix de Coco Vega<\/p><p>Cacahu\u00e8te avex Pepites de Chocolat<\/p><p>Chocolat Venezuela<\/p><p>Cr\u00e8me Catalane<\/p><p>Di\u00e9ti\u00e9tique au Cacao<\/p><p>Dulce de Leche Argentin<\/p><p>Fior di Latte<\/p><p>Fraise<\/p><p>Fraise des Bois<\/p><p>Gianduia<\/p><p>Lait di Cocco<\/p><p>Framboise<\/p><p>Lait Meringu\u00e9<\/p><p>Citron 0 % de sucres ajout\u00e9s<\/p><p>Citron Sicilien<\/p><p>M\u00e1laga aux Raisins<\/p><p>Mandarine Sicilienne<\/p><p>Mangue Alphonso<\/p><p>Fruit de la Passion<\/p><p>Mascarpone<\/p><p>Melon Galia<\/p><p>Menthe &amp; Chocolat<\/p><p>Noisette du Pi\u00e9mont<\/p><p>Noisette &amp; Cacao<\/p><p>Noisette Vegan<\/p><p>Pi\u00f1a Colada<\/p><p>Pistache Extra<\/p><p>Pistache Vegan<\/p><p>Stracciatella<\/p><p>Taormina<\/p><p>Nougat Extra<\/p><p>Vanille 0 % de sucres ajout\u00e9s<\/p><p>Vanille Antique<\/p><p>Vanille Bourbon<\/p><p>Vanille &amp; Noix de Macadamia<\/p><p>Yaourt Fruits des Bois<\/p><p>Yaourt Mangue<\/p><p><br \/>Yaourt Nature<\/p>\t\t\t\t\t\t\t\t<\/div>\n\t\t\t\t<\/div>\n\t\t\t\t\t<\/div>\n\t\t\t\t<\/div>\n\t\t\t\t\t<\/div>\n\t\t<\/div>\n\t\t\t\t\t\t<\/div>\n\t\t\t\t<\/div>\n\t\t\t\t\t<\/div>\n\t\t\t\t<\/div>\n\t\t\t\t<\/div>\n\t\t","protected":false},"excerpt":{"rendered":"<p>TOUS LES SAVEURS V\u00c9GANS CR\u00c8MES SORBET CHOCOLATS DI\u00c9T\u00c9TIQUES SANS LACTOSA SANS FRUITS \u00c0 COQUE SANS GLUTEN Amarenata Bacio di Torino Baileys Banana Cacao Olandese Caff\u00e9 Caramello Cioccolato al Latte Cioccolato Bianco Cioccolato BonBon Cioccolato Extra Dark Vegano Cocco0% Zuccheri Aggiunti Cocco Cocco Vegano Cacahuete con Chips de Chocolate Cioccolato Venezuela Crema Catalana Dietetico di Cacao [&hellip;]<\/p>\n","protected":false},"author":1,"featured_media":0,"parent":7215,"menu_order":0,"comment_status":"closed","ping_status":"closed","template":"","meta":{"footnotes":""},"class_list":["post-7226","page","type-page","status-publish","hentry"],"_links":{"self":[{"href":"https:\/\/gelatidino.com\/fr\/wp-json\/wp\/v2\/pages\/7226","targetHints":{"allow":["GET"]}}],"collection":[{"href":"https:\/\/gelatidino.com\/fr\/wp-json\/wp\/v2\/pages"}],"about":[{"href":"https:\/\/gelatidino.com\/fr\/wp-json\/wp\/v2\/types\/page"}],"author":[{"embeddable":true,"href":"https:\/\/gelatidino.com\/fr\/wp-json\/wp\/v2\/users\/1"}],"replies":[{"embeddable":true,"href":"https:\/\/gelatidino.com\/fr\/wp-json\/wp\/v2\/comments?post=7226"}],"version-history":[{"count":7,"href":"https:\/\/gelatidino.com\/fr\/wp-json\/wp\/v2\/pages\/7226\/revisions"}],"predecessor-version":[{"id":7481,"href":"https:\/\/gelatidino.com\/fr\/wp-json\/wp\/v2\/pages\/7226\/revisions\/7481"}],"up":[{"embeddable":true,"href":"https:\/\/gelatidino.com\/fr\/wp-json\/wp\/v2\/pages\/7215"}],"wp:attachment":[{"href":"https:\/\/gelatidino.com\/fr\/wp-json\/wp\/v2\/media?parent=7226"}],"curies":[{"name":"wp","href":"https:\/\/api.w.org\/{rel}","templated":true}]}}