{"id":7210,"date":"2023-08-13T12:30:13","date_gmt":"2023-08-13T10:30:13","guid":{"rendered":"https:\/\/gelatidino.com\/politique-de-confidentialite\/"},"modified":"2025-12-02T11:12:58","modified_gmt":"2025-12-02T09:12:58","slug":"politique-de-confidentialite","status":"publish","type":"page","link":"https:\/\/gelatidino.com\/fr\/politique-de-confidentialite\/","title":{"rendered":"Politique de confidentialit\u00e9"},"content":{"rendered":"\t\t<div data-elementor-type=\"wp-page\" data-elementor-id=\"7210\" class=\"elementor elementor-7210 elementor-1256\" data-elementor-post-type=\"page\">\n\t\t\t\t<div class=\"elementor-element elementor-element-3fa4e5f e-flex e-con-boxed e-con e-parent\" data-id=\"3fa4e5f\" data-element_type=\"container\" data-settings=\"{&quot;background_background&quot;:&quot;classic&quot;,&quot;shape_divider_bottom&quot;:&quot;curve-asymmetrical&quot;,&quot;shape_divider_bottom_negative&quot;:&quot;yes&quot;}\">\n\t\t\t\t\t<div class=\"e-con-inner\">\n\t\t\t\t<div class=\"elementor-shape elementor-shape-bottom\" aria-hidden=\"true\" data-negative=\"true\">\n\t\t\t<svg xmlns=\"http:\/\/www.w3.org\/2000\/svg\" viewBox=\"0 0 1000 100\" preserveAspectRatio=\"none\">\n\t<path class=\"elementor-shape-fill\" d=\"M615.2,96.7C240.2,97.8,0,18.9,0,0v100h1000V0C1000,19.2,989.8,96,615.2,96.7z\"\/>\n<\/svg>\t\t<\/div>\n\t\t\t\t\t<\/div>\n\t\t\t\t<\/div>\n\t\t<div class=\"elementor-element elementor-element-94b5ab6 e-flex e-con-boxed e-con e-parent\" data-id=\"94b5ab6\" data-element_type=\"container\">\n\t\t\t\t\t<div class=\"e-con-inner\">\n\t\t<div class=\"elementor-element elementor-element-072d9fd e-con-full e-flex e-con e-child\" data-id=\"072d9fd\" data-element_type=\"container\">\n\t\t<div class=\"elementor-element elementor-element-c2ef267 e-con-full e-flex e-con e-child\" data-id=\"c2ef267\" data-element_type=\"container\" data-settings=\"{&quot;background_background&quot;:&quot;classic&quot;}\">\n\t\t<div class=\"elementor-element elementor-element-d1b5a95 e-con-full e-flex e-con e-child\" data-id=\"d1b5a95\" data-element_type=\"container\">\n\t\t\t\t<div class=\"elementor-element elementor-element-58b4f5e elementor-widget elementor-widget-heading\" data-id=\"58b4f5e\" data-element_type=\"widget\" data-widget_type=\"heading.default\">\n\t\t\t\t<div class=\"elementor-widget-container\">\n\t\t\t\t\t<h2 class=\"elementor-heading-title elementor-size-default\">POLITIQUE DE CONFIDENTIALIT\u00c9<\/h2>\t\t\t\t<\/div>\n\t\t\t\t<\/div>\n\t\t\t\t<div class=\"elementor-element elementor-element-391733c elementor-widget-divider--view-line elementor-widget elementor-widget-divider\" data-id=\"391733c\" data-element_type=\"widget\" data-widget_type=\"divider.default\">\n\t\t\t\t<div class=\"elementor-widget-container\">\n\t\t\t\t\t\t\t<div class=\"elementor-divider\">\n\t\t\t<span class=\"elementor-divider-separator\">\n\t\t\t\t\t\t<\/span>\n\t\t<\/div>\n\t\t\t\t\t\t<\/div>\n\t\t\t\t<\/div>\n\t\t\t\t<\/div>\n\t\t\t\t<div class=\"elementor-element elementor-element-44586c3 elementor-widget elementor-widget-text-editor\" data-id=\"44586c3\" data-element_type=\"widget\" data-widget_type=\"text-editor.default\">\n\t\t\t\t<div class=\"elementor-widget-container\">\n\t\t\t\t\t\t\t\t\t<p>INFORMATIONS D\u00c9TAILL\u00c9ES SUR LA PROTECTION DES DONN\u00c9ES ET CONSENTEMENT EXPLICITE AU TRAITEMENT DE CAT\u00c9GORIES SP\u00c9CIALES DE DONN\u00c9ES<\/p><p>Conform\u00e9ment \u00e0 l\u2019obligation pr\u00e9vue \u00e0 l\u2019article 13 du R\u00e8glement (UE) 2016\/679 du 27 avril relatif \u00e0 la protection des personnes physiques \u00e0 l\u2019\u00e9gard du traitement des donn\u00e9es personnelles et \u00e0 la libre circulation de ces donn\u00e9es, ci-apr\u00e8s le R\u00e8glement Europ\u00e9en sur la Protection des Donn\u00e9es, nous vous informons de ce qui suit :<\/p>\t\t\t\t\t\t\t\t<\/div>\n\t\t\t\t<\/div>\n\t\t\t\t<div class=\"elementor-element elementor-element-1f3219f elementor-widget elementor-widget-heading\" data-id=\"1f3219f\" data-element_type=\"widget\" data-widget_type=\"heading.default\">\n\t\t\t\t<div class=\"elementor-widget-container\">\n\t\t\t\t\t<p class=\"elementor-heading-title elementor-size-default\">1.- DONN\u00c9ES DU RESPONSABLE<\/p>\t\t\t\t<\/div>\n\t\t\t\t<\/div>\n\t\t\t\t<div class=\"elementor-element elementor-element-7a23c61 elementor-widget elementor-widget-text-editor\" data-id=\"7a23c61\" data-element_type=\"widget\" data-widget_type=\"text-editor.default\">\n\t\t\t\t<div class=\"elementor-widget-container\">\n\t\t\t\t\t\t\t\t\t<p>Identit\u00e9 du responsable du traitement : EMPURIA GEL SL, avec NIF B17412552<br \/>Coordonn\u00e9es du responsable : Adresse Calle SECTOR AEROCLUB, N.9, Castell\u00f3 d\u2019Emp\u00faries, 17487 GIRONA<br \/>T\u00e9l\u00e9phone : 972450074<br \/>Email : info@gelatidino.com<\/p>\t\t\t\t\t\t\t\t<\/div>\n\t\t\t\t<\/div>\n\t\t\t\t<div class=\"elementor-element elementor-element-50f7ab2 elementor-widget elementor-widget-heading\" data-id=\"50f7ab2\" data-element_type=\"widget\" data-widget_type=\"heading.default\">\n\t\t\t\t<div class=\"elementor-widget-container\">\n\t\t\t\t\t<p class=\"elementor-heading-title elementor-size-default\">2.- FINALIT\u00c9 DU TRAITEMENT\n\n<\/p>\t\t\t\t<\/div>\n\t\t\t\t<\/div>\n\t\t\t\t<div class=\"elementor-element elementor-element-9f38997 elementor-widget elementor-widget-text-editor\" data-id=\"9f38997\" data-element_type=\"widget\" data-widget_type=\"text-editor.default\">\n\t\t\t\t<div class=\"elementor-widget-container\">\n\t\t\t\t\t\t\t\t\t<p>2.1 La collecte et le traitement des donn\u00e9es personnelles de la personne concern\u00e9e ont pour finalit\u00e9 : La gestion administrative des donn\u00e9es, incluant l\u2019\u00e9mission de factures, bons de livraison et commandes, ainsi que l\u2019envoi de communications consid\u00e9r\u00e9es comme pouvant \u00eatre d\u2019int\u00e9r\u00eat pour la personne concern\u00e9e et toujours li\u00e9es \u00e0 l\u2019objet de notre relation commerciale.<\/p><p>2.2 Si vous participez \u00e0 l\u2019un de nos tirages au sort, vos donn\u00e9es seront trait\u00e9es pour g\u00e9rer les r\u00e9ponses fournies dans les formulaires de participation et la gestion de votre participation \u00e0 ces tirages.<\/p>\t\t\t\t\t\t\t\t<\/div>\n\t\t\t\t<\/div>\n\t\t\t\t<div class=\"elementor-element elementor-element-6057739 elementor-widget elementor-widget-heading\" data-id=\"6057739\" data-element_type=\"widget\" data-widget_type=\"heading.default\">\n\t\t\t\t<div class=\"elementor-widget-container\">\n\t\t\t\t\t<p class=\"elementor-heading-title elementor-size-default\">3.- BASE JURIDIQUE<\/p>\t\t\t\t<\/div>\n\t\t\t\t<\/div>\n\t\t\t\t<div class=\"elementor-element elementor-element-adbb469 elementor-widget elementor-widget-text-editor\" data-id=\"adbb469\" data-element_type=\"widget\" data-widget_type=\"text-editor.default\">\n\t\t\t\t<div class=\"elementor-widget-container\">\n\t\t\t\t\t\t\t\t\t<p>Base juridique du traitement :<br \/>Conform\u00e9ment \u00e0 l\u2019article 13 du R\u00e8glement Europ\u00e9en sur la Protection des Donn\u00e9es, la base juridique pour le traitement des donn\u00e9es est la suivante :<\/p><p>&#8211; Consentement de la personne concern\u00e9e<br \/>&#8211; Traitement n\u00e9cessaire \u00e0 l\u2019ex\u00e9cution d\u2019un contrat auquel la personne concern\u00e9e est partie<br \/>&#8211; Traitement n\u00e9cessaire pour respecter une obligation l\u00e9gale applicable au responsable du traitement (facturation)<\/p><p>Obligation de fournir les donn\u00e9es et cons\u00e9quences de ne pas les communiquer :<br \/>La communication des donn\u00e9es personnelles demand\u00e9es est indispensable pour g\u00e9rer la partie administrative de notre relation commerciale et pour recevoir des informations relatives \u00e0 nos produits et\/ou services.<\/p>\t\t\t\t\t\t\t\t<\/div>\n\t\t\t\t<\/div>\n\t\t\t\t<div class=\"elementor-element elementor-element-8cdb451 elementor-widget elementor-widget-heading\" data-id=\"8cdb451\" data-element_type=\"widget\" data-widget_type=\"heading.default\">\n\t\t\t\t<div class=\"elementor-widget-container\">\n\t\t\t\t\t<p class=\"elementor-heading-title elementor-size-default\">4.- DESTINATAIRES\n\n\n<\/p>\t\t\t\t<\/div>\n\t\t\t\t<\/div>\n\t\t\t\t<div class=\"elementor-element elementor-element-4a82dc2 elementor-widget elementor-widget-text-editor\" data-id=\"4a82dc2\" data-element_type=\"widget\" data-widget_type=\"text-editor.default\">\n\t\t\t\t<div class=\"elementor-widget-container\">\n\t\t\t\t\t\t\t\t\t<p>Aucune donn\u00e9e ne sera transmise \u00e0 des tiers, sauf en cas d\u2019obligation l\u00e9gale. Aucun transfert international de donn\u00e9es n\u2019est pr\u00e9vu.<\/p>\t\t\t\t\t\t\t\t<\/div>\n\t\t\t\t<\/div>\n\t\t\t\t<div class=\"elementor-element elementor-element-87c640e elementor-widget elementor-widget-heading\" data-id=\"87c640e\" data-element_type=\"widget\" data-widget_type=\"heading.default\">\n\t\t\t\t<div class=\"elementor-widget-container\">\n\t\t\t\t\t<p class=\"elementor-heading-title elementor-size-default\">5.- DROITS\n\n\n\n<\/p>\t\t\t\t<\/div>\n\t\t\t\t<\/div>\n\t\t\t\t<div class=\"elementor-element elementor-element-67be965 elementor-widget elementor-widget-text-editor\" data-id=\"67be965\" data-element_type=\"widget\" data-widget_type=\"text-editor.default\">\n\t\t\t\t<div class=\"elementor-widget-container\">\n\t\t\t\t\t\t\t\t\t<p>Vous disposez d&rsquo;un droit d&rsquo;acc\u00e8s, de rectification et de suppression de vos donn\u00e9es, ainsi que d&rsquo;autres droits, comme expliqu\u00e9 dans les informations compl\u00e9mentaires.<\/p><p>Conform\u00e9ment aux articles 15 \u00e0 22 du R\u00e8glement Europ\u00e9en sur la Protection des Donn\u00e9es, vous pouvez exercer vos droits d\u2019acc\u00e8s, de rectification, de suppression, de limitation du traitement, de portabilit\u00e9, d\u2019opposition et de ne pas faire l\u2019objet de d\u00e9cisions automatis\u00e9es individualis\u00e9es, y compris le profilage, \u00e0 tout moment en envoyant une demande \u00e9crite par courrier postal ou \u00e9lectronique \u00e0 info@gelatidino.com.<\/p><p>Vous avez \u00e9galement le droit de retirer \u00e0 tout moment le consentement donn\u00e9 pr\u00e9c\u00e9demment pour le traitement de vos donn\u00e9es personnelles.<\/p><p>Enfin, vous avez le droit de d\u00e9poser une plainte aupr\u00e8s de l\u2019autorit\u00e9 de contr\u00f4le comp\u00e9tente en mati\u00e8re de protection des donn\u00e9es si vous estimez que nous avons viol\u00e9 l\u2019un de vos droits reconnus par le R\u00e8glement sur la Protection des Donn\u00e9es ou sa r\u00e9glementation de mise en \u0153uvre.<\/p>\t\t\t\t\t\t\t\t<\/div>\n\t\t\t\t<\/div>\n\t\t\t\t<div class=\"elementor-element elementor-element-a19d77d elementor-widget elementor-widget-heading\" data-id=\"a19d77d\" data-element_type=\"widget\" data-widget_type=\"heading.default\">\n\t\t\t\t<div class=\"elementor-widget-container\">\n\t\t\t\t\t<p class=\"elementor-heading-title elementor-size-default\">6.- ORIGINE DES DONN\u00c9ES\n\n\n\n\n<\/p>\t\t\t\t<\/div>\n\t\t\t\t<\/div>\n\t\t\t\t<div class=\"elementor-element elementor-element-4470dc3 elementor-widget elementor-widget-text-editor\" data-id=\"4470dc3\" data-element_type=\"widget\" data-widget_type=\"text-editor.default\">\n\t\t\t\t<div class=\"elementor-widget-container\">\n\t\t\t\t\t\t\t\t\t<p>Vos donn\u00e9es personnelles nous ont \u00e9t\u00e9 fournies directement par vous ou via un de nos prestataires.<\/p><p>Cat\u00e9gories de donn\u00e9es trait\u00e9es :<br \/>Nom \/ pr\u00e9nom \/ NIF \/ adresse postale et\/ou \u00e9lectronique<br \/>Num\u00e9ro de compte bancaire<br \/>Adresse IP<\/p><p>Le consentement que vous donnez ici est uniquement destin\u00e9 aux finalit\u00e9s d\u00e9crites dans les informations contenues dans ce document et dans les conditions d\u2019utilisation, de communication et de conservation qui y sont d\u00e9velopp\u00e9es.<\/p>\t\t\t\t\t\t\t\t<\/div>\n\t\t\t\t<\/div>\n\t\t\t\t<\/div>\n\t\t\t\t<\/div>\n\t\t\t\t\t<\/div>\n\t\t\t\t<\/div>\n\t\t\t\t<\/div>\n\t\t","protected":false},"excerpt":{"rendered":"<p>POLITIQUE DE CONFIDENTIALIT\u00c9 INFORMATIONS D\u00c9TAILL\u00c9ES SUR LA PROTECTION DES DONN\u00c9ES ET CONSENTEMENT EXPLICITE AU TRAITEMENT DE CAT\u00c9GORIES SP\u00c9CIALES DE DONN\u00c9ES Conform\u00e9ment \u00e0 l\u2019obligation pr\u00e9vue \u00e0 l\u2019article 13 du R\u00e8glement (UE) 2016\/679 du 27 avril relatif \u00e0 la protection des personnes physiques \u00e0 l\u2019\u00e9gard du traitement des donn\u00e9es personnelles et \u00e0 la libre circulation de ces [&hellip;]<\/p>\n","protected":false},"author":1,"featured_media":0,"parent":0,"menu_order":0,"comment_status":"closed","ping_status":"closed","template":"","meta":{"footnotes":""},"class_list":["post-7210","page","type-page","status-publish","hentry"],"_links":{"self":[{"href":"https:\/\/gelatidino.com\/fr\/wp-json\/wp\/v2\/pages\/7210","targetHints":{"allow":["GET"]}}],"collection":[{"href":"https:\/\/gelatidino.com\/fr\/wp-json\/wp\/v2\/pages"}],"about":[{"href":"https:\/\/gelatidino.com\/fr\/wp-json\/wp\/v2\/types\/page"}],"author":[{"embeddable":true,"href":"https:\/\/gelatidino.com\/fr\/wp-json\/wp\/v2\/users\/1"}],"replies":[{"embeddable":true,"href":"https:\/\/gelatidino.com\/fr\/wp-json\/wp\/v2\/comments?post=7210"}],"version-history":[{"count":7,"href":"https:\/\/gelatidino.com\/fr\/wp-json\/wp\/v2\/pages\/7210\/revisions"}],"predecessor-version":[{"id":7616,"href":"https:\/\/gelatidino.com\/fr\/wp-json\/wp\/v2\/pages\/7210\/revisions\/7616"}],"wp:attachment":[{"href":"https:\/\/gelatidino.com\/fr\/wp-json\/wp\/v2\/media?parent=7210"}],"curies":[{"name":"wp","href":"https:\/\/api.w.org\/{rel}","templated":true}]}}