{"id":7205,"date":"2023-08-13T12:40:43","date_gmt":"2023-08-13T10:40:43","guid":{"rendered":"https:\/\/gelatidino.com\/politique-de-cookies\/"},"modified":"2025-12-02T11:47:44","modified_gmt":"2025-12-02T09:47:44","slug":"politique-de-cookies","status":"publish","type":"page","link":"https:\/\/gelatidino.com\/fr\/politique-de-cookies\/","title":{"rendered":"Politique  de cookies"},"content":{"rendered":"\t\t<div data-elementor-type=\"wp-page\" data-elementor-id=\"7205\" class=\"elementor elementor-7205 elementor-1269\" data-elementor-post-type=\"page\">\n\t\t\t\t<div class=\"elementor-element elementor-element-99ecdd9 e-flex e-con-boxed e-con e-parent\" data-id=\"99ecdd9\" data-element_type=\"container\" data-settings=\"{&quot;background_background&quot;:&quot;classic&quot;,&quot;shape_divider_bottom&quot;:&quot;curve-asymmetrical&quot;,&quot;shape_divider_bottom_negative&quot;:&quot;yes&quot;}\">\n\t\t\t\t\t<div class=\"e-con-inner\">\n\t\t\t\t<div class=\"elementor-shape elementor-shape-bottom\" aria-hidden=\"true\" data-negative=\"true\">\n\t\t\t<svg xmlns=\"http:\/\/www.w3.org\/2000\/svg\" viewBox=\"0 0 1000 100\" preserveAspectRatio=\"none\">\n\t<path class=\"elementor-shape-fill\" d=\"M615.2,96.7C240.2,97.8,0,18.9,0,0v100h1000V0C1000,19.2,989.8,96,615.2,96.7z\"\/>\n<\/svg>\t\t<\/div>\n\t\t\t\t\t<\/div>\n\t\t\t\t<\/div>\n\t\t<div class=\"elementor-element elementor-element-672701c e-flex e-con-boxed e-con e-parent\" data-id=\"672701c\" data-element_type=\"container\">\n\t\t\t\t\t<div class=\"e-con-inner\">\n\t\t<div class=\"elementor-element elementor-element-d101517 e-con-full e-flex e-con e-child\" data-id=\"d101517\" data-element_type=\"container\">\n\t\t<div class=\"elementor-element elementor-element-087bcf3 e-con-full e-flex e-con e-child\" data-id=\"087bcf3\" data-element_type=\"container\" data-settings=\"{&quot;background_background&quot;:&quot;classic&quot;}\">\n\t\t<div class=\"elementor-element elementor-element-703588a e-con-full e-flex e-con e-child\" data-id=\"703588a\" data-element_type=\"container\">\n\t\t\t\t<div class=\"elementor-element elementor-element-cf586cb elementor-widget elementor-widget-heading\" data-id=\"cf586cb\" data-element_type=\"widget\" data-widget_type=\"heading.default\">\n\t\t\t\t<div class=\"elementor-widget-container\">\n\t\t\t\t\t<h2 class=\"elementor-heading-title elementor-size-default\">POLITIQUE DE \"BISCOTTO\"<\/h2>\t\t\t\t<\/div>\n\t\t\t\t<\/div>\n\t\t\t\t<div class=\"elementor-element elementor-element-c6f87b7 elementor-widget-divider--view-line elementor-widget elementor-widget-divider\" data-id=\"c6f87b7\" data-element_type=\"widget\" data-widget_type=\"divider.default\">\n\t\t\t\t<div class=\"elementor-widget-container\">\n\t\t\t\t\t\t\t<div class=\"elementor-divider\">\n\t\t\t<span class=\"elementor-divider-separator\">\n\t\t\t\t\t\t<\/span>\n\t\t<\/div>\n\t\t\t\t\t\t<\/div>\n\t\t\t\t<\/div>\n\t\t\t\t<div class=\"elementor-element elementor-element-12b7ef2 elementor-widget elementor-widget-text-editor\" data-id=\"12b7ef2\" data-element_type=\"widget\" data-widget_type=\"text-editor.default\">\n\t\t\t\t<div class=\"elementor-widget-container\">\n\t\t\t\t\t\t\t\t\t<p>Nous utilisons des cookies sur notre site web afin d\u2019offrir un meilleur service et de te garantir une meilleure exp\u00e9rience de navigation.<br \/>\u00c0 cette fin, nous t\u2019informons ci-dessous, de mani\u00e8re claire et pr\u00e9cise, de ce qu\u2019est un cookie, \u00e0 quoi il sert, quelles sont ses finalit\u00e9s et comment les configurer ou les d\u00e9sactiver si tu le souhaites.<\/p>\t\t\t\t\t\t\t\t<\/div>\n\t\t\t\t<\/div>\n\t\t\t\t<div class=\"elementor-element elementor-element-b43837d elementor-widget elementor-widget-heading\" data-id=\"b43837d\" data-element_type=\"widget\" data-widget_type=\"heading.default\">\n\t\t\t\t<div class=\"elementor-widget-container\">\n\t\t\t\t\t<p class=\"elementor-heading-title elementor-size-default\">1. QU\u2019EST-CE QU\u2019UN COOKIE ?<\/p>\t\t\t\t<\/div>\n\t\t\t\t<\/div>\n\t\t\t\t<div class=\"elementor-element elementor-element-1c58ae7 elementor-widget elementor-widget-text-editor\" data-id=\"1c58ae7\" data-element_type=\"widget\" data-widget_type=\"text-editor.default\">\n\t\t\t\t<div class=\"elementor-widget-container\">\n\t\t\t\t\t\t\t\t\t<p>Un cookie est un fichier qui est enregistr\u00e9 sur l\u2019ordinateur, le smartphone ou tout autre appareil de l\u2019utilisateur contenant des informations sur sa navigation.<\/p><p>L\u2019ensemble des cookies contribue \u00e0 am\u00e9liorer la qualit\u00e9 du site, en permettant de contr\u00f4ler quelles pages sont utiles, lesquelles ne le sont pas et lesquelles peuvent \u00eatre am\u00e9lior\u00e9es.<\/p><p>Les cookies sont essentiels au fonctionnement d\u2019internet et offrent d\u2019innombrables avantages dans la fourniture de services interactifs, facilitant la navigation et l\u2019utilisation de notre site.<\/p><p>En aucun cas les cookies ne sont nuisibles pour les appareils ; au contraire, ils contribuent notamment \u00e0 identifier et r\u00e9soudre les erreurs.<\/p>\t\t\t\t\t\t\t\t<\/div>\n\t\t\t\t<\/div>\n\t\t\t\t<div class=\"elementor-element elementor-element-f281b70 elementor-widget elementor-widget-heading\" data-id=\"f281b70\" data-element_type=\"widget\" data-widget_type=\"heading.default\">\n\t\t\t\t<div class=\"elementor-widget-container\">\n\t\t\t\t\t<p class=\"elementor-heading-title elementor-size-default\">2. QUELS TYPES DE COOKIES EXISTENT ?<\/p>\t\t\t\t<\/div>\n\t\t\t\t<\/div>\n\t\t\t\t<div class=\"elementor-element elementor-element-ccefe21 elementor-widget elementor-widget-text-editor\" data-id=\"ccefe21\" data-element_type=\"widget\" data-widget_type=\"text-editor.default\">\n\t\t\t\t<div class=\"elementor-widget-container\">\n\t\t\t\t\t\t\t\t\t<p style=\"text-align: center;\"><strong>Selon l\u2019entit\u00e9 qui les g\u00e8re :<\/strong><\/p><p>Envoy\u00e9s au terminal de l\u2019utilisateur depuis un domaine g\u00e9r\u00e9 par l\u2019\u00e9diteur, depuis lequel est fourni le service demand\u00e9.<br \/><strong>Cookies tiers :<\/strong> Envoy\u00e9s au terminal de l\u2019utilisateur depuis un domaine g\u00e9r\u00e9 par une autre entit\u00e9 qui traite les donn\u00e9es obtenues (r\u00e9seaux sociaux, moteurs de recherche\u2026).<br \/>Si un cookie est install\u00e9 depuis un domaine de l\u2019\u00e9diteur mais que l\u2019information collect\u00e9e est g\u00e9r\u00e9e par un tiers, il ne sera pas consid\u00e9r\u00e9 comme un cookie propre.<\/p><p style=\"text-align: center;\"><strong>Selon leur dur\u00e9e d\u2019activation :<\/strong><\/p><p><strong>Cookies de session :<\/strong> Con\u00e7us pour collecter et stocker des donn\u00e9es pendant que l\u2019utilisateur acc\u00e8de \u00e0 un site web.<br \/>Ils servent \u00e0 conserver des informations uniquement n\u00e9cessaires pour une session ponctuelle et permettent d\u2019am\u00e9liorer l\u2019exp\u00e9rience utilisateur<\/p><p><strong>Cookies persistants :<\/strong> Les donn\u00e9es restent stock\u00e9es sur le terminal et peuvent \u00eatre consult\u00e9es et trait\u00e9es pendant une p\u00e9riode d\u00e9finie par le responsable du cookie.<\/p><p style=\"text-align: center;\"><strong>Selon leur finalit\u00e9 :<\/strong><\/p><p><strong>Cookies techniques<\/strong> : Ce sont celles qui permettent \u00e0 l\u2019utilisateur de naviguer sur un site web, une plateforme ou une application et d\u2019utiliser les diff\u00e9rentes options ou services qui y sont disponibles, comme par exemple contr\u00f4ler le trafic et la communication des donn\u00e9es, identifier la session ou acc\u00e9der \u00e0 des zones \u00e0 acc\u00e8s restreint.<\/p><p><strong>Cookies de personnalisation :<\/strong> Ce sont celles qui permettent \u00e0 l\u2019utilisateur d\u2019acc\u00e9der au service avec certaines caract\u00e9ristiques g\u00e9n\u00e9rales pr\u00e9d\u00e9finies en fonction de divers crit\u00e8res sur le terminal de l\u2019utilisateur, tels que la langue, le type de navigateur utilis\u00e9 pour acc\u00e9der au service, la configuration r\u00e9gionale depuis laquelle le service est consult\u00e9, etc.<\/p><p><strong>Cookies d\u2019analyse :<\/strong> Ce sont celles qui permettent \u00e0 leur responsable de suivre et d\u2019analyser le comportement des utilisateurs des sites web auxquels elles sont li\u00e9es. Les informations recueillies par ce type de cookies sont utilis\u00e9es pour mesurer l\u2019activit\u00e9 des sites web, applications ou plateformes, ainsi que pour \u00e9laborer des profils de navigation des utilisateurs de ces sites, applications et plateformes, afin d\u2019apporter des am\u00e9liorations en fonction de l\u2019analyse des donn\u00e9es d\u2019utilisation du service.<\/p><p><strong>Cookies de publicit\u00e9:<\/strong> Ce sont celles qui permettent la gestion, de la mani\u00e8re la plus efficace possible, des espaces publicitaires int\u00e9gr\u00e9s dans le site web, l\u2019application ou la plateforme depuis laquelle le service demand\u00e9 est fourni, sur la base de crit\u00e8res tels que le contenu publi\u00e9 ou la fr\u00e9quence d\u2019affichage des annonces.<\/p><p><strong>Cookies de publicit\u00e9 comportementale :<\/strong> Ce sont celles qui permettent la gestion, de la mani\u00e8re la plus efficace possible, des espaces publicitaires inclus sur un site web, une application ou une plateforme depuis laquelle le service demand\u00e9 est fourni.<br \/>Ces cookies stockent des informations sur le comportement des utilisateurs obtenues gr\u00e2ce \u00e0 l\u2019observation continue de leurs habitudes de navigation, ce qui permet d\u2019\u00e9laborer un profil sp\u00e9cifique afin d\u2019afficher de la publicit\u00e9 en fonction de celui-ci.<\/p>\t\t\t\t\t\t\t\t<\/div>\n\t\t\t\t<\/div>\n\t\t\t\t<div class=\"elementor-element elementor-element-daa5495 elementor-widget elementor-widget-heading\" data-id=\"daa5495\" data-element_type=\"widget\" data-widget_type=\"heading.default\">\n\t\t\t\t<div class=\"elementor-widget-container\">\n\t\t\t\t\t<p class=\"elementor-heading-title elementor-size-default\">3. COMMENT POUVEZ-VOUS CONFIGURER OU D\u00c9SACTIVER VOS COOKIES ?<\/p>\t\t\t\t<\/div>\n\t\t\t\t<\/div>\n\t\t\t\t<div class=\"elementor-element elementor-element-7d7bd29 elementor-widget elementor-widget-text-editor\" data-id=\"7d7bd29\" data-element_type=\"widget\" data-widget_type=\"text-editor.default\">\n\t\t\t\t<div class=\"elementor-widget-container\">\n\t\t\t\t\t\t\t\t\t<p>Vous pouvez autoriser, bloquer ou supprimer les cookies install\u00e9s sur votre ordinateur en configurant les options de votre navigateur Internet. Si vous n&rsquo;autorisez pas l&rsquo;installation de cookies, vous risquez de ne pas pouvoir acc\u00e9der \u00e0 certains services et votre exp\u00e9rience sur notre site web pourrait \u00eatre moins satisfaisante.<\/p><p>Vous trouverez ci-dessous la proc\u00e9dure \u00e0 suivre pour configurer ou d\u00e9sactiver les cookies, selon le navigateur utilis\u00e9\u00a0:<\/p>\t\t\t\t\t\t\t\t<\/div>\n\t\t\t\t<\/div>\n\t\t\t\t<div class=\"elementor-element elementor-element-9d3030d elementor-widget elementor-widget-text-editor\" data-id=\"9d3030d\" data-element_type=\"widget\" data-widget_type=\"text-editor.default\">\n\t\t\t\t<div class=\"elementor-widget-container\">\n\t\t\t\t\t\t\t\t\t<p style=\"text-align: center;\"><span style=\"color: #eb0045;\">Internet Explorer:<\/span><br \/><a href=\"http:\/\/windows.microsoft.com\/es-es\/windows-vista\/block-or-allow-cookies\" target=\"_blank\" rel=\"noopener\"><span style=\"color: #000000;\">http:\/\/windows.microsoft.com\/es-es\/windows-vista\/block-or-allow-cookies<\/span><\/a><\/p><p style=\"text-align: center;\"><span style=\"color: #eb0045;\">Firefox<\/span>:<br \/><a href=\"http:\/\/support.mozilla.org\/es\/kb\/habilitar-y-deshabilitar-cookies-que-los-sitios-we\" target=\"_blank\" rel=\"noopener\"><span style=\"color: #000000;\">http:\/\/support.mozilla.org\/es\/kb\/habilitar-y-deshabilitar-cookies-que-los-sitios-we<\/span><\/a><\/p><p style=\"text-align: center;\"><span style=\"color: #eb0045;\">Chrome:<\/span><br \/><a href=\"https:\/\/support.google.com\/accounts\/answer\/61416?hl=es\" target=\"_blank\" rel=\"noopener\"><span style=\"color: #000000;\">https:\/\/support.google.com\/accounts\/answer\/61416?hl=es<\/span><\/a><\/p><p style=\"text-align: center;\"><span style=\"color: #eb0045;\">Safari:<\/span><br \/><span style=\"color: #000000;\"><a style=\"color: #000000;\" href=\"http:\/\/support.apple.com\/kb\/ph5042\" target=\"_blank\" rel=\"noopener\">http:\/\/support.apple.com\/kb\/ph5042<\/a><\/span><\/p><p style=\"text-align: center;\"><span style=\"color: #eb0045;\">Opera:<\/span><br \/><a href=\"http:\/\/help.opera.com\/Linux\/10.60\/es-ES\/cookies.html\" target=\"_blank\" rel=\"noopener\"><span style=\"color: #000000;\">http:\/\/help.opera.com\/Linux\/10.60\/es-ES\/cookies.html<\/span><\/a><\/p><p>En naviguant sur notre site web, vous consentez \u00e0 l\u2019utilisation des cookies mentionn\u00e9s ci-dessus, conform\u00e9ment aux conditions \u00e9nonc\u00e9es dans la pr\u00e9sente politique relative aux cookies.<\/p>\t\t\t\t\t\t\t\t<\/div>\n\t\t\t\t<\/div>\n\t\t\t\t<\/div>\n\t\t\t\t<\/div>\n\t\t\t\t<\/div>\n\t\t\t\t\t<\/div>\n\t\t\t\t<\/div>\n\t\t\t\t<\/div>\n\t\t","protected":false},"excerpt":{"rendered":"<p>POLITIQUE DE \u00ab\u00a0BISCOTTO\u00a0\u00bb Nous utilisons des cookies sur notre site web afin d\u2019offrir un meilleur service et de te garantir une meilleure exp\u00e9rience de navigation.\u00c0 cette fin, nous t\u2019informons ci-dessous, de mani\u00e8re claire et pr\u00e9cise, de ce qu\u2019est un cookie, \u00e0 quoi il sert, quelles sont ses finalit\u00e9s et comment les configurer ou les d\u00e9sactiver [&hellip;]<\/p>\n","protected":false},"author":1,"featured_media":0,"parent":0,"menu_order":0,"comment_status":"closed","ping_status":"closed","template":"elementor_header_footer","meta":{"footnotes":""},"class_list":["post-7205","page","type-page","status-publish","hentry"],"_links":{"self":[{"href":"https:\/\/gelatidino.com\/fr\/wp-json\/wp\/v2\/pages\/7205","targetHints":{"allow":["GET"]}}],"collection":[{"href":"https:\/\/gelatidino.com\/fr\/wp-json\/wp\/v2\/pages"}],"about":[{"href":"https:\/\/gelatidino.com\/fr\/wp-json\/wp\/v2\/types\/page"}],"author":[{"embeddable":true,"href":"https:\/\/gelatidino.com\/fr\/wp-json\/wp\/v2\/users\/1"}],"replies":[{"embeddable":true,"href":"https:\/\/gelatidino.com\/fr\/wp-json\/wp\/v2\/comments?post=7205"}],"version-history":[{"count":7,"href":"https:\/\/gelatidino.com\/fr\/wp-json\/wp\/v2\/pages\/7205\/revisions"}],"predecessor-version":[{"id":7629,"href":"https:\/\/gelatidino.com\/fr\/wp-json\/wp\/v2\/pages\/7205\/revisions\/7629"}],"wp:attachment":[{"href":"https:\/\/gelatidino.com\/fr\/wp-json\/wp\/v2\/media?parent=7205"}],"curies":[{"name":"wp","href":"https:\/\/api.w.org\/{rel}","templated":true}]}}