{"id":7168,"date":"2023-07-01T11:56:25","date_gmt":"2023-07-01T09:56:25","guid":{"rendered":"https:\/\/gelatidino.com\/franchise\/"},"modified":"2025-12-02T10:54:11","modified_gmt":"2025-12-02T08:54:11","slug":"franchise","status":"publish","type":"page","link":"https:\/\/gelatidino.com\/fr\/franchise\/","title":{"rendered":"Franchise"},"content":{"rendered":"\t\t<div data-elementor-type=\"wp-page\" data-elementor-id=\"7168\" class=\"elementor elementor-7168 elementor-208\" data-elementor-post-type=\"page\">\n\t\t\t\t<div class=\"elementor-element elementor-element-56bc9d7 e-flex e-con-boxed elementor-invisible e-con e-parent\" data-id=\"56bc9d7\" data-element_type=\"container\" data-settings=\"{&quot;background_background&quot;:&quot;classic&quot;,&quot;shape_divider_bottom&quot;:&quot;curve-asymmetrical&quot;,&quot;shape_divider_bottom_negative&quot;:&quot;yes&quot;,&quot;animation&quot;:&quot;fadeIn&quot;}\">\n\t\t\t\t\t<div class=\"e-con-inner\">\n\t\t\t\t<div class=\"elementor-shape elementor-shape-bottom\" aria-hidden=\"true\" data-negative=\"true\">\n\t\t\t<svg xmlns=\"http:\/\/www.w3.org\/2000\/svg\" viewBox=\"0 0 1000 100\" preserveAspectRatio=\"none\">\n\t<path class=\"elementor-shape-fill\" d=\"M615.2,96.7C240.2,97.8,0,18.9,0,0v100h1000V0C1000,19.2,989.8,96,615.2,96.7z\"\/>\n<\/svg>\t\t<\/div>\n\t\t\t\t<div class=\"elementor-element elementor-element-ca38545 elementor-widget elementor-widget-heading\" data-id=\"ca38545\" data-element_type=\"widget\" data-widget_type=\"heading.default\">\n\t\t\t\t<div class=\"elementor-widget-container\">\n\t\t\t\t\t<h2 class=\"elementor-heading-title elementor-size-default\">FRANCHISE GELATI DINO<\/h2>\t\t\t\t<\/div>\n\t\t\t\t<\/div>\n\t\t\t\t<div class=\"elementor-element elementor-element-38363f9 elementor-widget-divider--view-line elementor-widget elementor-widget-global elementor-global-492 elementor-widget-divider\" data-id=\"38363f9\" data-element_type=\"widget\" data-widget_type=\"divider.default\">\n\t\t\t\t<div class=\"elementor-widget-container\">\n\t\t\t\t\t\t\t<div class=\"elementor-divider\">\n\t\t\t<span class=\"elementor-divider-separator\">\n\t\t\t\t\t\t<\/span>\n\t\t<\/div>\n\t\t\t\t\t\t<\/div>\n\t\t\t\t<\/div>\n\t\t\t\t\t<\/div>\n\t\t\t\t<\/div>\n\t\t<div class=\"elementor-element elementor-element-dcd2f0c e-grid e-con-boxed elementor-invisible e-con e-parent\" data-id=\"dcd2f0c\" data-element_type=\"container\" data-settings=\"{&quot;animation&quot;:&quot;fadeInUp&quot;}\">\n\t\t\t\t\t<div class=\"e-con-inner\">\n\t\t\t\t<div class=\"elementor-element elementor-element-9cda36d elementor-widget elementor-widget-image\" data-id=\"9cda36d\" data-element_type=\"widget\" data-widget_type=\"image.default\">\n\t\t\t\t<div class=\"elementor-widget-container\">\n\t\t\t\t\t\t\t\t\t\t\t\t\t\t\t<img fetchpriority=\"high\" decoding=\"async\" width=\"800\" height=\"842\" src=\"https:\/\/gelatidino.com\/wp-content\/uploads\/2025\/07\/PDA_01-973x1024.jpg\" class=\"attachment-large size-large wp-image-6310\" alt=\"\" srcset=\"https:\/\/gelatidino.com\/wp-content\/uploads\/2025\/07\/PDA_01-973x1024.jpg 973w, https:\/\/gelatidino.com\/wp-content\/uploads\/2025\/07\/PDA_01-285x300.jpg 285w, https:\/\/gelatidino.com\/wp-content\/uploads\/2025\/07\/PDA_01-768x808.jpg 768w, https:\/\/gelatidino.com\/wp-content\/uploads\/2025\/07\/PDA_01-1459x1536.jpg 1459w, https:\/\/gelatidino.com\/wp-content\/uploads\/2025\/07\/PDA_01-1946x2048.jpg 1946w\" sizes=\"(max-width: 800px) 100vw, 800px\" \/>\t\t\t\t\t\t\t\t\t\t\t\t\t\t\t<\/div>\n\t\t\t\t<\/div>\n\t\t\t\t<div class=\"elementor-element elementor-element-3d42c99 elementor-widget elementor-widget-image\" data-id=\"3d42c99\" data-element_type=\"widget\" data-widget_type=\"image.default\">\n\t\t\t\t<div class=\"elementor-widget-container\">\n\t\t\t\t\t\t\t\t\t\t\t\t\t\t\t<img decoding=\"async\" width=\"800\" height=\"800\" src=\"https:\/\/gelatidino.com\/wp-content\/uploads\/2025\/07\/SPLAU_web-2-1024x1024.jpg\" class=\"attachment-large size-large wp-image-6325\" alt=\"\" srcset=\"https:\/\/gelatidino.com\/wp-content\/uploads\/2025\/07\/SPLAU_web-2-1024x1024.jpg 1024w, https:\/\/gelatidino.com\/wp-content\/uploads\/2025\/07\/SPLAU_web-2-300x300.jpg 300w, https:\/\/gelatidino.com\/wp-content\/uploads\/2025\/07\/SPLAU_web-2-150x150.jpg 150w, https:\/\/gelatidino.com\/wp-content\/uploads\/2025\/07\/SPLAU_web-2-768x768.jpg 768w, https:\/\/gelatidino.com\/wp-content\/uploads\/2025\/07\/SPLAU_web-2-1536x1536.jpg 1536w, https:\/\/gelatidino.com\/wp-content\/uploads\/2025\/07\/SPLAU_web-2.jpg 1890w\" sizes=\"(max-width: 800px) 100vw, 800px\" \/>\t\t\t\t\t\t\t\t\t\t\t\t\t\t\t<\/div>\n\t\t\t\t<\/div>\n\t\t\t\t<div class=\"elementor-element elementor-element-70ed73f elementor-widget elementor-widget-image\" data-id=\"70ed73f\" data-element_type=\"widget\" data-widget_type=\"image.default\">\n\t\t\t\t<div class=\"elementor-widget-container\">\n\t\t\t\t\t\t\t\t\t\t\t\t\t\t\t<img decoding=\"async\" width=\"800\" height=\"800\" src=\"https:\/\/gelatidino.com\/wp-content\/uploads\/2025\/07\/PZA_CAT_01-1024x1024.jpg\" class=\"attachment-large size-large wp-image-6313\" alt=\"\" srcset=\"https:\/\/gelatidino.com\/wp-content\/uploads\/2025\/07\/PZA_CAT_01-1024x1024.jpg 1024w, https:\/\/gelatidino.com\/wp-content\/uploads\/2025\/07\/PZA_CAT_01-300x300.jpg 300w, https:\/\/gelatidino.com\/wp-content\/uploads\/2025\/07\/PZA_CAT_01-150x150.jpg 150w, https:\/\/gelatidino.com\/wp-content\/uploads\/2025\/07\/PZA_CAT_01-768x768.jpg 768w, https:\/\/gelatidino.com\/wp-content\/uploads\/2025\/07\/PZA_CAT_01-1536x1536.jpg 1536w, https:\/\/gelatidino.com\/wp-content\/uploads\/2025\/07\/PZA_CAT_01.jpg 1654w\" sizes=\"(max-width: 800px) 100vw, 800px\" \/>\t\t\t\t\t\t\t\t\t\t\t\t\t\t\t<\/div>\n\t\t\t\t<\/div>\n\t\t\t\t\t<\/div>\n\t\t\t\t<\/div>\n\t\t<div class=\"elementor-element elementor-element-a1cd886 e-flex e-con-boxed e-con e-parent\" data-id=\"a1cd886\" data-element_type=\"container\">\n\t\t\t\t\t<div class=\"e-con-inner\">\n\t\t\t\t<div class=\"elementor-element elementor-element-254fded elementor-widget__width-initial elementor-widget-tablet__width-initial elementor-widget elementor-widget-text-editor\" data-id=\"254fded\" data-element_type=\"widget\" data-widget_type=\"text-editor.default\">\n\t\t\t\t<div class=\"elementor-widget-container\">\n\t\t\t\t\t\t\t\t\t<p>Faire partie de la famille Dino signifie faire partie d\u2019un r\u00eave qui a commenc\u00e9 il y a plus de 40 ans. Lorsque Monsieur Dino a ouvert sa premi\u00e8re boutique en 1978, il n\u2019avait jamais envisag\u00e9 de franchiser, mais le succ\u00e8s de la glace, combin\u00e9 \u00e0 la demande, nous a amen\u00e9s \u00e0 repenser la strat\u00e9gie. <br \/>Aujourd\u2019hui, Dino se pr\u00e9sente comme une option viable, r\u00e9ussie et dot\u00e9e d\u2019un produit unique.<\/p>\t\t\t\t\t\t\t\t<\/div>\n\t\t\t\t<\/div>\n\t\t\t\t\t<\/div>\n\t\t\t\t<\/div>\n\t\t<div class=\"elementor-element elementor-element-51cd11b e-flex e-con-boxed e-con e-parent\" data-id=\"51cd11b\" data-element_type=\"container\">\n\t\t\t\t\t<div class=\"e-con-inner\">\n\t\t\t\t<div class=\"elementor-element elementor-element-97e4577 elementor-align-center elementor-widget elementor-widget-button\" data-id=\"97e4577\" data-element_type=\"widget\" data-widget_type=\"button.default\">\n\t\t\t\t<div class=\"elementor-widget-container\">\n\t\t\t\t\t\t\t\t\t<div class=\"elementor-button-wrapper\">\n\t\t\t\t\t<a class=\"elementor-button elementor-button-link elementor-size-sm\" href=\"https:\/\/gelatidino.com\/wp-content\/uploads\/2024\/10\/DINO_dosssier_marca_2024_ULW-SN_compressed.pdf\" target=\"_blank\">\n\t\t\t\t\t\t<span class=\"elementor-button-content-wrapper\">\n\t\t\t\t\t\t\t\t\t<span class=\"elementor-button-text\">DOSSIER DE FRANCHISE<\/span>\n\t\t\t\t\t<\/span>\n\t\t\t\t\t<\/a>\n\t\t\t\t<\/div>\n\t\t\t\t\t\t\t\t<\/div>\n\t\t\t\t<\/div>\n\t\t\t\t\t<\/div>\n\t\t\t\t<\/div>\n\t\t<div class=\"elementor-element elementor-element-ee0d686 e-flex e-con-boxed e-con e-parent\" data-id=\"ee0d686\" data-element_type=\"container\" data-settings=\"{&quot;background_background&quot;:&quot;classic&quot;,&quot;shape_divider_bottom&quot;:&quot;curve-asymmetrical&quot;,&quot;shape_divider_bottom_negative&quot;:&quot;yes&quot;}\">\n\t\t\t\t\t<div class=\"e-con-inner\">\n\t\t\t\t<div class=\"elementor-shape elementor-shape-bottom\" aria-hidden=\"true\" data-negative=\"true\">\n\t\t\t<svg xmlns=\"http:\/\/www.w3.org\/2000\/svg\" viewBox=\"0 0 1000 100\" preserveAspectRatio=\"none\">\n\t<path class=\"elementor-shape-fill\" d=\"M615.2,96.7C240.2,97.8,0,18.9,0,0v100h1000V0C1000,19.2,989.8,96,615.2,96.7z\"\/>\n<\/svg>\t\t<\/div>\n\t\t\t\t<div class=\"elementor-element elementor-element-87fc1f3 elementor-widget elementor-widget-heading\" data-id=\"87fc1f3\" data-element_type=\"widget\" data-widget_type=\"heading.default\">\n\t\t\t\t<div class=\"elementor-widget-container\">\n\t\t\t\t\t<h2 class=\"elementor-heading-title elementor-size-default\">RAVIS DE FAIRE VOTRE CONNAISSANCE<\/h2>\t\t\t\t<\/div>\n\t\t\t\t<\/div>\n\t\t\t\t<div class=\"elementor-element elementor-element-8905cb2 elementor-widget-divider--view-line elementor-widget elementor-widget-global elementor-global-492 elementor-widget-divider\" data-id=\"8905cb2\" data-element_type=\"widget\" data-widget_type=\"divider.default\">\n\t\t\t\t<div class=\"elementor-widget-container\">\n\t\t\t\t\t\t\t<div class=\"elementor-divider\">\n\t\t\t<span class=\"elementor-divider-separator\">\n\t\t\t\t\t\t<\/span>\n\t\t<\/div>\n\t\t\t\t\t\t<\/div>\n\t\t\t\t<\/div>\n\t\t\t\t<div class=\"elementor-element elementor-element-6a9c7d1 elementor-widget__width-initial elementor-widget-mobile__width-initial elementor-widget elementor-widget-text-editor\" data-id=\"6a9c7d1\" data-element_type=\"widget\" data-widget_type=\"text-editor.default\">\n\t\t\t\t<div class=\"elementor-widget-container\">\n\t\t\t\t\t\t\t\t\t<p>Si vous souhaitez recevoir plus d\u2019informations, remplissez le formulaire et nous vous contacterons bient\u00f4t.<\/p>\t\t\t\t\t\t\t\t<\/div>\n\t\t\t\t<\/div>\n\t\t\t\t\t<\/div>\n\t\t\t\t<\/div>\n\t\t<div class=\"elementor-element elementor-element-a7c640a e-flex e-con-boxed e-con e-parent\" data-id=\"a7c640a\" data-element_type=\"container\">\n\t\t\t\t\t<div class=\"e-con-inner\">\n\t\t\t\t<div class=\"elementor-element elementor-element-d530699 elementor-button-align-center elementor-widget elementor-widget-form\" data-id=\"d530699\" data-element_type=\"widget\" data-settings=\"{&quot;step_next_label&quot;:&quot;Next&quot;,&quot;step_previous_label&quot;:&quot;Previous&quot;,&quot;step_type&quot;:&quot;number_text&quot;,&quot;step_icon_shape&quot;:&quot;circle&quot;}\" data-widget_type=\"form.default\">\n\t\t\t\t<div class=\"elementor-widget-container\">\n\t\t\t\t\t\t\t<form class=\"elementor-form\" method=\"post\" name=\"FRANQUICIA\" aria-label=\"FRANQUICIA\" novalidate=\"\">\n\t\t\t<input type=\"hidden\" name=\"post_id\" value=\"7168\"\/>\n\t\t\t<input type=\"hidden\" name=\"form_id\" value=\"d530699\"\/>\n\t\t\t<input type=\"hidden\" name=\"referer_title\" value=\"\" \/>\n\n\t\t\t\n\t\t\t<div class=\"elementor-form-fields-wrapper elementor-labels-above\">\n\t\t\t\t\t\t\t\t<div class=\"elementor-field-type-text elementor-field-group elementor-column elementor-field-group-field_6254b59 elementor-col-50 elementor-field-required\">\n\t\t\t\t\t\t\t\t\t\t\t\t<label for=\"form-field-field_6254b59\" class=\"elementor-field-label\">\n\t\t\t\t\t\t\t\tNom *\t\t\t\t\t\t\t<\/label>\n\t\t\t\t\t\t\t\t\t\t\t\t\t\t<input size=\"1\" type=\"text\" name=\"form_fields[field_6254b59]\" id=\"form-field-field_6254b59\" class=\"elementor-field elementor-size-sm  elementor-field-textual\" placeholder=\"Nom\" required=\"required\">\n\t\t\t\t\t\t\t\t\t\t\t<\/div>\n\t\t\t\t\t\t\t\t<div class=\"elementor-field-type-text elementor-field-group elementor-column elementor-field-group-name elementor-col-50 elementor-field-required\">\n\t\t\t\t\t\t\t\t\t\t\t\t<label for=\"form-field-name\" class=\"elementor-field-label\">\n\t\t\t\t\t\t\t\tPr\u00e9nom *\t\t\t\t\t\t\t<\/label>\n\t\t\t\t\t\t\t\t\t\t\t\t\t\t<input size=\"1\" type=\"text\" name=\"form_fields[name]\" id=\"form-field-name\" class=\"elementor-field elementor-size-sm  elementor-field-textual\" required=\"required\">\n\t\t\t\t\t\t\t\t\t\t\t<\/div>\n\t\t\t\t\t\t\t\t<div class=\"elementor-field-type-tel elementor-field-group elementor-column elementor-field-group-field_751f882 elementor-col-30 elementor-field-required\">\n\t\t\t\t\t\t\t\t\t\t\t\t<label for=\"form-field-field_751f882\" class=\"elementor-field-label\">\n\t\t\t\t\t\t\t\tT\u00e9l\u00e9phone *\t\t\t\t\t\t\t<\/label>\n\t\t\t\t\t\t\t\t<input size=\"1\" type=\"tel\" name=\"form_fields[field_751f882]\" id=\"form-field-field_751f882\" class=\"elementor-field elementor-size-sm  elementor-field-textual\" required=\"required\" pattern=\"[0-9()#&amp;+*-=.]+\" title=\"Only numbers and phone characters (#, -, *, etc) are accepted.\">\n\n\t\t\t\t\t\t<\/div>\n\t\t\t\t\t\t\t\t<div class=\"elementor-field-type-email elementor-field-group elementor-column elementor-field-group-field_f568c0d elementor-col-40 elementor-field-required\">\n\t\t\t\t\t\t\t\t\t\t\t\t<label for=\"form-field-field_f568c0d\" class=\"elementor-field-label\">\n\t\t\t\t\t\t\t\tEmail *\t\t\t\t\t\t\t<\/label>\n\t\t\t\t\t\t\t\t\t\t\t\t\t\t<input size=\"1\" type=\"email\" name=\"form_fields[field_f568c0d]\" id=\"form-field-field_f568c0d\" class=\"elementor-field elementor-size-sm  elementor-field-textual\" required=\"required\">\n\t\t\t\t\t\t\t\t\t\t\t<\/div>\n\t\t\t\t\t\t\t\t<div class=\"elementor-field-type-text elementor-field-group elementor-column elementor-field-group-field_8cf571b elementor-col-30\">\n\t\t\t\t\t\t\t\t\t\t\t\t<label for=\"form-field-field_8cf571b\" class=\"elementor-field-label\">\n\t\t\t\t\t\t\t\tZone g\u00e9ographique d\u2019int\u00e9r\u00eat *\t\t\t\t\t\t\t<\/label>\n\t\t\t\t\t\t\t\t\t\t\t\t\t\t<input size=\"1\" type=\"text\" name=\"form_fields[field_8cf571b]\" id=\"form-field-field_8cf571b\" class=\"elementor-field elementor-size-sm  elementor-field-textual\">\n\t\t\t\t\t\t\t\t\t\t\t<\/div>\n\t\t\t\t\t\t\t\t<div class=\"elementor-field-type-radio elementor-field-group elementor-column elementor-field-group-field_c18ba15 elementor-col-33 elementor-field-required\">\n\t\t\t\t\t\t\t\t\t\t\t\t<label for=\"form-field-field_c18ba15\" class=\"elementor-field-label\">\n\t\t\t\t\t\t\t\tDisposez-vous d\u2019un local? *\t\t\t\t\t\t\t<\/label>\n\t\t\t\t\t\t<div class=\"elementor-field-subgroup  \"><span class=\"elementor-field-option\"><input type=\"radio\" value=\"OUI\" id=\"form-field-field_c18ba15-0\" name=\"form_fields[field_c18ba15]\" required=\"required\"> <label for=\"form-field-field_c18ba15-0\">OUI<\/label><\/span><span class=\"elementor-field-option\"><input type=\"radio\" value=\"NON\" id=\"form-field-field_c18ba15-1\" name=\"form_fields[field_c18ba15]\" required=\"required\"> <label for=\"form-field-field_c18ba15-1\">NON<\/label><\/span><\/div>\t\t\t\t<\/div>\n\t\t\t\t\t\t\t\t<div class=\"elementor-field-type-radio elementor-field-group elementor-column elementor-field-group-field_362ec81 elementor-col-33 elementor-field-required\">\n\t\t\t\t\t\t\t\t\t\t\t\t<label for=\"form-field-field_362ec81\" class=\"elementor-field-label\">\n\t\t\t\t\t\t\t\tCapacit\u00e9 d\u2019investissement :\t\t\t\t\t\t\t<\/label>\n\t\t\t\t\t\t<div class=\"elementor-field-subgroup  \"><span class=\"elementor-field-option\"><input type=\"radio\" value=\"100.000\u20ac\" id=\"form-field-field_362ec81-0\" name=\"form_fields[field_362ec81]\" required=\"required\"> <label for=\"form-field-field_362ec81-0\">100.000\u20ac<\/label><\/span><span class=\"elementor-field-option\"><input type=\"radio\" value=\"150.000\u20ac\" id=\"form-field-field_362ec81-1\" name=\"form_fields[field_362ec81]\" required=\"required\"> <label for=\"form-field-field_362ec81-1\">150.000\u20ac<\/label><\/span><span class=\"elementor-field-option\"><input type=\"radio\" value=\"+ 200.000\u20ac\" id=\"form-field-field_362ec81-2\" name=\"form_fields[field_362ec81]\" required=\"required\"> <label for=\"form-field-field_362ec81-2\">+ 200.000\u20ac<\/label><\/span><\/div>\t\t\t\t<\/div>\n\t\t\t\t\t\t\t\t<div class=\"elementor-field-type-textarea elementor-field-group elementor-column elementor-field-group-message elementor-col-100\">\n\t\t\t\t\t\t\t\t\t\t\t\t<label for=\"form-field-message\" class=\"elementor-field-label\">\n\t\t\t\t\t\t\t\tCommentaires\t\t\t\t\t\t\t<\/label>\n\t\t\t\t\t\t<textarea class=\"elementor-field-textual elementor-field  elementor-size-sm\" name=\"form_fields[message]\" id=\"form-field-message\" rows=\"4\"><\/textarea>\t\t\t\t<\/div>\n\t\t\t\t\t\t\t\t<div class=\"elementor-field-type-html elementor-field-group elementor-column elementor-field-group-field_e7f3158 elementor-col-100\">\n\t\t\t\t\t<span style=\"\n\tfloat: right !important;\n\tmargin-top: -21px;\">Champs obligatoires pour pouvoir envoyer le formulaire.* <\/span>\t\t\t\t<\/div>\n\t\t\t\t\t\t\t\t<div class=\"elementor-field-type-html elementor-field-group elementor-column elementor-field-group-field_4dd981a elementor-col-100\">\n\t\t\t\t\tLSSI-LOPD\nConform\u00e9ment \u00e0 la loi 15\/99 du 13 d\u00e9cembre relative \u00e0 la protection des donn\u00e9es \u00e0 caract\u00e8re personnel, nous vous informons que les donn\u00e9es fournies dans ce formulaire seront int\u00e9gr\u00e9es dans un fichier automatis\u00e9 destin\u00e9 au traitement informatique pour l\u2019envoi d\u2019informations commerciales et g\u00e9n\u00e9rales par voie \u00e9lectronique.\nDe m\u00eame, nous vous informons que vous pouvez exercer vos droits d\u2019acc\u00e8s, de rectification, d\u2019annulation et d\u2019opposition conform\u00e9ment \u00e0 la l\u00e9gislation en vigueur, par \u00e9crit \u00e0 : Emp\u00faria Gel, SL, Sector Aeroclub, 9-17487 Empuriabrava (G\u00e9rone).\t\t\t\t<\/div>\n\t\t\t\t\t\t\t\t<div class=\"elementor-field-type-acceptance elementor-field-group elementor-column elementor-field-group-field_39bd84a elementor-col-100 elementor-field-required\">\n\t\t\t\t\t\t\t<div class=\"elementor-field-subgroup\">\n\t\t\t<span class=\"elementor-field-option\">\n\t\t\t\t<input type=\"checkbox\" name=\"form_fields[field_39bd84a]\" id=\"form-field-field_39bd84a\" class=\"elementor-field elementor-size-sm  elementor-acceptance-field\" required=\"required\">\n\t\t\t\t<label for=\"form-field-field_39bd84a\"><span style=\"color: #EB0045\">J'ai lu et j'accepte les conditions.<\/span><\/label>\t\t\t<\/span>\n\t\t<\/div>\n\t\t\t\t\t\t<\/div>\n\t\t\t\t\t\t\t\t<div class=\"elementor-field-type-recaptcha_v3 elementor-field-group elementor-column elementor-field-group-field_222b16c elementor-col-100 recaptcha_v3-bottomright\">\n\t\t\t\t\t<div class=\"elementor-field\" id=\"form-field-field_222b16c\"><div class=\"elementor-g-recaptcha\" data-sitekey=\"6LceWzgpAAAAAHB3YUeGJf4SoJ69-7lNqIrwHi4O\" data-type=\"v3\" data-action=\"Form\" data-badge=\"bottomright\" data-size=\"invisible\"><\/div><\/div>\t\t\t\t<\/div>\n\t\t\t\t\t\t\t\t<div class=\"elementor-field-group elementor-column elementor-field-type-submit elementor-col-100 e-form__buttons\">\n\t\t\t\t\t<button class=\"elementor-button elementor-size-sm\" type=\"submit\">\n\t\t\t\t\t\t<span class=\"elementor-button-content-wrapper\">\n\t\t\t\t\t\t\t\t\t\t\t\t\t\t\t\t\t\t\t\t\t\t<span class=\"elementor-button-text\">ENVOYER LE FORMULAIRE<\/span>\n\t\t\t\t\t\t\t\t\t\t\t\t\t<\/span>\n\t\t\t\t\t<\/button>\n\t\t\t\t<\/div>\n\t\t\t<\/div>\n\t\t<\/form>\n\t\t\t\t\t\t<\/div>\n\t\t\t\t<\/div>\n\t\t\t\t\t<\/div>\n\t\t\t\t<\/div>\n\t\t\t\t<\/div>\n\t\t","protected":false},"excerpt":{"rendered":"<p>FRANCHISE GELATI DINO Faire partie de la famille Dino signifie faire partie d\u2019un r\u00eave qui a commenc\u00e9 il y a plus de 40 ans. Lorsque Monsieur Dino a ouvert sa premi\u00e8re boutique en 1978, il n\u2019avait jamais envisag\u00e9 de franchiser, mais le succ\u00e8s de la glace, combin\u00e9 \u00e0 la demande, nous a amen\u00e9s \u00e0 repenser [&hellip;]<\/p>\n","protected":false},"author":1,"featured_media":0,"parent":0,"menu_order":0,"comment_status":"closed","ping_status":"closed","template":"","meta":{"footnotes":""},"class_list":["post-7168","page","type-page","status-publish","hentry"],"_links":{"self":[{"href":"https:\/\/gelatidino.com\/fr\/wp-json\/wp\/v2\/pages\/7168","targetHints":{"allow":["GET"]}}],"collection":[{"href":"https:\/\/gelatidino.com\/fr\/wp-json\/wp\/v2\/pages"}],"about":[{"href":"https:\/\/gelatidino.com\/fr\/wp-json\/wp\/v2\/types\/page"}],"author":[{"embeddable":true,"href":"https:\/\/gelatidino.com\/fr\/wp-json\/wp\/v2\/users\/1"}],"replies":[{"embeddable":true,"href":"https:\/\/gelatidino.com\/fr\/wp-json\/wp\/v2\/comments?post=7168"}],"version-history":[{"count":7,"href":"https:\/\/gelatidino.com\/fr\/wp-json\/wp\/v2\/pages\/7168\/revisions"}],"predecessor-version":[{"id":7589,"href":"https:\/\/gelatidino.com\/fr\/wp-json\/wp\/v2\/pages\/7168\/revisions\/7589"}],"wp:attachment":[{"href":"https:\/\/gelatidino.com\/fr\/wp-json\/wp\/v2\/media?parent=7168"}],"curies":[{"name":"wp","href":"https:\/\/api.w.org\/{rel}","templated":true}]}}