{"id":7161,"date":"2023-07-02T12:44:36","date_gmt":"2023-07-02T10:44:36","guid":{"rendered":"https:\/\/gelatidino.com\/equitatiu\/"},"modified":"2025-12-26T13:59:53","modified_gmt":"2025-12-26T11:59:53","slug":"equitatiu","status":"publish","type":"page","link":"https:\/\/gelatidino.com\/fr\/equitatiu\/","title":{"rendered":"Equitatiu"},"content":{"rendered":"\t\t<div data-elementor-type=\"wp-page\" data-elementor-id=\"7161\" class=\"elementor elementor-7161 elementor-448\" data-elementor-post-type=\"page\">\n\t\t\t\t<div class=\"elementor-element elementor-element-a2524d0 e-flex e-con-boxed e-con e-parent\" data-id=\"a2524d0\" data-element_type=\"container\" data-settings=\"{&quot;background_background&quot;:&quot;classic&quot;}\">\n\t\t\t\t\t<div class=\"e-con-inner\">\n\t\t\t\t<div class=\"elementor-element elementor-element-b988b5d elementor-hidden-desktop elementor-hidden-tablet elementor-invisible elementor-widget elementor-widget-image\" data-id=\"b988b5d\" data-element_type=\"widget\" data-settings=\"{&quot;_animation&quot;:&quot;fadeInUp&quot;}\" data-widget_type=\"image.default\">\n\t\t\t\t<div class=\"elementor-widget-container\">\n\t\t\t\t\t\t\t\t\t\t\t\t\t\t\t<img fetchpriority=\"high\" decoding=\"async\" width=\"453\" height=\"227\" src=\"https:\/\/gelatidino.com\/wp-content\/uploads\/2025\/12\/paratodos_FR_mobile-1.webp\" class=\"attachment-large size-large wp-image-7826\" alt=\"\" srcset=\"https:\/\/gelatidino.com\/wp-content\/uploads\/2025\/12\/paratodos_FR_mobile-1.webp 453w, https:\/\/gelatidino.com\/wp-content\/uploads\/2025\/12\/paratodos_FR_mobile-1-300x150.webp 300w\" sizes=\"(max-width: 453px) 100vw, 453px\" \/>\t\t\t\t\t\t\t\t\t\t\t\t\t\t\t<\/div>\n\t\t\t\t<\/div>\n\t\t\t\t<div class=\"elementor-element elementor-element-966f2be elementor-hidden-mobile elementor-invisible elementor-widget elementor-widget-image\" data-id=\"966f2be\" data-element_type=\"widget\" data-settings=\"{&quot;_animation&quot;:&quot;fadeInUp&quot;}\" data-widget_type=\"image.default\">\n\t\t\t\t<div class=\"elementor-widget-container\">\n\t\t\t\t\t\t\t\t\t\t\t\t\t\t\t<img decoding=\"async\" width=\"785\" height=\"108\" src=\"https:\/\/gelatidino.com\/wp-content\/uploads\/2025\/12\/paratodos_FR.webp\" class=\"attachment-large size-large wp-image-7738\" alt=\"\" srcset=\"https:\/\/gelatidino.com\/wp-content\/uploads\/2025\/12\/paratodos_FR.webp 785w, https:\/\/gelatidino.com\/wp-content\/uploads\/2025\/12\/paratodos_FR-300x41.webp 300w, https:\/\/gelatidino.com\/wp-content\/uploads\/2025\/12\/paratodos_FR-768x106.webp 768w\" sizes=\"(max-width: 785px) 100vw, 785px\" \/>\t\t\t\t\t\t\t\t\t\t\t\t\t\t\t<\/div>\n\t\t\t\t<\/div>\n\t\t\t\t\t<\/div>\n\t\t\t\t<\/div>\n\t\t<div class=\"elementor-element elementor-element-afd4f67 e-flex e-con-boxed e-con e-parent\" data-id=\"afd4f67\" data-element_type=\"container\" data-settings=\"{&quot;background_background&quot;:&quot;classic&quot;,&quot;shape_divider_bottom&quot;:&quot;curve-asymmetrical&quot;,&quot;shape_divider_bottom_negative&quot;:&quot;yes&quot;}\">\n\t\t\t\t\t<div class=\"e-con-inner\">\n\t\t\t\t<div class=\"elementor-shape elementor-shape-bottom\" aria-hidden=\"true\" data-negative=\"true\">\n\t\t\t<svg xmlns=\"http:\/\/www.w3.org\/2000\/svg\" viewBox=\"0 0 1000 100\" preserveAspectRatio=\"none\">\n\t<path class=\"elementor-shape-fill\" d=\"M615.2,96.7C240.2,97.8,0,18.9,0,0v100h1000V0C1000,19.2,989.8,96,615.2,96.7z\"\/>\n<\/svg>\t\t<\/div>\n\t\t\t\t\t<\/div>\n\t\t\t\t<\/div>\n\t\t<div class=\"elementor-element elementor-element-ebba64f e-flex e-con-boxed elementor-invisible e-con e-parent\" data-id=\"ebba64f\" data-element_type=\"container\" data-settings=\"{&quot;animation&quot;:&quot;fadeIn&quot;}\">\n\t\t\t\t\t<div class=\"e-con-inner\">\n\t\t\t\t<div class=\"elementor-element elementor-element-5687228 elementor-widget__width-initial elementor-widget-tablet__width-initial elementor-widget elementor-widget-text-editor\" data-id=\"5687228\" data-element_type=\"widget\" data-widget_type=\"text-editor.default\">\n\t\t\t\t<div class=\"elementor-widget-container\">\n\t\t\t\t\t\t\t\t\t<p>Gelati Dino propose une large gamme de glaces \u201cfree from\u201d.<br \/>Notre philosophie repose sur la conviction que tout le monde doit pouvoir profiter d\u2019une bonne glace artisanale<\/p>\t\t\t\t\t\t\t\t<\/div>\n\t\t\t\t<\/div>\n\t\t\t\t\t<\/div>\n\t\t\t\t<\/div>\n\t\t<div class=\"elementor-element elementor-element-5dd6d46 e-flex e-con-boxed elementor-invisible e-con e-parent\" data-id=\"5dd6d46\" data-element_type=\"container\" data-settings=\"{&quot;background_background&quot;:&quot;classic&quot;,&quot;animation&quot;:&quot;fadeInUp&quot;}\">\n\t\t\t\t\t<div class=\"e-con-inner\">\n\t\t<div class=\"elementor-element elementor-element-2db1bc5 e-con-full e-flex e-con e-child\" data-id=\"2db1bc5\" data-element_type=\"container\">\n\t\t\t\t<div class=\"elementor-element elementor-element-b7b665d elementor-widget elementor-widget-heading\" data-id=\"b7b665d\" data-element_type=\"widget\" data-widget_type=\"heading.default\">\n\t\t\t\t<div class=\"elementor-widget-container\">\n\t\t\t\t\t<h2 class=\"elementor-heading-title elementor-size-default\">ADAPT\u00c9 POUR TOUS<\/h2>\t\t\t\t<\/div>\n\t\t\t\t<\/div>\n\t\t\t\t<div class=\"elementor-element elementor-element-59f97d4 elementor-widget elementor-widget-text-editor\" data-id=\"59f97d4\" data-element_type=\"widget\" data-widget_type=\"text-editor.default\">\n\t\t\t\t<div class=\"elementor-widget-container\">\n\t\t\t\t\t\t\t\t\t<p>Chez Gelati Dino, nous prenons soin de chaque d\u00e9tail, depuis le processus de fabrication jusqu\u2019\u00e0 la vente dans nos glaciers.<\/p><p>Notre engagement nous conduit \u00e0 appliquer un protocole strict, garantissant que chacun puisse savourer nos glaces.<\/p><p>De plus, nous offrons des options adapt\u00e9es aux r\u00e9gimes sp\u00e9ciaux, comme des glaces sans sucres ajout\u00e9s et des options v\u00e9ganes.<\/p>\t\t\t\t\t\t\t\t<\/div>\n\t\t\t\t<\/div>\n\t\t\t\t<div class=\"elementor-element elementor-element-bd05919 elementor-align-center elementor-widget elementor-widget-button\" data-id=\"bd05919\" data-element_type=\"widget\" data-widget_type=\"button.default\">\n\t\t\t\t<div class=\"elementor-widget-container\">\n\t\t\t\t\t\t\t\t\t<div class=\"elementor-button-wrapper\">\n\t\t\t\t\t<a class=\"elementor-button elementor-button-link elementor-size-sm\" href=\"http:\/\/gelatidino.com\/fr\/produits\/gelato\/\">\n\t\t\t\t\t\t<span class=\"elementor-button-content-wrapper\">\n\t\t\t\t\t\t\t\t\t<span class=\"elementor-button-text\">NOS GLACES<\/span>\n\t\t\t\t\t<\/span>\n\t\t\t\t\t<\/a>\n\t\t\t\t<\/div>\n\t\t\t\t\t\t\t\t<\/div>\n\t\t\t\t<\/div>\n\t\t\t\t<\/div>\n\t\t<div class=\"elementor-element elementor-element-f18aca5 e-con-full e-flex e-con e-child\" data-id=\"f18aca5\" data-element_type=\"container\">\n\t\t\t\t<div class=\"elementor-element elementor-element-fc92c2b elementor-widget__width-initial elementor-widget elementor-widget-image\" data-id=\"fc92c2b\" data-element_type=\"widget\" data-widget_type=\"image.default\">\n\t\t\t\t<div class=\"elementor-widget-container\">\n\t\t\t\t\t\t\t\t\t\t\t\t\t\t\t<img decoding=\"async\" width=\"768\" height=\"506\" src=\"https:\/\/gelatidino.com\/wp-content\/uploads\/2025\/12\/Sara_decla_-FR.png\" class=\"attachment-large size-large wp-image-7898\" alt=\"\" srcset=\"https:\/\/gelatidino.com\/wp-content\/uploads\/2025\/12\/Sara_decla_-FR.png 768w, https:\/\/gelatidino.com\/wp-content\/uploads\/2025\/12\/Sara_decla_-FR-300x198.png 300w\" sizes=\"(max-width: 768px) 100vw, 768px\" \/>\t\t\t\t\t\t\t\t\t\t\t\t\t\t\t<\/div>\n\t\t\t\t<\/div>\n\t\t\t\t<\/div>\n\t\t\t\t\t<\/div>\n\t\t\t\t<\/div>\n\t\t\t\t<\/div>\n\t\t","protected":false},"excerpt":{"rendered":"<p>Gelati Dino propose une large gamme de glaces \u201cfree from\u201d.Notre philosophie repose sur la conviction que tout le monde doit pouvoir profiter d\u2019une bonne glace artisanale ADAPT\u00c9 POUR TOUS Chez Gelati Dino, nous prenons soin de chaque d\u00e9tail, depuis le processus de fabrication jusqu\u2019\u00e0 la vente dans nos glaciers. Notre engagement nous conduit \u00e0 appliquer [&hellip;]<\/p>\n","protected":false},"author":1,"featured_media":0,"parent":0,"menu_order":0,"comment_status":"closed","ping_status":"closed","template":"","meta":{"footnotes":""},"class_list":["post-7161","page","type-page","status-publish","hentry"],"_links":{"self":[{"href":"https:\/\/gelatidino.com\/fr\/wp-json\/wp\/v2\/pages\/7161","targetHints":{"allow":["GET"]}}],"collection":[{"href":"https:\/\/gelatidino.com\/fr\/wp-json\/wp\/v2\/pages"}],"about":[{"href":"https:\/\/gelatidino.com\/fr\/wp-json\/wp\/v2\/types\/page"}],"author":[{"embeddable":true,"href":"https:\/\/gelatidino.com\/fr\/wp-json\/wp\/v2\/users\/1"}],"replies":[{"embeddable":true,"href":"https:\/\/gelatidino.com\/fr\/wp-json\/wp\/v2\/comments?post=7161"}],"version-history":[{"count":27,"href":"https:\/\/gelatidino.com\/fr\/wp-json\/wp\/v2\/pages\/7161\/revisions"}],"predecessor-version":[{"id":7993,"href":"https:\/\/gelatidino.com\/fr\/wp-json\/wp\/v2\/pages\/7161\/revisions\/7993"}],"wp:attachment":[{"href":"https:\/\/gelatidino.com\/fr\/wp-json\/wp\/v2\/media?parent=7161"}],"curies":[{"name":"wp","href":"https:\/\/api.w.org\/{rel}","templated":true}]}}