{"id":7145,"date":"2024-06-20T13:27:02","date_gmt":"2024-06-20T11:27:02","guid":{"rendered":"https:\/\/gelatidino.com\/amici_faqs\/"},"modified":"2025-12-02T11:51:38","modified_gmt":"2025-12-02T09:51:38","slug":"amici_faqs","status":"publish","type":"page","link":"https:\/\/gelatidino.com\/fr\/amici_faqs\/","title":{"rendered":"amici_faqs"},"content":{"rendered":"\t\t<div data-elementor-type=\"wp-page\" data-elementor-id=\"7145\" class=\"elementor elementor-7145 elementor-3318\" data-elementor-post-type=\"page\">\n\t\t\t\t<div class=\"elementor-element elementor-element-99ecdd9 e-flex e-con-boxed e-con e-parent\" data-id=\"99ecdd9\" data-element_type=\"container\" data-settings=\"{&quot;background_background&quot;:&quot;classic&quot;,&quot;shape_divider_bottom&quot;:&quot;curve-asymmetrical&quot;,&quot;shape_divider_bottom_negative&quot;:&quot;yes&quot;}\">\n\t\t\t\t\t<div class=\"e-con-inner\">\n\t\t\t\t<div class=\"elementor-shape elementor-shape-bottom\" aria-hidden=\"true\" data-negative=\"true\">\n\t\t\t<svg xmlns=\"http:\/\/www.w3.org\/2000\/svg\" viewBox=\"0 0 1000 100\" preserveAspectRatio=\"none\">\n\t<path class=\"elementor-shape-fill\" d=\"M615.2,96.7C240.2,97.8,0,18.9,0,0v100h1000V0C1000,19.2,989.8,96,615.2,96.7z\"\/>\n<\/svg>\t\t<\/div>\n\t\t\t\t\t<\/div>\n\t\t\t\t<\/div>\n\t\t<div class=\"elementor-element elementor-element-672701c e-flex e-con-boxed e-con e-parent\" data-id=\"672701c\" data-element_type=\"container\">\n\t\t\t\t\t<div class=\"e-con-inner\">\n\t\t<div class=\"elementor-element elementor-element-d101517 e-con-full e-flex e-con e-child\" data-id=\"d101517\" data-element_type=\"container\">\n\t\t<div class=\"elementor-element elementor-element-087bcf3 e-con-full e-flex e-con e-child\" data-id=\"087bcf3\" data-element_type=\"container\" data-settings=\"{&quot;background_background&quot;:&quot;classic&quot;}\">\n\t\t<div class=\"elementor-element elementor-element-703588a e-con-full e-flex e-con e-child\" data-id=\"703588a\" data-element_type=\"container\">\n\t\t\t\t<div class=\"elementor-element elementor-element-cf586cb elementor-widget elementor-widget-heading\" data-id=\"cf586cb\" data-element_type=\"widget\" data-widget_type=\"heading.default\">\n\t\t\t\t<div class=\"elementor-widget-container\">\n\t\t\t\t\t<h2 class=\"elementor-heading-title elementor-size-default\">As-tu des questions ?<\/h2>\t\t\t\t<\/div>\n\t\t\t\t<\/div>\n\t\t\t\t<div class=\"elementor-element elementor-element-c6f87b7 elementor-widget-divider--view-line elementor-widget elementor-widget-divider\" data-id=\"c6f87b7\" data-element_type=\"widget\" data-widget_type=\"divider.default\">\n\t\t\t\t<div class=\"elementor-widget-container\">\n\t\t\t\t\t\t\t<div class=\"elementor-divider\">\n\t\t\t<span class=\"elementor-divider-separator\">\n\t\t\t\t\t\t<\/span>\n\t\t<\/div>\n\t\t\t\t\t\t<\/div>\n\t\t\t\t<\/div>\n\t\t\t\t<div class=\"elementor-element elementor-element-1c58ae7 elementor-widget elementor-widget-text-editor\" data-id=\"1c58ae7\" data-element_type=\"widget\" data-widget_type=\"text-editor.default\">\n\t\t\t\t<div class=\"elementor-widget-container\">\n\t\t\t\t\t\t\t\t\t<p>Chaque consommation chez Gelati Dino g\u00e9n\u00e8re des MIGLIA. Pour chaque euro, tu accumules 100 miglia et tu avances vers une nouvelle destination dans notre voyage \u00e0 travers l\u2019Italie.<\/p><p><span style=\"color: #ff0000;\">Puis-je accumuler des points et \u00e9changer mes r\u00e9compenses dans toutes les Gelati Dino ?<\/span><\/p><p>Tu peux accumuler des miglia dans toutes les Gelati Dino d\u2019Espagne sauf Zaragoza, Santa Margarita (Roses), Espai Giron\u00e8s (Girona), Calafell (Costa Dorada), CC La Roca Village, CC CINESA (Barcelone), Carrer de Blai (Barcelone) et CC Gran Via 2 (L\u2019Hospitalet de Llobregat).<\/p><p><span style=\"color: #ff0000;\">Quand expirent les r\u00e9compenses obtenues avec ma carte AMICI ?<\/span><\/p><p>Toutes les r\u00e9compenses ont une validit\u00e9 d\u2019un mois \u00e0 partir de leur r\u00e9ception \u2014 mais nous esp\u00e9rons te revoir bien avant !<\/p><p><span style=\"color: #ff0000;\">Que faire si j\u2019ai un probl\u00e8me ou une erreur avec une r\u00e9compense ?<\/span><\/p><p>Envoie-nous un e-mail avec l\u2019incident et ton e-mail d\u2019inscription \u00e0 info@gelatidino.com pour que nous puissions v\u00e9rifier.<br \/>Si le probl\u00e8me concerne un coupon, merci d\u2019inclure ses informations.<\/p><p><span style=\"color: #ff0000;\">Des doutes sur l\u2019accumulation des miglia ?<\/span><\/p><p>Si tu penses que tes miglia ne se sont pas ajout\u00e9es ou ont diminu\u00e9, cela peut \u00eatre d\u00fb \u00e0 un changement de niveau ou \u00e0 un d\u00e9lai de mise \u00e0 jour de ta carte li\u00e9 \u00e0 la couverture.<\/p><p>Si apr\u00e8s 24h tu n\u2019as toujours pas re\u00e7u tes miglia, \u00e9cris-nous \u00e0 info@gelatidino.com avec les informations suivantes : e-mail d\u2019inscription, ticket d\u2019achat, points actuels sur ta carte et la Gelati Dino o\u00f9 la consommation a eu lieu, afin que nous puissions v\u00e9rifier ce qui s\u2019est pass\u00e9.<\/p><p><span style=\"color: #ff0000;\">Que se passe-t-il si je perds ou supprime la carte AMICI de mon wallet ?<\/span><\/p><p>Non preoccuparti !!<br \/>Tu peux la r\u00e9cup\u00e9rer <a href=\"https:\/\/gelatidino.com\/fr\/amici\">ici<\/a>.<\/p>\t\t\t\t\t\t\t\t<\/div>\n\t\t\t\t<\/div>\n\t\t\t\t<\/div>\n\t\t\t\t<\/div>\n\t\t\t\t<\/div>\n\t\t\t\t\t<\/div>\n\t\t\t\t<\/div>\n\t\t\t\t<\/div>\n\t\t","protected":false},"excerpt":{"rendered":"<p>As-tu des questions ? Chaque consommation chez Gelati Dino g\u00e9n\u00e8re des MIGLIA. Pour chaque euro, tu accumules 100 miglia et tu avances vers une nouvelle destination dans notre voyage \u00e0 travers l\u2019Italie. Puis-je accumuler des points et \u00e9changer mes r\u00e9compenses dans toutes les Gelati Dino ? Tu peux accumuler des miglia dans toutes les Gelati [&hellip;]<\/p>\n","protected":false},"author":3,"featured_media":0,"parent":0,"menu_order":0,"comment_status":"closed","ping_status":"closed","template":"elementor_header_footer","meta":{"footnotes":""},"class_list":["post-7145","page","type-page","status-publish","hentry"],"_links":{"self":[{"href":"https:\/\/gelatidino.com\/fr\/wp-json\/wp\/v2\/pages\/7145","targetHints":{"allow":["GET"]}}],"collection":[{"href":"https:\/\/gelatidino.com\/fr\/wp-json\/wp\/v2\/pages"}],"about":[{"href":"https:\/\/gelatidino.com\/fr\/wp-json\/wp\/v2\/types\/page"}],"author":[{"embeddable":true,"href":"https:\/\/gelatidino.com\/fr\/wp-json\/wp\/v2\/users\/3"}],"replies":[{"embeddable":true,"href":"https:\/\/gelatidino.com\/fr\/wp-json\/wp\/v2\/comments?post=7145"}],"version-history":[{"count":7,"href":"https:\/\/gelatidino.com\/fr\/wp-json\/wp\/v2\/pages\/7145\/revisions"}],"predecessor-version":[{"id":7632,"href":"https:\/\/gelatidino.com\/fr\/wp-json\/wp\/v2\/pages\/7145\/revisions\/7632"}],"wp:attachment":[{"href":"https:\/\/gelatidino.com\/fr\/wp-json\/wp\/v2\/media?parent=7145"}],"curies":[{"name":"wp","href":"https:\/\/api.w.org\/{rel}","templated":true}]}}