{"id":8432,"date":"2025-12-15T13:48:40","date_gmt":"2025-12-15T11:48:40","guid":{"rendered":"https:\/\/gelatidino.com\/?page_id=8432"},"modified":"2025-12-30T16:13:14","modified_gmt":"2025-12-30T14:13:14","slug":"cheesecake-al-caramello-salato","status":"publish","type":"page","link":"https:\/\/gelatidino.com\/ca\/cheesecake-al-caramello-salato\/","title":{"rendered":"Cheesecake al Caramello Salato"},"content":{"rendered":"\t\t<div data-elementor-type=\"wp-page\" data-elementor-id=\"8432\" class=\"elementor elementor-8432 elementor-7661\" data-elementor-post-type=\"page\">\n\t\t\t\t<div class=\"elementor-element elementor-element-b91f950 e-flex e-con-boxed elementor-invisible e-con e-parent\" data-id=\"b91f950\" data-element_type=\"container\" data-settings=\"{&quot;background_background&quot;:&quot;classic&quot;,&quot;shape_divider_bottom&quot;:&quot;curve-asymmetrical&quot;,&quot;shape_divider_bottom_negative&quot;:&quot;yes&quot;,&quot;animation&quot;:&quot;fadeInUp&quot;}\">\n\t\t\t\t\t<div class=\"e-con-inner\">\n\t\t\t\t<div class=\"elementor-shape elementor-shape-bottom\" aria-hidden=\"true\" data-negative=\"true\">\n\t\t\t<svg xmlns=\"http:\/\/www.w3.org\/2000\/svg\" viewBox=\"0 0 1000 100\" preserveAspectRatio=\"none\">\n\t<path class=\"elementor-shape-fill\" d=\"M615.2,96.7C240.2,97.8,0,18.9,0,0v100h1000V0C1000,19.2,989.8,96,615.2,96.7z\"\/>\n<\/svg>\t\t<\/div>\n\t\t\t\t\t<\/div>\n\t\t\t\t<\/div>\n\t\t<div class=\"elementor-element elementor-element-ffc6b88 e-flex e-con-boxed elementor-invisible e-con e-parent\" data-id=\"ffc6b88\" data-element_type=\"container\" data-settings=\"{&quot;animation&quot;:&quot;fadeInUp&quot;}\">\n\t\t\t\t\t<div class=\"e-con-inner\">\n\t\t\t\t<div class=\"elementor-element elementor-element-6e00085 elementor-widget-mobile__width-initial elementor-widget elementor-widget-image\" data-id=\"6e00085\" data-element_type=\"widget\" data-widget_type=\"image.default\">\n\t\t\t\t<div class=\"elementor-widget-container\">\n\t\t\t\t\t\t\t\t\t\t\t\t\t\t\t<img fetchpriority=\"high\" decoding=\"async\" width=\"800\" height=\"500\" src=\"https:\/\/gelatidino.com\/wp-content\/uploads\/2025\/12\/cheesecake-2-w-1024x640-2.jpg\" class=\"attachment-large size-large wp-image-7670\" alt=\"foto cubeta cheesecake al caramello salato\" srcset=\"https:\/\/gelatidino.com\/wp-content\/uploads\/2025\/12\/cheesecake-2-w-1024x640-2.jpg 1024w, https:\/\/gelatidino.com\/wp-content\/uploads\/2025\/12\/cheesecake-2-w-1024x640-2-300x188.jpg 300w, https:\/\/gelatidino.com\/wp-content\/uploads\/2025\/12\/cheesecake-2-w-1024x640-2-768x480.jpg 768w\" sizes=\"(max-width: 800px) 100vw, 800px\" \/>\t\t\t\t\t\t\t\t\t\t\t\t\t\t\t<\/div>\n\t\t\t\t<\/div>\n\t\t\t\t\t<\/div>\n\t\t\t\t<\/div>\n\t\t<div class=\"elementor-element elementor-element-d9ad006 e-flex e-con-boxed elementor-invisible e-con e-parent\" data-id=\"d9ad006\" data-element_type=\"container\" data-settings=\"{&quot;animation&quot;:&quot;fadeInUp&quot;}\">\n\t\t\t\t\t<div class=\"e-con-inner\">\n\t\t\t\t<div class=\"elementor-element elementor-element-b1b2a42 elementor-widget-mobile__width-initial elementor-widget elementor-widget-heading\" data-id=\"b1b2a42\" data-element_type=\"widget\" data-widget_type=\"heading.default\">\n\t\t\t\t<div class=\"elementor-widget-container\">\n\t\t\t\t\t<h2 class=\"elementor-heading-title elementor-size-default\"><div class=\"elementor-element elementor-element-b1b2a42 elementor-widget-mobile__width-initial elementor-widget elementor-widget-heading\" data-id=\"b1b2a42\" data-element_type=\"widget\" data-widget_type=\"heading.default\" style=\"--order: initial;--align-self: initial;align-self: auto;flex: 0 0 auto;align-items: normal;flex-flow: row;gap: 20px;--widgets-spacing: 20px 20px;--widgets-spacing-row: 20px;--widgets-spacing-column: 20px;margin-bottom: 0px;--kit-widget-spacing: 0px;max-width: 100%;font-size: 16px;font-weight: 400;letter-spacing: normal;text-transform: none\"><div class=\"elementor-widget-container\" style=\"height: 35.1016px\"><h2 class=\"elementor-heading-title elementor-size-default\"><span>CHEESECAKE AL CARAMELLO SALATO<\/span><span><\/span><\/h2><\/div><\/div><\/h2>\t\t\t\t<\/div>\n\t\t\t\t<\/div>\n\t\t\t\t<div class=\"elementor-element elementor-element-0ef105a elementor-widget-divider--view-line elementor-widget elementor-widget-divider\" data-id=\"0ef105a\" data-element_type=\"widget\" data-widget_type=\"divider.default\">\n\t\t\t\t<div class=\"elementor-widget-container\">\n\t\t\t\t\t\t\t<div class=\"elementor-divider\">\n\t\t\t<span class=\"elementor-divider-separator\">\n\t\t\t\t\t\t<\/span>\n\t\t<\/div>\n\t\t\t\t\t\t<\/div>\n\t\t\t\t<\/div>\n\t\t\t\t<div class=\"elementor-element elementor-element-6fbf308 elementor-widget-mobile__width-initial elementor-widget elementor-widget-heading\" data-id=\"6fbf308\" data-element_type=\"widget\" data-widget_type=\"heading.default\">\n\t\t\t\t<div class=\"elementor-widget-container\">\n\t\t\t\t\t<h2 class=\"elementor-heading-title elementor-size-default\">GUSTO del mese di gennaio<\/h2>\t\t\t\t<\/div>\n\t\t\t\t<\/div>\n\t\t\t\t<div class=\"elementor-element elementor-element-b948ba7 elementor-widget__width-initial elementor-widget-tablet__width-initial elementor-widget-mobile__width-initial elementor-widget elementor-widget-text-editor\" data-id=\"b948ba7\" data-element_type=\"widget\" data-widget_type=\"text-editor.default\">\n\t\t\t\t<div class=\"elementor-widget-container\">\n\t\t\t\t\t\t\t\t\t<p data-start=\"135\" data-end=\"460\">Hi ha sabors que marquen l\u2019inici d\u2019alguna cosa especial. <strong><em data-start=\"192\" data-end=\"224\">Cheesecake al Caramello Salato<\/em><\/strong> neix de la combinaci\u00f3 perfecta entre la cremositat delicada del formatge fresc i el nostre inconfusible <strong><em data-start=\"329\" data-end=\"340\">variegato<\/em> de caramel de mantega salada<\/strong>, creant un equilibri elegant entre la dol\u00e7or i un subtil toc sal\u00ed que desperta el paladar.<\/p><p data-start=\"258\" data-end=\"590\">\u00a0<\/p><p data-start=\"462\" data-end=\"750\">Cada cullerada \u00e9s suau, envoltant i plena de car\u00e0cter. Un sabor indulgent, pensat per gaudir sense presses i donar la benvinguda a l\u2019any amb plaer, personalitat i aquell punt irresistible que converteix qualsevol moment en un record memorable.<br data-start=\"705\" data-end=\"708\" \/>Aix\u00ed \u00e9s comen\u00e7ar b\u00e9. Aix\u00ed sap Gelati Dino.<\/p>\t\t\t\t\t\t\t\t<\/div>\n\t\t\t\t<\/div>\n\t\t\t\t<div class=\"elementor-element elementor-element-d4869fa elementor-widget__width-initial elementor-widget-mobile__width-initial elementor-widget elementor-widget-text-editor\" data-id=\"d4869fa\" data-element_type=\"widget\" data-widget_type=\"text-editor.default\">\n\t\t\t\t<div class=\"elementor-widget-container\">\n\t\t\t\t\t\t\t\t\t<p style=\"text-align: center;\"><span style=\"color: #ff0000;\"><strong><em style=\"text-align: center;\">On trobar el CHEESECAKE AL CARAMELLO SALATO<span style=\"font-family: var( --e-global-typography-text-font-family ), Sans-serif; font-size: var( --e-global-typography-text-font-size );\">:<\/span><\/em><\/strong><\/span><\/p><p style=\"text-align: center;\">\u00a0<\/p>\t\t\t\t\t\t\t\t<\/div>\n\t\t\t\t<\/div>\n\t\t<div class=\"elementor-element elementor-element-e1ed18f e-flex e-con-boxed e-con e-child\" data-id=\"e1ed18f\" data-element_type=\"container\">\n\t\t\t\t\t<div class=\"e-con-inner\">\n\t\t\t\t<div class=\"elementor-element elementor-element-3bebff3 elementor-widget__width-initial elementor-widget elementor-widget-heading\" data-id=\"3bebff3\" data-element_type=\"widget\" data-widget_type=\"heading.default\">\n\t\t\t\t<div class=\"elementor-widget-container\">\n\t\t\t\t\t<h2 class=\"elementor-heading-title elementor-size-default\">BARCELONA:<\/h2>\t\t\t\t<\/div>\n\t\t\t\t<\/div>\n\t\t\t\t<div class=\"elementor-element elementor-element-64433f7 elementor-widget__width-initial elementor-widget-mobile__width-auto elementor-widget elementor-widget-text-editor\" data-id=\"64433f7\" data-element_type=\"widget\" data-widget_type=\"text-editor.default\">\n\t\t\t\t<div class=\"elementor-widget-container\">\n\t\t\t\t\t\t\t\t\t<p><span style=\"font-weight: bolder; text-align: center;\"><span style=\"color: #ff0000;\">\u2022<\/span><\/span><i style=\"text-align: center;\">\u00a0C.C. ILLA DIAGONAL (Av. Diagonal).<\/i><\/p><p><i style=\"color: var( --e-global-color-text ); font-family: var( --e-global-typography-text-font-family ), Sans-serif; font-size: var( --e-global-typography-text-font-size ); font-weight: var( --e-global-typography-text-font-weight ); text-align: center;\"><span style=\"font-weight: bolder;\"><span style=\"color: #ff0000;\">\u2022<\/span><\/span><i>\u00a0<\/i>C.C. ARENAS (Gran Via de les Corts Catalanes).<\/i><\/p><p><i style=\"color: var( --e-global-color-text ); font-family: var( --e-global-typography-text-font-family ), Sans-serif; font-size: var( --e-global-typography-text-font-size ); font-weight: var( --e-global-typography-text-font-weight ); text-align: center;\"><span style=\"font-weight: bolder;\"><span style=\"color: #ff0000;\">\u2022<\/span><\/span><i>\u00a0<\/i>SARRI\u00c0 (Pla\u00e7a de Sarri\u00e0).<\/i><\/p><p><i style=\"color: var( --e-global-color-text ); font-family: var( --e-global-typography-text-font-family ), Sans-serif; font-size: var( --e-global-typography-text-font-size ); font-weight: var( --e-global-typography-text-font-weight ); text-align: center;\"><span style=\"font-weight: bolder;\"><span style=\"color: #ff0000;\">\u2022<\/span><\/span><i>\u00a0<\/i>POBLE SEC\u00a0 (C\/ Blai) .\u00a0<\/i><\/p><p><i style=\"color: var( --e-global-color-text ); font-family: var( --e-global-typography-text-font-family ), Sans-serif; font-size: var( --e-global-typography-text-font-size ); font-weight: var( --e-global-typography-text-font-weight ); text-align: center;\"><span style=\"font-weight: bolder;\"><span style=\"color: #ff0000;\">\u2022<\/span><\/span><i>\u00a0<\/i>GR\u00c0CIA\u00a0 (Pl. Revoluci\u00f3)<\/i><\/p><p><i style=\"color: var( --e-global-color-text ); font-family: var( --e-global-typography-text-font-family ), Sans-serif; font-size: var( --e-global-typography-text-font-size ); font-weight: var( --e-global-typography-text-font-weight ); text-align: center;\"><span style=\"font-weight: bolder;\"><span style=\"color: #ff0000;\">\u2022<\/span><\/span><i>\u00a0<\/i>C.C. MAREMAGNUM\u00a0 (Moll d&#8217;Espanya)<\/i><\/p><p><i style=\"text-align: center;\"><span style=\"font-weight: bolder;\"><span style=\"color: #ff0000;\">\u2022<\/span><\/span><i>\u00a0<\/i>C.C. SPLAU\u00a0 (Cornell\u00e0 de Llobregat)<\/i><\/p>\t\t\t\t\t\t\t\t<\/div>\n\t\t\t\t<\/div>\n\t\t\t\t\t<\/div>\n\t\t\t\t<\/div>\n\t\t<div class=\"elementor-element elementor-element-2cb5086 e-flex e-con-boxed e-con e-child\" data-id=\"2cb5086\" data-element_type=\"container\">\n\t\t\t\t\t<div class=\"e-con-inner\">\n\t\t\t\t<div class=\"elementor-element elementor-element-3b5c074 elementor-widget__width-initial elementor-widget elementor-widget-heading\" data-id=\"3b5c074\" data-element_type=\"widget\" data-widget_type=\"heading.default\">\n\t\t\t\t<div class=\"elementor-widget-container\">\n\t\t\t\t\t<h2 class=\"elementor-heading-title elementor-size-default\">GIRONA:<\/h2>\t\t\t\t<\/div>\n\t\t\t\t<\/div>\n\t\t\t\t<div class=\"elementor-element elementor-element-8c58293 elementor-widget__width-initial elementor-widget-mobile__width-auto elementor-widget elementor-widget-text-editor\" data-id=\"8c58293\" data-element_type=\"widget\" data-widget_type=\"text-editor.default\">\n\t\t\t\t<div class=\"elementor-widget-container\">\n\t\t\t\t\t\t\t\t\t<p><span style=\"font-weight: bolder; text-align: center;\"><span style=\"color: #ff0000;\">\u2022<\/span><\/span><i style=\"text-align: center;\"> GIRONA &#8211;\u00a0 (Pla\u00e7a Catalunya).<\/i><\/p>\t\t\t\t\t\t\t\t<\/div>\n\t\t\t\t<\/div>\n\t\t<div class=\"elementor-element elementor-element-5014e0f e-con-full e-flex e-con e-child\" data-id=\"5014e0f\" data-element_type=\"container\">\n\t\t\t\t<div class=\"elementor-element elementor-element-9bd88e4 elementor-widget__width-initial elementor-widget elementor-widget-heading\" data-id=\"9bd88e4\" data-element_type=\"widget\" data-widget_type=\"heading.default\">\n\t\t\t\t<div class=\"elementor-widget-container\">\n\t\t\t\t\t<h2 class=\"elementor-heading-title elementor-size-default\">COSTA BRAVA:<\/h2>\t\t\t\t<\/div>\n\t\t\t\t<\/div>\n\t\t\t\t<div class=\"elementor-element elementor-element-8d61808 elementor-widget__width-initial elementor-widget-mobile__width-auto elementor-widget elementor-widget-text-editor\" data-id=\"8d61808\" data-element_type=\"widget\" data-widget_type=\"text-editor.default\">\n\t\t\t\t<div class=\"elementor-widget-container\">\n\t\t\t\t\t\t\t\t\t<p><i style=\"color: var( --e-global-color-text ); font-family: var( --e-global-typography-text-font-family ), Sans-serif; font-size: var( --e-global-typography-text-font-size ); font-weight: var( --e-global-typography-text-font-weight ); text-align: center;\"><span style=\"font-weight: bolder;\"><span style=\"color: #ff0000;\">\u2022<\/span><\/span><i>\u00a0<\/i>ROSES (Av. de Rhode, 189)<\/i><\/p>\t\t\t\t\t\t\t\t<\/div>\n\t\t\t\t<\/div>\n\t\t\t\t<\/div>\n\t\t\t\t\t<\/div>\n\t\t\t\t<\/div>\n\t\t<div class=\"elementor-element elementor-element-d51683b e-flex e-con-boxed e-con e-child\" data-id=\"d51683b\" data-element_type=\"container\">\n\t\t\t\t\t<div class=\"e-con-inner\">\n\t\t\t\t<div class=\"elementor-element elementor-element-5088ef6 elementor-widget__width-initial elementor-widget elementor-widget-heading\" data-id=\"5088ef6\" data-element_type=\"widget\" data-widget_type=\"heading.default\">\n\t\t\t\t<div class=\"elementor-widget-container\">\n\t\t\t\t\t<h2 class=\"elementor-heading-title elementor-size-default\">MADRID:<\/h2>\t\t\t\t<\/div>\n\t\t\t\t<\/div>\n\t\t\t\t<div class=\"elementor-element elementor-element-2f2d3d5 elementor-widget__width-initial elementor-widget-mobile__width-auto elementor-widget elementor-widget-text-editor\" data-id=\"2f2d3d5\" data-element_type=\"widget\" data-widget_type=\"text-editor.default\">\n\t\t\t\t<div class=\"elementor-widget-container\">\n\t\t\t\t\t\t\t\t\t<p><i style=\"text-align: center;\"><span style=\"font-weight: bolder;\"><span style=\"color: #ff0000;\">\u2022<\/span><\/span> CUATRO CAMINOS (C. Santa Engracia)<\/i><\/p><p><i style=\"color: var( --e-global-color-text ); font-family: var( --e-global-typography-text-font-family ), Sans-serif; font-size: var( --e-global-typography-text-font-size ); font-weight: var( --e-global-typography-text-font-weight ); text-align: center;\"><span style=\"font-weight: bolder;\"><span style=\"color: #ff0000;\">\u2022<\/span><\/span> C.C. LA VAGUADA<i> (<\/i><\/i><i style=\"color: var( --e-global-color-text ); font-family: var( --e-global-typography-text-font-family ), Sans-serif; font-size: var( --e-global-typography-text-font-size ); font-weight: var( --e-global-typography-text-font-weight ); text-align: center;\">Av. de Monforte de Lemos)<\/i><\/p>\t\t\t\t\t\t\t\t<\/div>\n\t\t\t\t<\/div>\n\t\t<div class=\"elementor-element elementor-element-8db409e e-flex e-con-boxed e-con e-child\" data-id=\"8db409e\" data-element_type=\"container\">\n\t\t\t\t\t<div class=\"e-con-inner\">\n\t\t\t\t<div class=\"elementor-element elementor-element-abb3e41 elementor-widget__width-initial elementor-widget elementor-widget-heading\" data-id=\"abb3e41\" data-element_type=\"widget\" data-widget_type=\"heading.default\">\n\t\t\t\t<div class=\"elementor-widget-container\">\n\t\t\t\t\t<h2 class=\"elementor-heading-title elementor-size-default\">LEGAN\u00c9S:<\/h2>\t\t\t\t<\/div>\n\t\t\t\t<\/div>\n\t\t\t\t<div class=\"elementor-element elementor-element-007e104 elementor-widget__width-initial elementor-widget-mobile__width-auto elementor-widget elementor-widget-text-editor\" data-id=\"007e104\" data-element_type=\"widget\" data-widget_type=\"text-editor.default\">\n\t\t\t\t<div class=\"elementor-widget-container\">\n\t\t\t\t\t\t\t\t\t<p><i style=\"color: var( --e-global-color-text ); font-family: var( --e-global-typography-text-font-family ), Sans-serif; font-size: var( --e-global-typography-text-font-size ); font-weight: var( --e-global-typography-text-font-weight ); text-align: center;\"><span style=\"font-weight: bolder;\"><span style=\"color: #ff0000;\">\u2022<\/span><\/span> C.C. PARQUESUR (<\/i><i style=\"color: var( --e-global-color-text ); font-family: var( --e-global-typography-text-font-family ), Sans-serif; font-size: var( --e-global-typography-text-font-size ); font-weight: var( --e-global-typography-text-font-weight ); text-align: center;\">Avda. Pablo Iglesias)<\/i><\/p>\t\t\t\t\t\t\t\t<\/div>\n\t\t\t\t<\/div>\n\t\t<div class=\"elementor-element elementor-element-ba82732 e-flex e-con-boxed e-con e-child\" data-id=\"ba82732\" data-element_type=\"container\">\n\t\t\t\t\t<div class=\"e-con-inner\">\n\t\t\t\t<div class=\"elementor-element elementor-element-92aac4c elementor-widget__width-initial elementor-widget elementor-widget-heading\" data-id=\"92aac4c\" data-element_type=\"widget\" data-widget_type=\"heading.default\">\n\t\t\t\t<div class=\"elementor-widget-container\">\n\t\t\t\t\t<h2 class=\"elementor-heading-title elementor-size-default\">TORREJ\u00d3N DE ARDOZ::<\/h2>\t\t\t\t<\/div>\n\t\t\t\t<\/div>\n\t\t\t\t<div class=\"elementor-element elementor-element-787b28a elementor-widget__width-initial elementor-widget-mobile__width-auto elementor-widget elementor-widget-text-editor\" data-id=\"787b28a\" data-element_type=\"widget\" data-widget_type=\"text-editor.default\">\n\t\t\t\t<div class=\"elementor-widget-container\">\n\t\t\t\t\t\t\t\t\t<p><i style=\"color: var( --e-global-color-text ); font-family: var( --e-global-typography-text-font-family ), Sans-serif; font-size: var( --e-global-typography-text-font-size ); font-weight: var( --e-global-typography-text-font-weight ); text-align: center;\"><span style=\"font-weight: bolder;\"><span style=\"color: #ff0000;\">\u2022<\/span><\/span> C.C. PARQUE CORREDOR (<\/i><i style=\"text-align: center;\"> Av. Gran Breta\u00f1a)<span style=\"color: rgba(0, 0, 0, 0); font-family: var( --e-global-typography-text-font-family ), Sans-serif;\"><span style=\"font-weight: var( --e-global-typography-text-font-weight );\">)<\/span><\/span><\/i><\/p>\t\t\t\t\t\t\t\t<\/div>\n\t\t\t\t<\/div>\n\t\t\t\t\t<\/div>\n\t\t\t\t<\/div>\n\t\t\t\t\t<\/div>\n\t\t\t\t<\/div>\n\t\t\t\t\t<\/div>\n\t\t\t\t<\/div>\n\t\t<div class=\"elementor-element elementor-element-d1aa62f e-flex e-con-boxed e-con e-child\" data-id=\"d1aa62f\" data-element_type=\"container\">\n\t\t\t\t\t<div class=\"e-con-inner\">\n\t\t\t\t<div class=\"elementor-element elementor-element-e953627 elementor-widget__width-initial elementor-widget elementor-widget-heading\" data-id=\"e953627\" data-element_type=\"widget\" data-widget_type=\"heading.default\">\n\t\t\t\t<div class=\"elementor-widget-container\">\n\t\t\t\t\t<h2 class=\"elementor-heading-title elementor-size-default\">ZARAGOZA:<\/h2>\t\t\t\t<\/div>\n\t\t\t\t<\/div>\n\t\t\t\t<div class=\"elementor-element elementor-element-b0e47b1 elementor-widget__width-initial elementor-widget-mobile__width-auto elementor-widget elementor-widget-text-editor\" data-id=\"b0e47b1\" data-element_type=\"widget\" data-widget_type=\"text-editor.default\">\n\t\t\t\t<div class=\"elementor-widget-container\">\n\t\t\t\t\t\t\t\t\t<p><span style=\"font-weight: bolder; text-align: center;\"><span style=\"color: #ff0000;\">\u2022<\/span><\/span><i style=\"text-align: center;\"> ZARAGOZA CENTRO (Plaza del Pilar, 10)<\/i><\/p>\t\t\t\t\t\t\t\t<\/div>\n\t\t\t\t<\/div>\n\t\t\t\t\t<\/div>\n\t\t\t\t<\/div>\n\t\t<div class=\"elementor-element elementor-element-1338009 e-flex e-con-boxed e-con e-child\" data-id=\"1338009\" data-element_type=\"container\">\n\t\t\t\t\t<div class=\"e-con-inner\">\n\t\t<div class=\"elementor-element elementor-element-fe6286d e-flex e-con-boxed e-con e-child\" data-id=\"fe6286d\" data-element_type=\"container\">\n\t\t\t\t\t<div class=\"e-con-inner\">\n\t\t\t\t<div class=\"elementor-element elementor-element-3cb9a15 elementor-widget__width-initial elementor-widget elementor-widget-heading\" data-id=\"3cb9a15\" data-element_type=\"widget\" data-widget_type=\"heading.default\">\n\t\t\t\t<div class=\"elementor-widget-container\">\n\t\t\t\t\t<h2 class=\"elementor-heading-title elementor-size-default\">MOROCCO:<\/h2>\t\t\t\t<\/div>\n\t\t\t\t<\/div>\n\t\t\t\t<div class=\"elementor-element elementor-element-21c65fc elementor-widget__width-initial elementor-widget-mobile__width-auto elementor-widget elementor-widget-text-editor\" data-id=\"21c65fc\" data-element_type=\"widget\" data-widget_type=\"text-editor.default\">\n\t\t\t\t<div class=\"elementor-widget-container\">\n\t\t\t\t\t\t\t\t\t<p><span style=\"font-weight: bolder; text-align: center;\"><span style=\"color: #ff0000;\">\u2022<\/span><\/span><i style=\"text-align: center;\"> Av. Mohammed V,&nbsp; MARRAKECH<\/i><\/p>\t\t\t\t\t\t\t\t<\/div>\n\t\t\t\t<\/div>\n\t\t<div class=\"elementor-element elementor-element-5364d6a e-con-full e-flex e-con e-child\" data-id=\"5364d6a\" data-element_type=\"container\">\n\t\t\t\t<div class=\"elementor-element elementor-element-197ceff elementor-widget__width-initial elementor-widget elementor-widget-heading\" data-id=\"197ceff\" data-element_type=\"widget\" data-widget_type=\"heading.default\">\n\t\t\t\t<div class=\"elementor-widget-container\">\n\t\t\t\t\t<h2 class=\"elementor-heading-title elementor-size-default\">QATAR:<\/h2>\t\t\t\t<\/div>\n\t\t\t\t<\/div>\n\t\t\t\t<div class=\"elementor-element elementor-element-8969318 elementor-widget__width-initial elementor-widget-mobile__width-auto elementor-widget elementor-widget-text-editor\" data-id=\"8969318\" data-element_type=\"widget\" data-widget_type=\"text-editor.default\">\n\t\t\t\t<div class=\"elementor-widget-container\">\n\t\t\t\t\t\t\t\t\t<p><span style=\"font-weight: bolder; text-align: center;\"><span style=\"color: #ff0000;\">\u2022<\/span><\/span><i style=\"text-align: center;\">\u00a0DOHA FESTIVAL CITY: Umm Salal Muhammed, DOHA.<\/i><\/p><p><i style=\"text-align: center;\"><span style=\"font-weight: bolder;\"><span style=\"color: #ff0000;\">\u2022<\/span><\/span>\u00a0OLD DOHA PORT: Mina District, Old Doha Port, <\/i><i style=\"color: var( --e-global-color-text ); font-family: var( --e-global-typography-text-font-family ), Sans-serif; font-size: var( --e-global-typography-text-font-size ); font-weight: var( --e-global-typography-text-font-weight ); text-align: center;\">DOHA.<\/i><\/p>\t\t\t\t\t\t\t\t<\/div>\n\t\t\t\t<\/div>\n\t\t\t\t<\/div>\n\t\t\t\t\t<\/div>\n\t\t\t\t<\/div>\n\t\t\t\t\t<\/div>\n\t\t\t\t<\/div>\n\t\t\t\t<div class=\"elementor-element elementor-element-70ff3bc elementor-widget-divider--view-line elementor-widget elementor-widget-divider\" data-id=\"70ff3bc\" data-element_type=\"widget\" data-widget_type=\"divider.default\">\n\t\t\t\t<div class=\"elementor-widget-container\">\n\t\t\t\t\t\t\t<div class=\"elementor-divider\">\n\t\t\t<span class=\"elementor-divider-separator\">\n\t\t\t\t\t\t<\/span>\n\t\t<\/div>\n\t\t\t\t\t\t<\/div>\n\t\t\t\t<\/div>\n\t\t\t\t<div class=\"elementor-element elementor-element-b8e192d elementor-widget__width-initial elementor-widget-mobile__width-initial elementor-widget elementor-widget-image\" data-id=\"b8e192d\" data-element_type=\"widget\" data-widget_type=\"image.default\">\n\t\t\t\t<div class=\"elementor-widget-container\">\n\t\t\t\t\t\t\t\t\t\t\t\t\t\t\t<img decoding=\"async\" width=\"700\" height=\"870\" src=\"https:\/\/gelatidino.com\/wp-content\/uploads\/2025\/12\/cheesecake-V.jpg\" class=\"attachment-large size-large wp-image-7665\" alt=\"cono cheesecake al caramello salato\" srcset=\"https:\/\/gelatidino.com\/wp-content\/uploads\/2025\/12\/cheesecake-V.jpg 700w, https:\/\/gelatidino.com\/wp-content\/uploads\/2025\/12\/cheesecake-V-241x300.jpg 241w\" sizes=\"(max-width: 700px) 100vw, 700px\" \/>\t\t\t\t\t\t\t\t\t\t\t\t\t\t\t<\/div>\n\t\t\t\t<\/div>\n\t\t\t\t\t<\/div>\n\t\t\t\t<\/div>\n\t\t\t\t<\/div>\n\t\t","protected":false},"excerpt":{"rendered":"<p>CHEESECAKE AL CARAMELLO SALATO GUSTO del mese di gennaio Hi ha sabors que marquen l\u2019inici d\u2019alguna cosa especial. Cheesecake al Caramello Salato neix de la combinaci\u00f3 perfecta entre la cremositat delicada del formatge fresc i el nostre inconfusible variegato de caramel de mantega salada, creant un equilibri elegant entre la dol\u00e7or i un subtil toc [&hellip;]<\/p>\n","protected":false},"author":3,"featured_media":0,"parent":0,"menu_order":0,"comment_status":"closed","ping_status":"closed","template":"","meta":{"footnotes":""},"class_list":["post-8432","page","type-page","status-publish","hentry"],"_links":{"self":[{"href":"https:\/\/gelatidino.com\/ca\/wp-json\/wp\/v2\/pages\/8432","targetHints":{"allow":["GET"]}}],"collection":[{"href":"https:\/\/gelatidino.com\/ca\/wp-json\/wp\/v2\/pages"}],"about":[{"href":"https:\/\/gelatidino.com\/ca\/wp-json\/wp\/v2\/types\/page"}],"author":[{"embeddable":true,"href":"https:\/\/gelatidino.com\/ca\/wp-json\/wp\/v2\/users\/3"}],"replies":[{"embeddable":true,"href":"https:\/\/gelatidino.com\/ca\/wp-json\/wp\/v2\/comments?post=8432"}],"version-history":[{"count":5,"href":"https:\/\/gelatidino.com\/ca\/wp-json\/wp\/v2\/pages\/8432\/revisions"}],"predecessor-version":[{"id":8441,"href":"https:\/\/gelatidino.com\/ca\/wp-json\/wp\/v2\/pages\/8432\/revisions\/8441"}],"wp:attachment":[{"href":"https:\/\/gelatidino.com\/ca\/wp-json\/wp\/v2\/media?parent=8432"}],"curies":[{"name":"wp","href":"https:\/\/api.w.org\/{rel}","templated":true}]}}