{"id":6781,"date":"2023-08-13T12:30:13","date_gmt":"2023-08-13T10:30:13","guid":{"rendered":"https:\/\/gelatidino.com\/politica-de-privadesa\/"},"modified":"2026-01-11T12:34:57","modified_gmt":"2026-01-11T10:34:57","slug":"politica-de-privadesa","status":"publish","type":"page","link":"https:\/\/gelatidino.com\/ca\/politica-de-privadesa\/","title":{"rendered":"Pol\u00edtica de privadesa"},"content":{"rendered":"\t\t<div data-elementor-type=\"wp-page\" data-elementor-id=\"6781\" class=\"elementor elementor-6781 elementor-1256\" data-elementor-post-type=\"page\">\n\t\t\t\t<div class=\"elementor-element elementor-element-3fa4e5f e-flex e-con-boxed e-con e-parent\" data-id=\"3fa4e5f\" data-element_type=\"container\" data-settings=\"{&quot;background_background&quot;:&quot;classic&quot;,&quot;shape_divider_bottom&quot;:&quot;curve-asymmetrical&quot;,&quot;shape_divider_bottom_negative&quot;:&quot;yes&quot;}\">\n\t\t\t\t\t<div class=\"e-con-inner\">\n\t\t\t\t<div class=\"elementor-shape elementor-shape-bottom\" aria-hidden=\"true\" data-negative=\"true\">\n\t\t\t<svg xmlns=\"http:\/\/www.w3.org\/2000\/svg\" viewBox=\"0 0 1000 100\" preserveAspectRatio=\"none\">\n\t<path class=\"elementor-shape-fill\" d=\"M615.2,96.7C240.2,97.8,0,18.9,0,0v100h1000V0C1000,19.2,989.8,96,615.2,96.7z\"\/>\n<\/svg>\t\t<\/div>\n\t\t\t\t\t<\/div>\n\t\t\t\t<\/div>\n\t\t<div class=\"elementor-element elementor-element-94b5ab6 e-flex e-con-boxed e-con e-parent\" data-id=\"94b5ab6\" data-element_type=\"container\">\n\t\t\t\t\t<div class=\"e-con-inner\">\n\t\t<div class=\"elementor-element elementor-element-072d9fd e-con-full e-flex e-con e-child\" data-id=\"072d9fd\" data-element_type=\"container\">\n\t\t<div class=\"elementor-element elementor-element-c2ef267 e-con-full e-flex e-con e-child\" data-id=\"c2ef267\" data-element_type=\"container\" data-settings=\"{&quot;background_background&quot;:&quot;classic&quot;}\">\n\t\t<div class=\"elementor-element elementor-element-d1b5a95 e-con-full e-flex e-con e-child\" data-id=\"d1b5a95\" data-element_type=\"container\">\n\t\t\t\t<div class=\"elementor-element elementor-element-58b4f5e elementor-widget elementor-widget-heading\" data-id=\"58b4f5e\" data-element_type=\"widget\" data-widget_type=\"heading.default\">\n\t\t\t\t<div class=\"elementor-widget-container\">\n\t\t\t\t\t<h2 class=\"elementor-heading-title elementor-size-default\">POL\u00cdTICA DE PRIVACIDAD<\/h2>\t\t\t\t<\/div>\n\t\t\t\t<\/div>\n\t\t\t\t<div class=\"elementor-element elementor-element-391733c elementor-widget-divider--view-line elementor-widget elementor-widget-divider\" data-id=\"391733c\" data-element_type=\"widget\" data-widget_type=\"divider.default\">\n\t\t\t\t<div class=\"elementor-widget-container\">\n\t\t\t\t\t\t\t<div class=\"elementor-divider\">\n\t\t\t<span class=\"elementor-divider-separator\">\n\t\t\t\t\t\t<\/span>\n\t\t<\/div>\n\t\t\t\t\t\t<\/div>\n\t\t\t\t<\/div>\n\t\t\t\t<\/div>\n\t\t\t\t<div class=\"elementor-element elementor-element-44586c3 elementor-widget elementor-widget-text-editor\" data-id=\"44586c3\" data-element_type=\"widget\" data-widget_type=\"text-editor.default\">\n\t\t\t\t<div class=\"elementor-widget-container\">\n\t\t\t\t\t\t\t\t\t<p>INFORMACI\u00d3N DETALLADA SOBRE PROTECCI\u00d3N DE DATOS Y CONSENTIMIENTO EXPL\u00cdCITO DE TRATAMIENTO DE CATEGOR\u00cdAS ESPECIALES DE DATOS<\/p>\n<p>En cumplimiento de la obligaci\u00f3n prevista por el art\u00edculo 13 del Reglamento (UE) 2016\/679, de 27 de abril, relativo a la protecci\u00f3n de las personas f\u00edsicas en lo que respecta al tratamiento de datos personales y a la libre circulaci\u00f3n de esos datos, en adelante, Reglamento Europeo de Protecci\u00f3n de Datos, le informamos de lo siguiente:<\/p>\n\t\t\t\t\t\t\t\t<\/div>\n\t\t\t\t<\/div>\n\t\t\t\t<div class=\"elementor-element elementor-element-1f3219f elementor-widget elementor-widget-heading\" data-id=\"1f3219f\" data-element_type=\"widget\" data-widget_type=\"heading.default\">\n\t\t\t\t<div class=\"elementor-widget-container\">\n\t\t\t\t\t<p class=\"elementor-heading-title elementor-size-default\">1.- DATOS DEL RESPONSABLE\n<\/p>\t\t\t\t<\/div>\n\t\t\t\t<\/div>\n\t\t\t\t<div class=\"elementor-element elementor-element-7a23c61 elementor-widget elementor-widget-text-editor\" data-id=\"7a23c61\" data-element_type=\"widget\" data-widget_type=\"text-editor.default\">\n\t\t\t\t<div class=\"elementor-widget-container\">\n\t\t\t\t\t\t\t\t\t<p>Identidad del responsable del tratamiento:<br \/>EMPURIA GEL SL, provisto de NIF B17412552<br \/>Datos de contacto del responsable:<br \/>Domicilio en Calle SECTOR AEROCLUB, N.9, Castell\u00f3 d&#8217;Emp\u00faries, 17487 GIRONA<br \/>Tel\u00e9fono: 972450074<br \/>Correo electr\u00f3nico: info@gelatidino.com<\/p>\n\t\t\t\t\t\t\t\t<\/div>\n\t\t\t\t<\/div>\n\t\t\t\t<div class=\"elementor-element elementor-element-50f7ab2 elementor-widget elementor-widget-heading\" data-id=\"50f7ab2\" data-element_type=\"widget\" data-widget_type=\"heading.default\">\n\t\t\t\t<div class=\"elementor-widget-container\">\n\t\t\t\t\t<p class=\"elementor-heading-title elementor-size-default\">2.- FINALIDAD DEL TRATAMIENTO\n\n<\/p>\t\t\t\t<\/div>\n\t\t\t\t<\/div>\n\t\t\t\t<div class=\"elementor-element elementor-element-9f38997 elementor-widget elementor-widget-text-editor\" data-id=\"9f38997\" data-element_type=\"widget\" data-widget_type=\"text-editor.default\">\n\t\t\t\t<div class=\"elementor-widget-container\">\n\t\t\t\t\t\t\t\t\t<p>2.1.-La recogida y tratamiento de los Datos Personales del interesado tiene como finalidad: La gesti\u00f3n administrativa de los mismos , incluy\u00e9ndose la emisi\u00f3n de facturas, albaranes, y pedidos , as\u00ed com tambi\u00e9n el env\u00edo de aquellas comunicaciones que consideremos que puedan ser de su inter\u00e9s y siempres relaciondas con el objeto de nuestra relaci\u00f3n comercial.<\/p>\n<p>2.2. En el caso que usted participe en alguno de nuestros sorteos, sus datos ser\u00e1n tratados para gestionar las respuestas ofrecidas en los formularios de participaci\u00f3n, y la gesti\u00f3n de su participaci\u00f3n en dichos sorteos.<\/p>\n\t\t\t\t\t\t\t\t<\/div>\n\t\t\t\t<\/div>\n\t\t\t\t<div class=\"elementor-element elementor-element-6057739 elementor-widget elementor-widget-heading\" data-id=\"6057739\" data-element_type=\"widget\" data-widget_type=\"heading.default\">\n\t\t\t\t<div class=\"elementor-widget-container\">\n\t\t\t\t\t<p class=\"elementor-heading-title elementor-size-default\">\u200b3.- LEGITIMACI\u00d3N\n\n\n<\/p>\t\t\t\t<\/div>\n\t\t\t\t<\/div>\n\t\t\t\t<div class=\"elementor-element elementor-element-adbb469 elementor-widget elementor-widget-text-editor\" data-id=\"adbb469\" data-element_type=\"widget\" data-widget_type=\"text-editor.default\">\n\t\t\t\t<div class=\"elementor-widget-container\">\n\t\t\t\t\t\t\t\t\t<p>Base jur\u00eddica del tratamiento<\/p>\n<p>En cumplimiento de lo establecido por el art\u00edculo 13 del Reglamento Europeo de Protecci\u00f3n de Datos se le informa que la base jur\u00eddica para el presente tratamiento es la siguiente:<\/p>\n<p>\u2022 Consentimiento del interesado<br \/>\u2022 Tratamiento necesario para la ejecuci\u00f3n de un contrato en que el interesado es parte,<br \/>\u2022 Tratamiento necesario para el cumplimiento de una obligaci\u00f3n legal<br \/>aplicable al responsable del tratamiento (facturaci\u00f3n).<\/p>\n<p>\u200bObligaci\u00f3n de facilitar datos y consecuencias de no hacerlo<\/p>\n<p>Es imprescindible la comunicaci\u00f3n de los datos personales solicitados para poder gestionar la vertiente administrativa de nuestra relaci\u00f3n comercial y tambi\u00e9n para recibir informaci\u00f3n relativa a nuestros productos y\/o servicios.<\/p>\n\t\t\t\t\t\t\t\t<\/div>\n\t\t\t\t<\/div>\n\t\t\t\t<div class=\"elementor-element elementor-element-8cdb451 elementor-widget elementor-widget-heading\" data-id=\"8cdb451\" data-element_type=\"widget\" data-widget_type=\"heading.default\">\n\t\t\t\t<div class=\"elementor-widget-container\">\n\t\t\t\t\t<p class=\"elementor-heading-title elementor-size-default\">\u200b4.- DESTINATARIOS\n\n\n\n<\/p>\t\t\t\t<\/div>\n\t\t\t\t<\/div>\n\t\t\t\t<div class=\"elementor-element elementor-element-4a82dc2 elementor-widget elementor-widget-text-editor\" data-id=\"4a82dc2\" data-element_type=\"widget\" data-widget_type=\"text-editor.default\">\n\t\t\t\t<div class=\"elementor-widget-container\">\n\t\t\t\t\t\t\t\t\t<p>No se ceder\u00e1n datos a terceros, salvo obligaci\u00f3n legal.<br \/>No est\u00e1n previstas ls transferencias internacionales de datos.<\/p>\n\t\t\t\t\t\t\t\t<\/div>\n\t\t\t\t<\/div>\n\t\t\t\t<div class=\"elementor-element elementor-element-87c640e elementor-widget elementor-widget-heading\" data-id=\"87c640e\" data-element_type=\"widget\" data-widget_type=\"heading.default\">\n\t\t\t\t<div class=\"elementor-widget-container\">\n\t\t\t\t\t<p class=\"elementor-heading-title elementor-size-default\">5.- DERECHOS\n\n\n\n\n<\/p>\t\t\t\t<\/div>\n\t\t\t\t<\/div>\n\t\t\t\t<div class=\"elementor-element elementor-element-67be965 elementor-widget elementor-widget-text-editor\" data-id=\"67be965\" data-element_type=\"widget\" data-widget_type=\"text-editor.default\">\n\t\t\t\t<div class=\"elementor-widget-container\">\n\t\t\t\t\t\t\t\t\t<p>Tiene derecho a acceder, rectificar y suprimir los datos, as\u00ed como a ejercer otros derechos como se explica en la informaci\u00f3n adicional.<\/p>\n<p>En virtud de lo dispuesto en los art\u00edculos 15 a 22 del Reglamento Europeo de Protecci\u00f3n de Datos, en cualquier momento usted podr\u00e1 ejercer sus derechos de acceso, rectificaci\u00f3n, supresi\u00f3n, limitaci\u00f3n del tratamiento, portabilidad, oposici\u00f3n y a no ser objeto de decisiones individualizadas automatizadas, incluidas la elaboraci\u00f3n de perfiles, dirigi\u00e9ndose por escrito a trav\u00e9s del correo ordinario o por correo electr\u00f3nico a info@gelatidino.com.<\/p>\n<p>Igualmente usted tiene derecho a retirar en cualquier momento el consentimiento prestado previamente para el tratamiento de sus datos personales.<\/p>\n<p>Por \u00faltimo, le informamos que usted tiene tambi\u00e9n derecho a plantear la correspondiente reclamaci\u00f3n ante la autoridad de control competente en materia de protecci\u00f3n de datos, si considera que hemos vulnerado alguno de los derechos que el Reglamento de Protecci\u00f3n de Datos o su norma de desarrollo le reconocen.<\/p>\n\t\t\t\t\t\t\t\t<\/div>\n\t\t\t\t<\/div>\n\t\t\t\t<div class=\"elementor-element elementor-element-a19d77d elementor-widget elementor-widget-heading\" data-id=\"a19d77d\" data-element_type=\"widget\" data-widget_type=\"heading.default\">\n\t\t\t\t<div class=\"elementor-widget-container\">\n\t\t\t\t\t<p class=\"elementor-heading-title elementor-size-default\">\u200b6.- PROCEDENCIA\n\n\n\n\n\n<\/p>\t\t\t\t<\/div>\n\t\t\t\t<\/div>\n\t\t\t\t<div class=\"elementor-element elementor-element-4470dc3 elementor-widget elementor-widget-text-editor\" data-id=\"4470dc3\" data-element_type=\"widget\" data-widget_type=\"text-editor.default\">\n\t\t\t\t<div class=\"elementor-widget-container\">\n\t\t\t\t\t\t\t\t\t<p>Sus datos personales los hemos obtenido porque usted nos los ha facilitado bien de una manera directa , bien a trav\u00e9s de un proveedor nuestro.<\/p>\n<p>\u200b<br \/>Categor\u00eda de datos que se tratan<br \/>Los datos personales objeto de tratamiento son los siguientes:<br \/>\u2022 Nombre\/apellidos\/NIF\/direcci\u00f3n postal y\/o electr\u00f3nica<br \/>\u2022 N\u00famero de cuenta bancaria<br \/>\u2022 Direcci\u00f3n IP.<\/p>\n<p>El consentimiento que ahora otorgo lo es s\u00f3lo para las finalidades descritas en la informaci\u00f3n contenida en el presente documento y en los t\u00e9rminos de uso, cesi\u00f3n y conservaci\u00f3n en \u00e9l desarrollados.<\/p>\n\t\t\t\t\t\t\t\t<\/div>\n\t\t\t\t<\/div>\n\t\t\t\t<\/div>\n\t\t\t\t<\/div>\n\t\t\t\t\t<\/div>\n\t\t\t\t<\/div>\n\t\t\t\t<\/div>\n\t\t","protected":false},"excerpt":{"rendered":"<p>POL\u00cdTICA DE PRIVACIDAD INFORMACI\u00d3N DETALLADA SOBRE PROTECCI\u00d3N DE DATOS Y CONSENTIMIENTO EXPL\u00cdCITO DE TRATAMIENTO DE CATEGOR\u00cdAS ESPECIALES DE DATOS En cumplimiento de la obligaci\u00f3n prevista por el art\u00edculo 13 del Reglamento (UE) 2016\/679, de 27 de abril, relativo a la protecci\u00f3n de las personas f\u00edsicas en lo que respecta al tratamiento de datos personales y [&hellip;]<\/p>\n","protected":false},"author":1,"featured_media":0,"parent":0,"menu_order":0,"comment_status":"closed","ping_status":"closed","template":"","meta":{"footnotes":""},"class_list":["post-6781","page","type-page","status-publish","hentry"],"_links":{"self":[{"href":"https:\/\/gelatidino.com\/ca\/wp-json\/wp\/v2\/pages\/6781","targetHints":{"allow":["GET"]}}],"collection":[{"href":"https:\/\/gelatidino.com\/ca\/wp-json\/wp\/v2\/pages"}],"about":[{"href":"https:\/\/gelatidino.com\/ca\/wp-json\/wp\/v2\/types\/page"}],"author":[{"embeddable":true,"href":"https:\/\/gelatidino.com\/ca\/wp-json\/wp\/v2\/users\/1"}],"replies":[{"embeddable":true,"href":"https:\/\/gelatidino.com\/ca\/wp-json\/wp\/v2\/comments?post=6781"}],"version-history":[{"count":4,"href":"https:\/\/gelatidino.com\/ca\/wp-json\/wp\/v2\/pages\/6781\/revisions"}],"predecessor-version":[{"id":8762,"href":"https:\/\/gelatidino.com\/ca\/wp-json\/wp\/v2\/pages\/6781\/revisions\/8762"}],"wp:attachment":[{"href":"https:\/\/gelatidino.com\/ca\/wp-json\/wp\/v2\/media?parent=6781"}],"curies":[{"name":"wp","href":"https:\/\/api.w.org\/{rel}","templated":true}]}}