{"id":6776,"date":"2023-08-13T12:40:43","date_gmt":"2023-08-13T10:40:43","guid":{"rendered":"https:\/\/gelatidino.com\/politica-de-biscotto\/"},"modified":"2025-08-21T12:52:41","modified_gmt":"2025-08-21T10:52:41","slug":"politica-de-biscotto","status":"publish","type":"page","link":"https:\/\/gelatidino.com\/ca\/politica-de-biscotto\/","title":{"rendered":"Pol\u00edtica de Biscotto"},"content":{"rendered":"\t\t<div data-elementor-type=\"wp-page\" data-elementor-id=\"6776\" class=\"elementor elementor-6776 elementor-1269\" data-elementor-post-type=\"page\">\n\t\t\t\t<div class=\"elementor-element elementor-element-99ecdd9 e-flex e-con-boxed e-con e-parent\" data-id=\"99ecdd9\" data-element_type=\"container\" data-settings=\"{&quot;background_background&quot;:&quot;classic&quot;,&quot;shape_divider_bottom&quot;:&quot;curve-asymmetrical&quot;,&quot;shape_divider_bottom_negative&quot;:&quot;yes&quot;}\">\n\t\t\t\t\t<div class=\"e-con-inner\">\n\t\t\t\t<div class=\"elementor-shape elementor-shape-bottom\" aria-hidden=\"true\" data-negative=\"true\">\n\t\t\t<svg xmlns=\"http:\/\/www.w3.org\/2000\/svg\" viewBox=\"0 0 1000 100\" preserveAspectRatio=\"none\">\n\t<path class=\"elementor-shape-fill\" d=\"M615.2,96.7C240.2,97.8,0,18.9,0,0v100h1000V0C1000,19.2,989.8,96,615.2,96.7z\"\/>\n<\/svg>\t\t<\/div>\n\t\t\t\t\t<\/div>\n\t\t\t\t<\/div>\n\t\t<div class=\"elementor-element elementor-element-672701c e-flex e-con-boxed e-con e-parent\" data-id=\"672701c\" data-element_type=\"container\">\n\t\t\t\t\t<div class=\"e-con-inner\">\n\t\t<div class=\"elementor-element elementor-element-d101517 e-con-full e-flex e-con e-child\" data-id=\"d101517\" data-element_type=\"container\">\n\t\t<div class=\"elementor-element elementor-element-087bcf3 e-con-full e-flex e-con e-child\" data-id=\"087bcf3\" data-element_type=\"container\" data-settings=\"{&quot;background_background&quot;:&quot;classic&quot;}\">\n\t\t<div class=\"elementor-element elementor-element-703588a e-con-full e-flex e-con e-child\" data-id=\"703588a\" data-element_type=\"container\">\n\t\t\t\t<div class=\"elementor-element elementor-element-cf586cb elementor-widget elementor-widget-heading\" data-id=\"cf586cb\" data-element_type=\"widget\" data-widget_type=\"heading.default\">\n\t\t\t\t<div class=\"elementor-widget-container\">\n\t\t\t\t\t<h2 class=\"elementor-heading-title elementor-size-default\">POL\u00cdTICA DE BISCOTTO<\/h2>\t\t\t\t<\/div>\n\t\t\t\t<\/div>\n\t\t\t\t<div class=\"elementor-element elementor-element-c6f87b7 elementor-widget-divider--view-line elementor-widget elementor-widget-divider\" data-id=\"c6f87b7\" data-element_type=\"widget\" data-widget_type=\"divider.default\">\n\t\t\t\t<div class=\"elementor-widget-container\">\n\t\t\t\t\t\t\t<div class=\"elementor-divider\">\n\t\t\t<span class=\"elementor-divider-separator\">\n\t\t\t\t\t\t<\/span>\n\t\t<\/div>\n\t\t\t\t\t\t<\/div>\n\t\t\t\t<\/div>\n\t\t\t\t<div class=\"elementor-element elementor-element-12b7ef2 elementor-widget elementor-widget-text-editor\" data-id=\"12b7ef2\" data-element_type=\"widget\" data-widget_type=\"text-editor.default\">\n\t\t\t\t<div class=\"elementor-widget-container\">\n\t\t\t\t\t\t\t\t\tUtilitzem cookies a la nostra web amb l&#8217;objectiu de prestar un millor servei i procurar-te una millor experi\u00e8ncia en la teva navegaci\u00f3. Amb aquesta finalitat, a continuaci\u00f3 t&#8217;informem de manera clara i precisa sobre, qu\u00e8 \u00e9s una galeta, per a qu\u00e8 serveix, quines s\u00f3n la seva finalitat i com configurar-les o deshabilitar-les si aix\u00ed ho desitges.\t\t\t\t\t\t\t\t<\/div>\n\t\t\t\t<\/div>\n\t\t\t\t<div class=\"elementor-element elementor-element-b43837d elementor-widget elementor-widget-heading\" data-id=\"b43837d\" data-element_type=\"widget\" data-widget_type=\"heading.default\">\n\t\t\t\t<div class=\"elementor-widget-container\">\n\t\t\t\t\t<p class=\"elementor-heading-title elementor-size-default\">1.- QU\u00c8 \u00c9S UNA COOKIE?<\/p>\t\t\t\t<\/div>\n\t\t\t\t<\/div>\n\t\t\t\t<div class=\"elementor-element elementor-element-1c58ae7 elementor-widget elementor-widget-text-editor\" data-id=\"1c58ae7\" data-element_type=\"widget\" data-widget_type=\"text-editor.default\">\n\t\t\t\t<div class=\"elementor-widget-container\">\n\t\t\t\t\t\t\t\t\tUna galeta \u00e9s un fitxer que s&#8217;emmagatzema a l&#8217;ordinador de l&#8217;usuari, el tel\u00e8fon intel\u00b7ligent o qualsevol altre dispositiu amb informaci\u00f3 sobre la navegaci\u00f3.\n\nEl conjunt de Cookies ajuda a millorar la qualitat del web, permetent controlar quines p\u00e0gines s\u00f3n \u00fatils, quines no i quines s\u00f3n susceptibles de millora.\n\nLes galetes s\u00f3n essencials per al funcionament d&#8217;internet, aportant innombrables avantatges en la prestaci\u00f3 de serveis interactius, facilitant la navegaci\u00f3 i usabilitat de la nostra web.\n\nEn cap cas les galetes s\u00f3n perjudicials per als equips, sin\u00f3 que ajuden, entre altres finalitats, a identificar i resoldre els errors.\t\t\t\t\t\t\t\t<\/div>\n\t\t\t\t<\/div>\n\t\t\t\t<div class=\"elementor-element elementor-element-f281b70 elementor-widget elementor-widget-heading\" data-id=\"f281b70\" data-element_type=\"widget\" data-widget_type=\"heading.default\">\n\t\t\t\t<div class=\"elementor-widget-container\">\n\t\t\t\t\t<p class=\"elementor-heading-title elementor-size-default\">2.- QUIN TIPUS DE COCKIES EXISTEIXEN?<\/p>\t\t\t\t<\/div>\n\t\t\t\t<\/div>\n\t\t\t\t<div class=\"elementor-element elementor-element-ccefe21 elementor-widget elementor-widget-text-editor\" data-id=\"ccefe21\" data-element_type=\"widget\" data-widget_type=\"text-editor.default\">\n\t\t\t\t<div class=\"elementor-widget-container\">\n\t\t\t\t\t\t\t\t\t<p style=\"text-align: center;\"><strong>Segons l&#8217;entitat que la gestiona:<\/strong><\/p><p>Galetes pr\u00f2pies: S\u00f3n aquelles que s&#8217;envien a l&#8217;equip terminal de l&#8217;usuari des d&#8217;un equip o domini propi i des del qual es presta el servei o facilita la informaci\u00f3 sol\u00b7licitada per l&#8217;usuari.<br \/>Galetes de tercers: S\u00f3n aquelles que s&#8217;envien a l&#8217;equip terminal de l&#8217;usuari des d&#8217;un equip o domini gestionat per una altra entitat que tracta les dades obtingudes a trav\u00e9s de les galetes (xarxes socials, cercadors\u2026). En el cas que les cookies siguin instal\u00b7lades des d&#8217;un equip o domini propi per\u00f2 la informaci\u00f3 que es reculli mitjan\u00e7ant aquestes sigui gestionada per un tercer, no poden ser considerades com a cookies pr\u00f2pies.<\/p><p style=\"text-align: center;\"><strong>Segons el termini de temps que estan activades:<\/strong><\/p><p>Cookies de sessi\u00f3: S\u00f3n un tipus de cookies dissenyades per demanar i emmagatzemar dades mentre l&#8217;usuari accedeix a una p\u00e0gina web. Se solen fer servir per emmagatzemar informaci\u00f3 que nom\u00e9s interessa conservar per a la prestaci\u00f3 del servei sol\u00b7licitat per l&#8217;usuari en una sola ocasi\u00f3. A la llarga, permet proporcionar una millor experi\u00e8ncia per millorar-ne el contingut i facilitar-ne l&#8217;\u00fas.<br \/>Cookies persistents: S\u00f3n un tipus de cookies en qu\u00e8 les dades segueixen emmagatzemades al terminal i poden ser accedides i tractades durant un per\u00edode definit pel responsable de la galeta.<\/p><p style=\"text-align: center;\"><strong>Segons la finalitat:<\/strong><\/p><p>Galetes t\u00e8cniques: S\u00f3n aquelles que permeten a l&#8217;usuari la navegaci\u00f3 a trav\u00e9s d&#8217;una p\u00e0gina web, plataforma o aplicaci\u00f3 i la utilitzaci\u00f3 de les diferents opcions o serveis que hi hagi com, per exemple, controlar el tr\u00e0nsit i la comunicaci\u00f3 de dades, identificar la sessi\u00f3, accedir a parts d&#8217;acc\u00e9s restringit.<\/p><p>Galetes de personalitzaci\u00f3: S\u00f3n aquelles que permeten a l&#8217;usuari accedir al servei amb algunes caracter\u00edstiques de car\u00e0cter general predefinides en funci\u00f3 d&#8217;una s\u00e8rie de criteris al terminal de l&#8217;usuari com ara serien l&#8217;idioma, el tipus de navegador a trav\u00e9s del qual accedeix al servei, la configuraci\u00f3 regional des d&#8217;on accedeix al servei, etc.<\/p><p>Cookies d&#8217;an\u00e0lisi: S\u00f3n aquelles que permeten al responsable de les mateixes, el seguiment i l&#8217;an\u00e0lisi del comportament dels usuaris dels llocs web als quals estan vinculades. La informaci\u00f3 recollida mitjan\u00e7ant aquest tipus de cookies s&#8217;utilitza en el mesurament de l&#8217;activitat dels llocs web, l&#8217;aplicaci\u00f3 o la plataforma i per a l&#8217;elaboraci\u00f3 de perfils de navegaci\u00f3 dels usuaris d&#8217;aquests llocs, aplicacions i plataformes, per introduir millores en funci\u00f3 de l&#8217;an\u00e0lisi de les dades d&#8217;\u00fas que fan els usuaris del servei.<\/p><p>Galetes publicit\u00e0ries: S\u00f3n aquelles que permeten la gesti\u00f3, de la manera m\u00e9s efica\u00e7 possible, dels espais publicitaris que s&#8217;hagin incl\u00f2s a la p\u00e0gina web, aplicaci\u00f3 o plataforma des de la qual presta el servei sol\u00b7licitat en base a criteris com el contingut editat o la freq\u00fc\u00e8ncia en qu\u00e8 es mostren els anuncis.<\/p><p>Galetes de publicitat comportamental: S\u00f3n aquelles que permeten la gesti\u00f3, de la manera m\u00e9s efica\u00e7 possible, dels espais publicitaris que s&#8217;hagin incl\u00f2s en una p\u00e0gina web, aplicaci\u00f3 o plataforma des de la qual presta el servei sol\u00b7licitat. Aquestes cookies emmagatzemen informaci\u00f3 del comportament dels usuaris obtinguda a trav\u00e9s de l&#8217;observaci\u00f3 continuada dels seus h\u00e0bits de navegaci\u00f3, cosa que permet desenvolupar un perfil espec\u00edfic per mostrar publicitat en funci\u00f3 del mateix.<\/p>\t\t\t\t\t\t\t\t<\/div>\n\t\t\t\t<\/div>\n\t\t\t\t<div class=\"elementor-element elementor-element-daa5495 elementor-widget elementor-widget-heading\" data-id=\"daa5495\" data-element_type=\"widget\" data-widget_type=\"heading.default\">\n\t\t\t\t<div class=\"elementor-widget-container\">\n\t\t\t\t\t<p class=\"elementor-heading-title elementor-size-default\">3.- COM POTS CONFIGURAR O DESHABILITAR LES TEVES COOKIES?<\/p>\t\t\t\t<\/div>\n\t\t\t\t<\/div>\n\t\t\t\t<div class=\"elementor-element elementor-element-7d7bd29 elementor-widget elementor-widget-text-editor\" data-id=\"7d7bd29\" data-element_type=\"widget\" data-widget_type=\"text-editor.default\">\n\t\t\t\t<div class=\"elementor-widget-container\">\n\t\t\t\t\t\t\t\t\tPodeu permetre, bloquejar o eliminar les galetes instal\u00b7lades al vostre equip mitjan\u00e7ant la configuraci\u00f3 de les opcions del vostre navegador d&#8217;Internet. En cas que no permetis la instal\u00b7laci\u00f3 de cookies al teu navegador \u00e9s possible que no puguis accedir a alguns dels serveis i que la teva experi\u00e8ncia a la nostra web pugui resultar menys satisfact\u00f2ria.\n\nA continuaci\u00f3 detallem el procediment a seguir per configurar o deshabilitar les galetes, segons el navegador utilitzat:\t\t\t\t\t\t\t\t<\/div>\n\t\t\t\t<\/div>\n\t\t\t\t<div class=\"elementor-element elementor-element-9d3030d elementor-widget elementor-widget-text-editor\" data-id=\"9d3030d\" data-element_type=\"widget\" data-widget_type=\"text-editor.default\">\n\t\t\t\t<div class=\"elementor-widget-container\">\n\t\t\t\t\t\t\t\t\t<p style=\"text-align: center;\"><span style=\"color: #eb0045;\">Internet Explorer:<\/span>\n<a href=\"http:\/\/windows.microsoft.com\/es-es\/windows-vista\/block-or-allow-cookies\" target=\"_blank\" rel=\"noopener\"><span style=\"color: #000000;\">http:\/\/windows.microsoft.com\/es-es\/windows-vista\/block-or-allow-cookies<\/span><\/a><\/p>\n<p style=\"text-align: center;\"><span style=\"color: #eb0045;\">Firefox<\/span>:\n<a href=\"http:\/\/support.mozilla.org\/es\/kb\/habilitar-y-deshabilitar-cookies-que-los-sitios-we\" target=\"_blank\" rel=\"noopener\"><span style=\"color: #000000;\">http:\/\/support.mozilla.org\/es\/kb\/habilitar-y-deshabilitar-cookies-que-los-sitios-we<\/span><\/a><\/p>\n<p style=\"text-align: center;\"><span style=\"color: #eb0045;\">Chrome:<\/span>\n<a href=\"https:\/\/support.google.com\/accounts\/answer\/61416?hl=es\" target=\"_blank\" rel=\"noopener\"><span style=\"color: #000000;\">https:\/\/support.google.com\/accounts\/answer\/61416?hl=es<\/span><\/a><\/p>\n<p style=\"text-align: center;\"><span style=\"color: #eb0045;\">Safari:<\/span>\n<span style=\"color: #000000;\"><a style=\"color: #000000;\" href=\"http:\/\/support.apple.com\/kb\/ph5042\" target=\"_blank\" rel=\"noopener\">http:\/\/support.apple.com\/kb\/ph5042<\/a><\/span><\/p>\n<p style=\"text-align: center;\"><span style=\"color: #eb0045;\">Opera:<\/span>\n<a href=\"http:\/\/help.opera.com\/Linux\/10.60\/es-ES\/cookies.html\" target=\"_blank\" rel=\"noopener\"><span style=\"color: #000000;\">http:\/\/help.opera.com\/Linux\/10.60\/es-ES\/cookies.html<\/span><\/a><\/p>\nAl navegar y continuar en nuestra web nos indicas que est\u00e1s consintiendo el uso de las cookies antes anunciadas, y en las condiciones contenidas en la presente Pol\u00edtica de Cookies.\t\t\t\t\t\t\t\t<\/div>\n\t\t\t\t<\/div>\n\t\t\t\t<\/div>\n\t\t\t\t<\/div>\n\t\t\t\t<\/div>\n\t\t\t\t\t<\/div>\n\t\t\t\t<\/div>\n\t\t\t\t<\/div>\n\t\t","protected":false},"excerpt":{"rendered":"<p>POL\u00cdTICA DE BISCOTTO Utilitzem cookies a la nostra web amb l&#8217;objectiu de prestar un millor servei i procurar-te una millor experi\u00e8ncia en la teva navegaci\u00f3. Amb aquesta finalitat, a continuaci\u00f3 t&#8217;informem de manera clara i precisa sobre, qu\u00e8 \u00e9s una galeta, per a qu\u00e8 serveix, quines s\u00f3n la seva finalitat i com configurar-les o deshabilitar-les [&hellip;]<\/p>\n","protected":false},"author":1,"featured_media":0,"parent":0,"menu_order":0,"comment_status":"closed","ping_status":"closed","template":"elementor_header_footer","meta":{"footnotes":""},"class_list":["post-6776","page","type-page","status-publish","hentry"],"_links":{"self":[{"href":"https:\/\/gelatidino.com\/ca\/wp-json\/wp\/v2\/pages\/6776","targetHints":{"allow":["GET"]}}],"collection":[{"href":"https:\/\/gelatidino.com\/ca\/wp-json\/wp\/v2\/pages"}],"about":[{"href":"https:\/\/gelatidino.com\/ca\/wp-json\/wp\/v2\/types\/page"}],"author":[{"embeddable":true,"href":"https:\/\/gelatidino.com\/ca\/wp-json\/wp\/v2\/users\/1"}],"replies":[{"embeddable":true,"href":"https:\/\/gelatidino.com\/ca\/wp-json\/wp\/v2\/comments?post=6776"}],"version-history":[{"count":3,"href":"https:\/\/gelatidino.com\/ca\/wp-json\/wp\/v2\/pages\/6776\/revisions"}],"predecessor-version":[{"id":6780,"href":"https:\/\/gelatidino.com\/ca\/wp-json\/wp\/v2\/pages\/6776\/revisions\/6780"}],"wp:attachment":[{"href":"https:\/\/gelatidino.com\/ca\/wp-json\/wp\/v2\/media?parent=6776"}],"curies":[{"name":"wp","href":"https:\/\/api.w.org\/{rel}","templated":true}]}}