{"id":6766,"date":"2025-01-24T14:49:33","date_gmt":"2025-01-24T12:49:33","guid":{"rendered":"https:\/\/gelatidino.com\/pistacchissimo2\/"},"modified":"2025-08-21T12:40:48","modified_gmt":"2025-08-21T10:40:48","slug":"pistacchissimo2","status":"publish","type":"page","link":"https:\/\/gelatidino.com\/ca\/pistacchissimo2\/","title":{"rendered":"Pistacchissimo2"},"content":{"rendered":"\t\t<div data-elementor-type=\"wp-page\" data-elementor-id=\"6766\" class=\"elementor elementor-6766 elementor-4095\" data-elementor-post-type=\"page\">\n\t\t\t\t<div class=\"elementor-element elementor-element-b91f950 e-flex e-con-boxed elementor-invisible e-con e-parent\" data-id=\"b91f950\" data-element_type=\"container\" data-settings=\"{&quot;background_background&quot;:&quot;classic&quot;,&quot;shape_divider_bottom&quot;:&quot;curve-asymmetrical&quot;,&quot;shape_divider_bottom_negative&quot;:&quot;yes&quot;,&quot;animation&quot;:&quot;fadeInUp&quot;}\">\n\t\t\t\t\t<div class=\"e-con-inner\">\n\t\t\t\t<div class=\"elementor-shape elementor-shape-bottom\" aria-hidden=\"true\" data-negative=\"true\">\n\t\t\t<svg xmlns=\"http:\/\/www.w3.org\/2000\/svg\" viewBox=\"0 0 1000 100\" preserveAspectRatio=\"none\">\n\t<path class=\"elementor-shape-fill\" d=\"M615.2,96.7C240.2,97.8,0,18.9,0,0v100h1000V0C1000,19.2,989.8,96,615.2,96.7z\"\/>\n<\/svg>\t\t<\/div>\n\t\t\t\t\t<\/div>\n\t\t\t\t<\/div>\n\t\t<div class=\"elementor-element elementor-element-ffc6b88 e-flex e-con-boxed elementor-invisible e-con e-parent\" data-id=\"ffc6b88\" data-element_type=\"container\" data-settings=\"{&quot;animation&quot;:&quot;fadeInUp&quot;}\">\n\t\t\t\t\t<div class=\"e-con-inner\">\n\t\t\t\t<div class=\"elementor-element elementor-element-6e00085 elementor-widget-mobile__width-initial elementor-widget elementor-widget-image\" data-id=\"6e00085\" data-element_type=\"widget\" data-widget_type=\"image.default\">\n\t\t\t\t<div class=\"elementor-widget-container\">\n\t\t\t\t\t\t\t\t\t\t\t\t\t\t\t<img fetchpriority=\"high\" decoding=\"async\" width=\"800\" height=\"516\" src=\"https:\/\/gelatidino.com\/wp-content\/uploads\/2025\/01\/portada_3_cheesecake--1024x660.png\" class=\"attachment-large size-large wp-image-6095\" alt=\"\" srcset=\"https:\/\/gelatidino.com\/wp-content\/uploads\/2025\/01\/portada_3_cheesecake--1024x660.png 1024w, https:\/\/gelatidino.com\/wp-content\/uploads\/2025\/01\/portada_3_cheesecake--300x194.png 300w, https:\/\/gelatidino.com\/wp-content\/uploads\/2025\/01\/portada_3_cheesecake--768x495.png 768w, https:\/\/gelatidino.com\/wp-content\/uploads\/2025\/01\/portada_3_cheesecake-.png 1400w\" sizes=\"(max-width: 800px) 100vw, 800px\" \/>\t\t\t\t\t\t\t\t\t\t\t\t\t\t\t<\/div>\n\t\t\t\t<\/div>\n\t\t\t\t\t<\/div>\n\t\t\t\t<\/div>\n\t\t<div class=\"elementor-element elementor-element-d9ad006 e-flex e-con-boxed elementor-invisible e-con e-parent\" data-id=\"d9ad006\" data-element_type=\"container\" data-settings=\"{&quot;animation&quot;:&quot;fadeInUp&quot;}\">\n\t\t\t\t\t<div class=\"e-con-inner\">\n\t\t\t\t<div class=\"elementor-element elementor-element-b1b2a42 elementor-widget-mobile__width-initial elementor-widget elementor-widget-heading\" data-id=\"b1b2a42\" data-element_type=\"widget\" data-widget_type=\"heading.default\">\n\t\t\t\t<div class=\"elementor-widget-container\">\n\t\t\t\t\t<h2 class=\"elementor-heading-title elementor-size-default\">PISTACCHISSIMO<\/h2>\t\t\t\t<\/div>\n\t\t\t\t<\/div>\n\t\t\t\t<div class=\"elementor-element elementor-element-0ef105a elementor-widget-divider--view-line elementor-widget elementor-widget-divider\" data-id=\"0ef105a\" data-element_type=\"widget\" data-widget_type=\"divider.default\">\n\t\t\t\t<div class=\"elementor-widget-container\">\n\t\t\t\t\t\t\t<div class=\"elementor-divider\">\n\t\t\t<span class=\"elementor-divider-separator\">\n\t\t\t\t\t\t<\/span>\n\t\t<\/div>\n\t\t\t\t\t\t<\/div>\n\t\t\t\t<\/div>\n\t\t\t\t<div class=\"elementor-element elementor-element-b948ba7 elementor-widget__width-initial elementor-widget-tablet__width-initial elementor-widget-mobile__width-initial elementor-widget elementor-widget-text-editor\" data-id=\"b948ba7\" data-element_type=\"widget\" data-widget_type=\"text-editor.default\">\n\t\t\t\t<div class=\"elementor-widget-container\">\n\t\t\t\t\t\t\t\t\t<p>Estem emocionats de donar la benvinguda a <strong>Pistacchissimo<\/strong>, la nostra nova i deliciosa campanya que inundar\u00e0 de sabor els mesos de <strong>febrer i mar\u00e7<\/strong>! En aquesta ocasi\u00f3, <strong>Il Pistacchio<\/strong>, el nostre ingredient m\u00e9s preat, ser\u00e0 l&#8217;absolut protagonista.<\/p><p>Durant aquests dos mesos, totes les botigues de la nostra xarxa celebraran l&#8217;art del festuc amb una selecci\u00f3 \u00fanica de productes elaborats amb la nostra incomparable <strong>Ciola Pistacchio<\/strong>, com:<\/p><ul><li><strong>Affogat<\/strong>, un cl\u00e0ssic reinventat amb el toc exquisit del festuc.<\/li><li><strong>Dolcetto<\/strong>, cremosa i petita del\u00edcia amb gran intensitat i amb tot el sabor pistatxo.<\/li><li><strong>Cookies<\/strong> i <strong>Ciambelle<\/strong>, perfectes per a un caprici dol\u00e7.<\/li><li><strong>Cr\u00eapes<\/strong> i <strong>gaufres<\/strong>, irresistibles amb el seu caracter\u00edstic sabor i aroma.<\/li><\/ul><div>\u00a0<\/div>\t\t\t\t\t\t\t\t<\/div>\n\t\t\t\t<\/div>\n\t\t\t\t<div class=\"elementor-element elementor-element-f245026 elementor-widget-mobile__width-initial elementor-widget elementor-widget-heading\" data-id=\"f245026\" data-element_type=\"widget\" data-widget_type=\"heading.default\">\n\t\t\t\t<div class=\"elementor-widget-container\">\n\t\t\t\t\t<h2 class=\"elementor-heading-title elementor-size-default\">CHEESECAKE AL PISTACCHIO<\/h2>\t\t\t\t<\/div>\n\t\t\t\t<\/div>\n\t\t\t\t<div class=\"elementor-element elementor-element-dedd9b2 elementor-widget__width-initial elementor-widget-mobile__width-initial elementor-widget elementor-widget-image\" data-id=\"dedd9b2\" data-element_type=\"widget\" data-widget_type=\"image.default\">\n\t\t\t\t<div class=\"elementor-widget-container\">\n\t\t\t\t\t\t\t\t\t\t\t\t\t\t\t<img decoding=\"async\" width=\"800\" height=\"500\" src=\"https:\/\/gelatidino.com\/wp-content\/uploads\/2025\/01\/pistacchissimo-2-w-1024x640-1.jpg\" class=\"attachment-large size-large wp-image-6098\" alt=\"\" srcset=\"https:\/\/gelatidino.com\/wp-content\/uploads\/2025\/01\/pistacchissimo-2-w-1024x640-1.jpg 1024w, https:\/\/gelatidino.com\/wp-content\/uploads\/2025\/01\/pistacchissimo-2-w-1024x640-1-300x188.jpg 300w, https:\/\/gelatidino.com\/wp-content\/uploads\/2025\/01\/pistacchissimo-2-w-1024x640-1-768x480.jpg 768w\" sizes=\"(max-width: 800px) 100vw, 800px\" \/>\t\t\t\t\t\t\t\t\t\t\t\t\t\t\t<\/div>\n\t\t\t\t<\/div>\n\t\t\t\t<div class=\"elementor-element elementor-element-d4869fa elementor-widget__width-initial elementor-widget-mobile__width-initial elementor-widget elementor-widget-text-editor\" data-id=\"d4869fa\" data-element_type=\"widget\" data-widget_type=\"text-editor.default\">\n\t\t\t\t<div class=\"elementor-widget-container\">\n\t\t\t\t\t\t\t\t\t<p>A m\u00e9s, en algunes de les nostres Gelati Dino, presentem el Gust del Mese de febrer: Cheesecake al Pistacchio. Aquest exquisit gelat combina el suau i crem\u00f3s sabor del formatge fresc amb el nostre inigualable Variegato di Pistacchio. A aix\u00f2 se suma un cruixent crumble de galeta Lotus, que amb el toc de canyella aporta profunditat i un contrast arom\u00e0tic.<\/p><p dir=\"ltr\">Pistacchissimo no \u00e9s nom\u00e9s una campanya! \u00c9s una invitaci\u00f3 a gaudir de la tradici\u00f3 italiana en la versi\u00f3 m\u00e9s deliciosa i aut\u00e8ntica. Deixa&#8217;t conquerir pel car\u00e0cter intens del festuc i vine a descobrir per qu\u00e8 \u00e9s el rei de la nostra col\u00b7lecci\u00f3. T&#8217;esperem per celebrar junts aquest homenatge al festuc!<\/p><p style=\"text-align: center;\"><span style=\"color: #339966;\"><em>On trobar el CHEESECAKE PISTACCISSIMO:<\/em><\/span><\/p>\t\t\t\t\t\t\t\t<\/div>\n\t\t\t\t<\/div>\n\t\t<div class=\"elementor-element elementor-element-e1ed18f e-flex e-con-boxed e-con e-child\" data-id=\"e1ed18f\" data-element_type=\"container\">\n\t\t\t\t\t<div class=\"e-con-inner\">\n\t\t\t\t<div class=\"elementor-element elementor-element-3bebff3 elementor-widget__width-initial elementor-widget elementor-widget-heading\" data-id=\"3bebff3\" data-element_type=\"widget\" data-widget_type=\"heading.default\">\n\t\t\t\t<div class=\"elementor-widget-container\">\n\t\t\t\t\t<h2 class=\"elementor-heading-title elementor-size-default\">BARCELONA:<\/h2>\t\t\t\t<\/div>\n\t\t\t\t<\/div>\n\t\t\t\t<div class=\"elementor-element elementor-element-64433f7 elementor-widget__width-initial elementor-widget-mobile__width-auto elementor-widget elementor-widget-text-editor\" data-id=\"64433f7\" data-element_type=\"widget\" data-widget_type=\"text-editor.default\">\n\t\t\t\t<div class=\"elementor-widget-container\">\n\t\t\t\t\t\t\t\t\t<p><span style=\"font-weight: bolder; text-align: center;\"><span style=\"color: #ff0000;\">\u2022<\/span><\/span><i style=\"text-align: center;\">\u00a0C.C. ILLA DIAGONAL (Av. Diagonal).<\/i><\/p><p><i style=\"color: var( --e-global-color-text ); font-family: var( --e-global-typography-text-font-family ), Sans-serif; font-size: var( --e-global-typography-text-font-size ); font-weight: var( --e-global-typography-text-font-weight ); text-align: center;\"><span style=\"font-weight: bolder;\"><span style=\"color: #ff0000;\">\u2022<\/span><\/span><i>\u00a0<\/i>C.C. ARENAS (Gran Via de les Corts Catalanes).<\/i><\/p><p><i style=\"color: var( --e-global-color-text ); font-family: var( --e-global-typography-text-font-family ), Sans-serif; font-size: var( --e-global-typography-text-font-size ); font-weight: var( --e-global-typography-text-font-weight ); text-align: center;\"><span style=\"font-weight: bolder;\"><span style=\"color: #ff0000;\">\u2022<\/span><\/span><i>\u00a0<\/i>SARRI\u00c0 (Pla\u00e7a de Sarri\u00e0).<\/i><\/p><p><i style=\"color: var( --e-global-color-text ); font-family: var( --e-global-typography-text-font-family ), Sans-serif; font-size: var( --e-global-typography-text-font-size ); font-weight: var( --e-global-typography-text-font-weight ); text-align: center;\"><span style=\"font-weight: bolder;\"><span style=\"color: #ff0000;\">\u2022<\/span><\/span><i>\u00a0<\/i>POBLE SEC\u00a0 (C\/ Blai) .\u00a0<\/i><\/p><p><i style=\"color: var( --e-global-color-text ); font-family: var( --e-global-typography-text-font-family ), Sans-serif; font-size: var( --e-global-typography-text-font-size ); font-weight: var( --e-global-typography-text-font-weight ); text-align: center;\"><span style=\"font-weight: bolder;\"><span style=\"color: #ff0000;\">\u2022<\/span><\/span><i>\u00a0<\/i>GR\u00c0CIA\u00a0 (Pl. Revoluci\u00f3)<\/i><\/p><p><i style=\"color: var( --e-global-color-text ); font-family: var( --e-global-typography-text-font-family ), Sans-serif; font-size: var( --e-global-typography-text-font-size ); font-weight: var( --e-global-typography-text-font-weight ); text-align: center;\"><span style=\"font-weight: bolder;\"><span style=\"color: #ff0000;\">\u2022<\/span><\/span><i>\u00a0<\/i>C.C. MAREMAGNUM\u00a0 (Moll d&#8217;Espanya)<\/i><\/p><div><i style=\"color: var( --e-global-color-text ); font-family: var( --e-global-typography-text-font-family ), Sans-serif; font-size: var( --e-global-typography-text-font-size ); font-weight: var( --e-global-typography-text-font-weight ); text-align: center;\">\u00a0<\/i><\/div>\t\t\t\t\t\t\t\t<\/div>\n\t\t\t\t<\/div>\n\t\t\t\t\t<\/div>\n\t\t\t\t<\/div>\n\t\t<div class=\"elementor-element elementor-element-d51683b e-flex e-con-boxed e-con e-child\" data-id=\"d51683b\" data-element_type=\"container\">\n\t\t\t\t\t<div class=\"e-con-inner\">\n\t\t\t\t<div class=\"elementor-element elementor-element-5088ef6 elementor-widget__width-initial elementor-widget elementor-widget-heading\" data-id=\"5088ef6\" data-element_type=\"widget\" data-widget_type=\"heading.default\">\n\t\t\t\t<div class=\"elementor-widget-container\">\n\t\t\t\t\t<h2 class=\"elementor-heading-title elementor-size-default\">MADRID:<\/h2>\t\t\t\t<\/div>\n\t\t\t\t<\/div>\n\t\t\t\t<div class=\"elementor-element elementor-element-2f2d3d5 elementor-widget__width-initial elementor-widget-mobile__width-auto elementor-widget elementor-widget-text-editor\" data-id=\"2f2d3d5\" data-element_type=\"widget\" data-widget_type=\"text-editor.default\">\n\t\t\t\t<div class=\"elementor-widget-container\">\n\t\t\t\t\t\t\t\t\t<p><span style=\"font-weight: bolder; text-align: center;\"><span style=\"color: #ff0000;\">\u2022<\/span><\/span><i style=\"text-align: center;\"> GOYA (Avenida Felipe II, 15)<\/i><\/p><p><i style=\"text-align: center;\"><span style=\"font-weight: bolder; text-align: center;\"><span style=\"color: #ff0000;\">\u2022<\/span><\/span> CUATRO CAMINOS (C. Santa Engracia)<\/i><\/p><p><i style=\"color: var( --e-global-color-text ); font-family: var( --e-global-typography-text-font-family ), Sans-serif; font-size: var( --e-global-typography-text-font-size ); font-weight: var( --e-global-typography-text-font-weight ); text-align: center;\"><span style=\"font-weight: bolder;\"><span style=\"color: #ff0000;\">\u2022<\/span><\/span> C.C. LA VAGUADA<i> (<\/i><\/i><i style=\"color: var( --e-global-color-text ); font-family: var( --e-global-typography-text-font-family ), Sans-serif; font-size: var( --e-global-typography-text-font-size ); font-weight: var( --e-global-typography-text-font-weight ); text-align: center;\">Av. de Monforte de Lemos)<\/i><\/p>\t\t\t\t\t\t\t\t<\/div>\n\t\t\t\t<\/div>\n\t\t<div class=\"elementor-element elementor-element-8db409e e-flex e-con-boxed e-con e-child\" data-id=\"8db409e\" data-element_type=\"container\">\n\t\t\t\t\t<div class=\"e-con-inner\">\n\t\t\t\t<div class=\"elementor-element elementor-element-abb3e41 elementor-widget__width-initial elementor-widget elementor-widget-heading\" data-id=\"abb3e41\" data-element_type=\"widget\" data-widget_type=\"heading.default\">\n\t\t\t\t<div class=\"elementor-widget-container\">\n\t\t\t\t\t<h2 class=\"elementor-heading-title elementor-size-default\">FUENLABRADA:<\/h2>\t\t\t\t<\/div>\n\t\t\t\t<\/div>\n\t\t\t\t<div class=\"elementor-element elementor-element-007e104 elementor-widget__width-initial elementor-widget-mobile__width-auto elementor-widget elementor-widget-text-editor\" data-id=\"007e104\" data-element_type=\"widget\" data-widget_type=\"text-editor.default\">\n\t\t\t\t<div class=\"elementor-widget-container\">\n\t\t\t\t\t\t\t\t\t<p><i style=\"color: var( --e-global-color-text ); font-family: var( --e-global-typography-text-font-family ), Sans-serif; font-size: var( --e-global-typography-text-font-size ); font-weight: var( --e-global-typography-text-font-weight ); text-align: center;\"><span style=\"font-weight: bolder;\"><span style=\"color: #ff0000;\">\u2022<\/span><\/span> C.C. PLAZA LORANCA 2 (<\/i><i style=\"color: var( --e-global-color-text ); font-family: var( --e-global-typography-text-font-family ), Sans-serif; font-size: var( --e-global-typography-text-font-size ); font-weight: var( --e-global-typography-text-font-weight ); text-align: center;\">Avda. Pablo Iglesias)<\/i><\/p>\t\t\t\t\t\t\t\t<\/div>\n\t\t\t\t<\/div>\n\t\t<div class=\"elementor-element elementor-element-ba82732 e-flex e-con-boxed e-con e-child\" data-id=\"ba82732\" data-element_type=\"container\">\n\t\t\t\t\t<div class=\"e-con-inner\">\n\t\t\t\t<div class=\"elementor-element elementor-element-92aac4c elementor-widget__width-initial elementor-widget elementor-widget-heading\" data-id=\"92aac4c\" data-element_type=\"widget\" data-widget_type=\"heading.default\">\n\t\t\t\t<div class=\"elementor-widget-container\">\n\t\t\t\t\t<h2 class=\"elementor-heading-title elementor-size-default\">TORREJ\u00d3N DE ARDOZ::<\/h2>\t\t\t\t<\/div>\n\t\t\t\t<\/div>\n\t\t\t\t<div class=\"elementor-element elementor-element-787b28a elementor-widget__width-initial elementor-widget-mobile__width-auto elementor-widget elementor-widget-text-editor\" data-id=\"787b28a\" data-element_type=\"widget\" data-widget_type=\"text-editor.default\">\n\t\t\t\t<div class=\"elementor-widget-container\">\n\t\t\t\t\t\t\t\t\t<p><i style=\"color: var( --e-global-color-text ); font-family: var( --e-global-typography-text-font-family ), Sans-serif; font-size: var( --e-global-typography-text-font-size ); font-weight: var( --e-global-typography-text-font-weight ); text-align: center;\"><span style=\"font-weight: bolder;\"><span style=\"color: #ff0000;\">\u2022<\/span><\/span> C.C. PARQUE CORREDOR (<\/i><i style=\"text-align: center;\"> Carretera Torrej\u00f3n a Ajalvir)<span style=\"color: rgba(0, 0, 0, 0); font-family: var( --e-global-typography-text-font-family ), Sans-serif;\"><span style=\"font-weight: var( --e-global-typography-text-font-weight );\">)<\/span><\/span><\/i><\/p>\t\t\t\t\t\t\t\t<\/div>\n\t\t\t\t<\/div>\n\t\t\t\t\t<\/div>\n\t\t\t\t<\/div>\n\t\t\t\t\t<\/div>\n\t\t\t\t<\/div>\n\t\t\t\t\t<\/div>\n\t\t\t\t<\/div>\n\t\t<div class=\"elementor-element elementor-element-d1aa62f e-flex e-con-boxed e-con e-child\" data-id=\"d1aa62f\" data-element_type=\"container\">\n\t\t\t\t\t<div class=\"e-con-inner\">\n\t\t\t\t<div class=\"elementor-element elementor-element-e953627 elementor-widget__width-initial elementor-widget elementor-widget-heading\" data-id=\"e953627\" data-element_type=\"widget\" data-widget_type=\"heading.default\">\n\t\t\t\t<div class=\"elementor-widget-container\">\n\t\t\t\t\t<h2 class=\"elementor-heading-title elementor-size-default\">ZARAGOZA:<\/h2>\t\t\t\t<\/div>\n\t\t\t\t<\/div>\n\t\t\t\t<div class=\"elementor-element elementor-element-b0e47b1 elementor-widget__width-initial elementor-widget-mobile__width-auto elementor-widget elementor-widget-text-editor\" data-id=\"b0e47b1\" data-element_type=\"widget\" data-widget_type=\"text-editor.default\">\n\t\t\t\t<div class=\"elementor-widget-container\">\n\t\t\t\t\t\t\t\t\t<p><span style=\"font-weight: bolder; text-align: center;\"><span style=\"color: #ff0000;\">\u2022<\/span><\/span><i style=\"text-align: center;\"> ZARAGOZA CENTRO (Plaza del Pilar, 10)<\/i><\/p>\t\t\t\t\t\t\t\t<\/div>\n\t\t\t\t<\/div>\n\t\t\t\t\t<\/div>\n\t\t\t\t<\/div>\n\t\t<div class=\"elementor-element elementor-element-1338009 e-flex e-con-boxed e-con e-child\" data-id=\"1338009\" data-element_type=\"container\">\n\t\t\t\t\t<div class=\"e-con-inner\">\n\t\t\t\t<div class=\"elementor-element elementor-element-0ad4235 elementor-widget__width-initial elementor-widget elementor-widget-heading\" data-id=\"0ad4235\" data-element_type=\"widget\" data-widget_type=\"heading.default\">\n\t\t\t\t<div class=\"elementor-widget-container\">\n\t\t\t\t\t<h2 class=\"elementor-heading-title elementor-size-default\">FRANCIA:<\/h2>\t\t\t\t<\/div>\n\t\t\t\t<\/div>\n\t\t\t\t<div class=\"elementor-element elementor-element-dfb55b8 elementor-widget__width-initial elementor-widget-mobile__width-auto elementor-widget elementor-widget-text-editor\" data-id=\"dfb55b8\" data-element_type=\"widget\" data-widget_type=\"text-editor.default\">\n\t\t\t\t<div class=\"elementor-widget-container\">\n\t\t\t\t\t\t\t\t\t<p><span style=\"font-weight: bolder; text-align: center;\"><span style=\"color: #ff0000;\">\u2022<\/span><\/span><i style=\"text-align: center;\"> PERPIGNAN: (33 Quai S\u00e9bastien Vauban)<br><\/i><\/p>\t\t\t\t\t\t\t\t<\/div>\n\t\t\t\t<\/div>\n\t\t<div class=\"elementor-element elementor-element-fe6286d e-flex e-con-boxed e-con e-child\" data-id=\"fe6286d\" data-element_type=\"container\">\n\t\t\t\t\t<div class=\"e-con-inner\">\n\t\t\t\t<div class=\"elementor-element elementor-element-3cb9a15 elementor-widget__width-initial elementor-widget elementor-widget-heading\" data-id=\"3cb9a15\" data-element_type=\"widget\" data-widget_type=\"heading.default\">\n\t\t\t\t<div class=\"elementor-widget-container\">\n\t\t\t\t\t<h2 class=\"elementor-heading-title elementor-size-default\">QATAR:<\/h2>\t\t\t\t<\/div>\n\t\t\t\t<\/div>\n\t\t\t\t<div class=\"elementor-element elementor-element-21c65fc elementor-widget__width-initial elementor-widget-mobile__width-auto elementor-widget elementor-widget-text-editor\" data-id=\"21c65fc\" data-element_type=\"widget\" data-widget_type=\"text-editor.default\">\n\t\t\t\t<div class=\"elementor-widget-container\">\n\t\t\t\t\t\t\t\t\t<p><span style=\"font-weight: bolder; text-align: center;\"><span style=\"color: #ff0000;\">\u2022<\/span><\/span><i style=\"text-align: center;\">\u00a0DOHA FESTIVAL CITY: Umm Salal Muhammed, DOHA.<\/i><\/p><p><i style=\"text-align: center;\"><span style=\"font-weight: bolder;\"><span style=\"color: #ff0000;\">\u2022<\/span><\/span>\u00a0OLD DOHA PORT: Mina District, Old Doha Port, <\/i><i style=\"color: var( --e-global-color-text ); font-family: var( --e-global-typography-text-font-family ), Sans-serif; font-size: var( --e-global-typography-text-font-size ); font-weight: var( --e-global-typography-text-font-weight ); text-align: center;\">DOHA.<\/i><\/p>\t\t\t\t\t\t\t\t<\/div>\n\t\t\t\t<\/div>\n\t\t\t\t\t<\/div>\n\t\t\t\t<\/div>\n\t\t\t\t\t<\/div>\n\t\t\t\t<\/div>\n\t\t\t\t<div class=\"elementor-element elementor-element-70ff3bc elementor-widget-divider--view-line elementor-widget elementor-widget-divider\" data-id=\"70ff3bc\" data-element_type=\"widget\" data-widget_type=\"divider.default\">\n\t\t\t\t<div class=\"elementor-widget-container\">\n\t\t\t\t\t\t\t<div class=\"elementor-divider\">\n\t\t\t<span class=\"elementor-divider-separator\">\n\t\t\t\t\t\t<\/span>\n\t\t<\/div>\n\t\t\t\t\t\t<\/div>\n\t\t\t\t<\/div>\n\t\t\t\t<div class=\"elementor-element elementor-element-b8e192d elementor-widget__width-initial elementor-widget-mobile__width-initial elementor-widget elementor-widget-image\" data-id=\"b8e192d\" data-element_type=\"widget\" data-widget_type=\"image.default\">\n\t\t\t\t<div class=\"elementor-widget-container\">\n\t\t\t\t\t\t\t\t\t\t\t\t\t\t\t<img decoding=\"async\" width=\"700\" height=\"871\" src=\"https:\/\/gelatidino.com\/wp-content\/uploads\/2025\/01\/pistacchissimo-bodegon-2-1.jpg\" class=\"attachment-large size-large wp-image-6104\" alt=\"\" srcset=\"https:\/\/gelatidino.com\/wp-content\/uploads\/2025\/01\/pistacchissimo-bodegon-2-1.jpg 700w, https:\/\/gelatidino.com\/wp-content\/uploads\/2025\/01\/pistacchissimo-bodegon-2-1-241x300.jpg 241w\" sizes=\"(max-width: 700px) 100vw, 700px\" \/>\t\t\t\t\t\t\t\t\t\t\t\t\t\t\t<\/div>\n\t\t\t\t<\/div>\n\t\t\t\t\t<\/div>\n\t\t\t\t<\/div>\n\t\t\t\t<\/div>\n\t\t","protected":false},"excerpt":{"rendered":"<p>PISTACCHISSIMO Estem emocionats de donar la benvinguda a Pistacchissimo, la nostra nova i deliciosa campanya que inundar\u00e0 de sabor els mesos de febrer i mar\u00e7! En aquesta ocasi\u00f3, Il Pistacchio, el nostre ingredient m\u00e9s preat, ser\u00e0 l&#8217;absolut protagonista. Durant aquests dos mesos, totes les botigues de la nostra xarxa celebraran l&#8217;art del festuc amb una [&hellip;]<\/p>\n","protected":false},"author":3,"featured_media":0,"parent":0,"menu_order":0,"comment_status":"closed","ping_status":"closed","template":"","meta":{"footnotes":""},"class_list":["post-6766","page","type-page","status-publish","hentry"],"_links":{"self":[{"href":"https:\/\/gelatidino.com\/ca\/wp-json\/wp\/v2\/pages\/6766","targetHints":{"allow":["GET"]}}],"collection":[{"href":"https:\/\/gelatidino.com\/ca\/wp-json\/wp\/v2\/pages"}],"about":[{"href":"https:\/\/gelatidino.com\/ca\/wp-json\/wp\/v2\/types\/page"}],"author":[{"embeddable":true,"href":"https:\/\/gelatidino.com\/ca\/wp-json\/wp\/v2\/users\/3"}],"replies":[{"embeddable":true,"href":"https:\/\/gelatidino.com\/ca\/wp-json\/wp\/v2\/comments?post=6766"}],"version-history":[{"count":3,"href":"https:\/\/gelatidino.com\/ca\/wp-json\/wp\/v2\/pages\/6766\/revisions"}],"predecessor-version":[{"id":6775,"href":"https:\/\/gelatidino.com\/ca\/wp-json\/wp\/v2\/pages\/6766\/revisions\/6775"}],"wp:attachment":[{"href":"https:\/\/gelatidino.com\/ca\/wp-json\/wp\/v2\/media?parent=6766"}],"curies":[{"name":"wp","href":"https:\/\/api.w.org\/{rel}","templated":true}]}}