{"id":6731,"date":"2024-04-02T13:05:24","date_gmt":"2024-04-02T11:05:24","guid":{"rendered":"https:\/\/gelatidino.com\/nero-arancia\/"},"modified":"2025-08-21T12:23:50","modified_gmt":"2025-08-21T10:23:50","slug":"nero-arancia","status":"publish","type":"page","link":"https:\/\/gelatidino.com\/ca\/nero-arancia\/","title":{"rendered":"Nero Arancia"},"content":{"rendered":"\t\t<div data-elementor-type=\"wp-page\" data-elementor-id=\"6731\" class=\"elementor elementor-6731 elementor-2788\" data-elementor-post-type=\"page\">\n\t\t\t\t<div class=\"elementor-element elementor-element-db60d0b e-flex e-con-boxed elementor-invisible e-con e-parent\" data-id=\"db60d0b\" data-element_type=\"container\" data-settings=\"{&quot;background_background&quot;:&quot;classic&quot;,&quot;shape_divider_bottom&quot;:&quot;curve-asymmetrical&quot;,&quot;shape_divider_bottom_negative&quot;:&quot;yes&quot;,&quot;animation&quot;:&quot;fadeInUp&quot;}\">\n\t\t\t\t\t<div class=\"e-con-inner\">\n\t\t\t\t<div class=\"elementor-shape elementor-shape-bottom\" aria-hidden=\"true\" data-negative=\"true\">\n\t\t\t<svg xmlns=\"http:\/\/www.w3.org\/2000\/svg\" viewBox=\"0 0 1000 100\" preserveAspectRatio=\"none\">\n\t<path class=\"elementor-shape-fill\" d=\"M615.2,96.7C240.2,97.8,0,18.9,0,0v100h1000V0C1000,19.2,989.8,96,615.2,96.7z\"\/>\n<\/svg>\t\t<\/div>\n\t\t\t\t\t<\/div>\n\t\t\t\t<\/div>\n\t\t<div class=\"elementor-element elementor-element-fff1c5c e-flex e-con-boxed elementor-invisible e-con e-parent\" data-id=\"fff1c5c\" data-element_type=\"container\" data-settings=\"{&quot;animation&quot;:&quot;fadeInUp&quot;}\">\n\t\t\t\t\t<div class=\"e-con-inner\">\n\t\t\t\t<div class=\"elementor-element elementor-element-e4ccc1b elementor-widget-mobile__width-initial elementor-widget elementor-widget-image\" data-id=\"e4ccc1b\" data-element_type=\"widget\" data-widget_type=\"image.default\">\n\t\t\t\t<div class=\"elementor-widget-container\">\n\t\t\t\t\t\t\t\t\t\t\t\t\t\t\t<img fetchpriority=\"high\" decoding=\"async\" width=\"800\" height=\"388\" src=\"https:\/\/gelatidino.com\/wp-content\/uploads\/2024\/04\/portada-NERO-ARANCIA-1024x497.jpg\" class=\"attachment-large size-large wp-image-5708\" alt=\"\" srcset=\"https:\/\/gelatidino.com\/wp-content\/uploads\/2024\/04\/portada-NERO-ARANCIA-1024x497.jpg 1024w, https:\/\/gelatidino.com\/wp-content\/uploads\/2024\/04\/portada-NERO-ARANCIA-300x146.jpg 300w, https:\/\/gelatidino.com\/wp-content\/uploads\/2024\/04\/portada-NERO-ARANCIA-768x373.jpg 768w, https:\/\/gelatidino.com\/wp-content\/uploads\/2024\/04\/portada-NERO-ARANCIA.jpg 1400w\" sizes=\"(max-width: 800px) 100vw, 800px\" \/>\t\t\t\t\t\t\t\t\t\t\t\t\t\t\t<\/div>\n\t\t\t\t<\/div>\n\t\t\t\t\t<\/div>\n\t\t\t\t<\/div>\n\t\t<div class=\"elementor-element elementor-element-cae9e8f e-flex e-con-boxed elementor-invisible e-con e-parent\" data-id=\"cae9e8f\" data-element_type=\"container\" data-settings=\"{&quot;animation&quot;:&quot;fadeInUp&quot;}\">\n\t\t\t\t\t<div class=\"e-con-inner\">\n\t\t\t\t<div class=\"elementor-element elementor-element-d73cd89 elementor-widget-mobile__width-initial elementor-widget elementor-widget-heading\" data-id=\"d73cd89\" data-element_type=\"widget\" data-widget_type=\"heading.default\">\n\t\t\t\t<div class=\"elementor-widget-container\">\n\t\t\t\t\t<h2 class=\"elementor-heading-title elementor-size-default\">NERO ARANCIA<\/h2>\t\t\t\t<\/div>\n\t\t\t\t<\/div>\n\t\t\t\t<div class=\"elementor-element elementor-element-d35b859 elementor-widget-divider--view-line elementor-widget elementor-widget-global elementor-global-492 elementor-widget-divider\" data-id=\"d35b859\" data-element_type=\"widget\" data-widget_type=\"divider.default\">\n\t\t\t\t<div class=\"elementor-widget-container\">\n\t\t\t\t\t\t\t<div class=\"elementor-divider\">\n\t\t\t<span class=\"elementor-divider-separator\">\n\t\t\t\t\t\t<\/span>\n\t\t<\/div>\n\t\t\t\t\t\t<\/div>\n\t\t\t\t<\/div>\n\t\t\t\t<div class=\"elementor-element elementor-element-ada38d5 elementor-widget-mobile__width-initial elementor-widget elementor-widget-heading\" data-id=\"ada38d5\" data-element_type=\"widget\" data-widget_type=\"heading.default\">\n\t\t\t\t<div class=\"elementor-widget-container\">\n\t\t\t\t\t<h2 class=\"elementor-heading-title elementor-size-default\">gusto del mese di APRILE<\/h2>\t\t\t\t<\/div>\n\t\t\t\t<\/div>\n\t\t\t\t<div class=\"elementor-element elementor-element-e093093 elementor-widget__width-initial elementor-widget-tablet__width-initial elementor-widget-mobile__width-initial elementor-widget elementor-widget-text-editor\" data-id=\"e093093\" data-element_type=\"widget\" data-widget_type=\"text-editor.default\">\n\t\t\t\t<div class=\"elementor-widget-container\">\n\t\t\t\t\t\t\t\t\tUn sabor veritablement excepcional a la nostra botiga. Hem creat una combinaci\u00f3 \u00fanica en fusionar una xocolata negra extra forta amb el nostre delici\u00f3s variegat de taronja, que aporta una nota c\u00edtrica i dol\u00e7a irresistible. Per culminar aquesta experi\u00e8ncia sensorial, afegim el cruixent de galeta m\u00f2lta amb un toc especiat de canyella.\t\t\t\t\t\t\t\t<\/div>\n\t\t\t\t<\/div>\n\t\t\t\t<div class=\"elementor-element elementor-element-2736dcd elementor-widget__width-initial elementor-widget-mobile__width-initial elementor-widget elementor-widget-image\" data-id=\"2736dcd\" data-element_type=\"widget\" data-widget_type=\"image.default\">\n\t\t\t\t<div class=\"elementor-widget-container\">\n\t\t\t\t\t\t\t\t\t\t\t\t\t\t\t<img decoding=\"async\" width=\"800\" height=\"500\" src=\"https:\/\/gelatidino.com\/wp-content\/uploads\/2024\/04\/Nero-Arancia-cubeta-2-w-1024x640.jpg\" class=\"attachment-large size-large wp-image-5690\" alt=\"Nero Arancia Cubeta\" srcset=\"https:\/\/gelatidino.com\/wp-content\/uploads\/2024\/04\/Nero-Arancia-cubeta-2-w-1024x640.jpg 1024w, https:\/\/gelatidino.com\/wp-content\/uploads\/2024\/04\/Nero-Arancia-cubeta-2-w-300x188.jpg 300w, https:\/\/gelatidino.com\/wp-content\/uploads\/2024\/04\/Nero-Arancia-cubeta-2-w-768x480.jpg 768w, https:\/\/gelatidino.com\/wp-content\/uploads\/2024\/04\/Nero-Arancia-cubeta-2-w.jpg 1280w\" sizes=\"(max-width: 800px) 100vw, 800px\" \/>\t\t\t\t\t\t\t\t\t\t\t\t\t\t\t<\/div>\n\t\t\t\t<\/div>\n\t\t\t\t<div class=\"elementor-element elementor-element-358d21e elementor-widget__width-initial elementor-widget-mobile__width-initial elementor-widget elementor-widget-text-editor\" data-id=\"358d21e\" data-element_type=\"widget\" data-widget_type=\"text-editor.default\">\n\t\t\t\t<div class=\"elementor-widget-container\">\n\t\t\t\t\t\t\t\t\t<p style=\"text-align: center;\"><b><i>Deixa&#8217;t portar per aquesta intensitat de sabor i gaudeix de la perfecci\u00f3\ndel Nero Arancia, el nostre Gust del Mese!<\/i><\/b><\/p>\nNom\u00e9s aquest mes d&#8217;abril i en les seg\u00fcents Gelateries:\t\t\t\t\t\t\t\t<\/div>\n\t\t\t\t<\/div>\n\t\t<div class=\"elementor-element elementor-element-c25421a e-flex e-con-boxed e-con e-child\" data-id=\"c25421a\" data-element_type=\"container\">\n\t\t\t\t\t<div class=\"e-con-inner\">\n\t\t\t\t<div class=\"elementor-element elementor-element-1e9c9bd elementor-widget__width-initial elementor-widget elementor-widget-heading\" data-id=\"1e9c9bd\" data-element_type=\"widget\" data-widget_type=\"heading.default\">\n\t\t\t\t<div class=\"elementor-widget-container\">\n\t\t\t\t\t<h2 class=\"elementor-heading-title elementor-size-default\">BARCELONA:<\/h2>\t\t\t\t<\/div>\n\t\t\t\t<\/div>\n\t\t\t\t<div class=\"elementor-element elementor-element-bf9f36c elementor-widget__width-initial elementor-widget-mobile__width-auto elementor-widget elementor-widget-text-editor\" data-id=\"bf9f36c\" data-element_type=\"widget\" data-widget_type=\"text-editor.default\">\n\t\t\t\t<div class=\"elementor-widget-container\">\n\t\t\t\t\t\t\t\t\t<p><span style=\"font-weight: bolder; text-align: center;\"><span style=\"color: rgb(255, 0, 0);\">\u2022<\/span><\/span><i style=\"text-align: center;\">&nbsp;C.C. ILLA DIAGONAL (Av. Diagonal).<\/i><\/p>\n<p><i style=\"color: var( --e-global-color-text ); font-family: var( --e-global-typography-text-font-family ), Sans-serif; font-size: var( --e-global-typography-text-font-size ); font-weight: var( --e-global-typography-text-font-weight ); text-align: center;\"><span style=\"font-weight: bolder;\"><span style=\"color: rgb(255, 0, 0);\">\u2022<\/span><\/span><i>&nbsp;<\/i>C.C. ARENAS (Gran Via de les Corts Catalanes).<\/i><\/p>\n<p><i style=\"color: var( --e-global-color-text ); font-family: var( --e-global-typography-text-font-family ), Sans-serif; font-size: var( --e-global-typography-text-font-size ); font-weight: var( --e-global-typography-text-font-weight ); text-align: center;\"><span style=\"font-weight: bolder;\"><span style=\"color: rgb(255, 0, 0);\">\u2022<\/span><\/span><i>&nbsp;<\/i>SARRI\u00c0 (Pla\u00e7a de Sarri\u00e0).<\/i><\/p>\n<p><i style=\"color: var( --e-global-color-text ); font-family: var( --e-global-typography-text-font-family ), Sans-serif; font-size: var( --e-global-typography-text-font-size ); font-weight: var( --e-global-typography-text-font-weight ); text-align: center;\"><span style=\"font-weight: bolder;\"><span style=\"color: rgb(255, 0, 0);\">\u2022<\/span><\/span><i>&nbsp;<\/i>POBLE SEC&nbsp; (C\/ Blai) .&nbsp;<\/i><\/p>\n<p><i style=\"color: var( --e-global-color-text ); font-family: var( --e-global-typography-text-font-family ), Sans-serif; font-size: var( --e-global-typography-text-font-size ); font-weight: var( --e-global-typography-text-font-weight ); text-align: center;\"><span style=\"font-weight: bolder;\"><span style=\"color: rgb(255, 0, 0);\">\u2022<\/span><\/span><i>&nbsp;<\/i>GR\u00c0CIA&nbsp; (Pl. Revoluci\u00f3)<\/i><br><\/p>\t\t\t\t\t\t\t\t<\/div>\n\t\t\t\t<\/div>\n\t\t<div class=\"elementor-element elementor-element-c4cea06 e-flex e-con-boxed e-con e-child\" data-id=\"c4cea06\" data-element_type=\"container\">\n\t\t\t\t\t<div class=\"e-con-inner\">\n\t\t\t\t<div class=\"elementor-element elementor-element-8cdcffb elementor-widget__width-initial elementor-widget elementor-widget-heading\" data-id=\"8cdcffb\" data-element_type=\"widget\" data-widget_type=\"heading.default\">\n\t\t\t\t<div class=\"elementor-widget-container\">\n\t\t\t\t\t<h2 class=\"elementor-heading-title elementor-size-default\"><span style=\"color: var( --e-global-color-primary );font-family: var( --e-global-typography-primary-font-family ), Sans-serif;font-size: var( --e-global-typography-primary-font-size );font-weight: var( --e-global-typography-primary-font-weight )\">CALAFELL (Costa Dorada)<\/span>:<\/h2>\t\t\t\t<\/div>\n\t\t\t\t<\/div>\n\t\t\t\t<div class=\"elementor-element elementor-element-b2e15ff elementor-widget__width-initial elementor-widget-mobile__width-auto elementor-widget elementor-widget-text-editor\" data-id=\"b2e15ff\" data-element_type=\"widget\" data-widget_type=\"text-editor.default\">\n\t\t\t\t<div class=\"elementor-widget-container\">\n\t\t\t\t\t\t\t\t\t<p><span style=\"font-weight: bolder; text-align: center;\"><span style=\"color: #ff0000;\">\u2022<\/span><\/span><i style=\"text-align: center;\"> <\/i><i style=\"text-align: center;\"><i>PASEO MAR\u00cdTIMO (Av. Sant Joan de D\u00e9u, 25)<\/i><\/i><\/p>\t\t\t\t\t\t\t\t<\/div>\n\t\t\t\t<\/div>\n\t\t\t\t\t<\/div>\n\t\t\t\t<\/div>\n\t\t\t\t\t<\/div>\n\t\t\t\t<\/div>\n\t\t<div class=\"elementor-element elementor-element-1958b77 e-flex e-con-boxed e-con e-child\" data-id=\"1958b77\" data-element_type=\"container\">\n\t\t\t\t\t<div class=\"e-con-inner\">\n\t\t\t\t<div class=\"elementor-element elementor-element-c28398c elementor-widget__width-initial elementor-widget elementor-widget-heading\" data-id=\"c28398c\" data-element_type=\"widget\" data-widget_type=\"heading.default\">\n\t\t\t\t<div class=\"elementor-widget-container\">\n\t\t\t\t\t<h2 class=\"elementor-heading-title elementor-size-default\">MADRID:<\/h2>\t\t\t\t<\/div>\n\t\t\t\t<\/div>\n\t\t\t\t<div class=\"elementor-element elementor-element-aae428e elementor-widget__width-initial elementor-widget-mobile__width-auto elementor-widget elementor-widget-text-editor\" data-id=\"aae428e\" data-element_type=\"widget\" data-widget_type=\"text-editor.default\">\n\t\t\t\t<div class=\"elementor-widget-container\">\n\t\t\t\t\t\t\t\t\t<p><span style=\"font-weight: bolder; text-align: center;\"><span style=\"color: #ff0000;\">\u2022<\/span><\/span><i style=\"text-align: center;\"> GOYA (Avenida Felipe II, 15)<\/i><\/p><p><i style=\"text-align: center;\"><span style=\"font-weight: bolder; text-align: center;\"><span style=\"color: #ff0000;\">\u2022<\/span><\/span> CUATRO CAMINOS (C. Santa Engracia)<\/i><\/p><p><i style=\"text-align: center;\"><span style=\"font-weight: bolder; text-align: center;\"><span style=\"color: #ff0000;\">\u2022<\/span><\/span> MONCLOA (C. Princesa, 79)<\/i><\/p><p><i style=\"font-family: var( --e-global-typography-text-font-family ), Sans-serif; font-size: var( --e-global-typography-text-font-size ); text-align: center; font-weight: var( --e-global-typography-text-font-weight ); color: var( --e-global-color-text );\"><span style=\"font-weight: bolder;\"><span style=\"color: #ff0000;\">\u2022<\/span><\/span> C.C. LA VAGUADA<i style=\"text-align: center;\"> (<\/i><\/i><i style=\"color: var( --e-global-color-text ); font-family: var( --e-global-typography-text-font-family ), Sans-serif; font-size: var( --e-global-typography-text-font-size ); font-weight: var( --e-global-typography-text-font-weight ); text-align: center;\">Av. de Monforte de Lemos)<\/i><\/p>\t\t\t\t\t\t\t\t<\/div>\n\t\t\t\t<\/div>\n\t\t<div class=\"elementor-element elementor-element-6da102a e-flex e-con-boxed e-con e-child\" data-id=\"6da102a\" data-element_type=\"container\">\n\t\t\t\t\t<div class=\"e-con-inner\">\n\t\t\t\t<div class=\"elementor-element elementor-element-f519747 elementor-widget__width-initial elementor-widget elementor-widget-heading\" data-id=\"f519747\" data-element_type=\"widget\" data-widget_type=\"heading.default\">\n\t\t\t\t<div class=\"elementor-widget-container\">\n\t\t\t\t\t<h2 class=\"elementor-heading-title elementor-size-default\">FUENLABRADA:<\/h2>\t\t\t\t<\/div>\n\t\t\t\t<\/div>\n\t\t\t\t<div class=\"elementor-element elementor-element-f81d86c elementor-widget__width-initial elementor-widget-mobile__width-auto elementor-widget elementor-widget-text-editor\" data-id=\"f81d86c\" data-element_type=\"widget\" data-widget_type=\"text-editor.default\">\n\t\t\t\t<div class=\"elementor-widget-container\">\n\t\t\t\t\t\t\t\t\t<p><i style=\"color: var( --e-global-color-text ); font-family: var( --e-global-typography-text-font-family ), Sans-serif; font-size: var( --e-global-typography-text-font-size ); font-weight: var( --e-global-typography-text-font-weight ); text-align: center;\"><span style=\"font-weight: bolder;\"><span style=\"color: #ff0000;\">\u2022<\/span><\/span> C.C. PLAZA LORANCA 2 (<\/i><i style=\"color: var( --e-global-color-text ); font-family: var( --e-global-typography-text-font-family ), Sans-serif; font-size: var( --e-global-typography-text-font-size ); font-weight: var( --e-global-typography-text-font-weight ); text-align: center;\">Avda. Pablo Iglesias)<\/i><\/p>\t\t\t\t\t\t\t\t<\/div>\n\t\t\t\t<\/div>\n\t\t\t\t\t<\/div>\n\t\t\t\t<\/div>\n\t\t\t\t\t<\/div>\n\t\t\t\t<\/div>\n\t\t<div class=\"elementor-element elementor-element-c01b6d5 e-flex e-con-boxed e-con e-child\" data-id=\"c01b6d5\" data-element_type=\"container\">\n\t\t\t\t\t<div class=\"e-con-inner\">\n\t\t\t\t<div class=\"elementor-element elementor-element-9442a1f elementor-widget__width-initial elementor-widget elementor-widget-heading\" data-id=\"9442a1f\" data-element_type=\"widget\" data-widget_type=\"heading.default\">\n\t\t\t\t<div class=\"elementor-widget-container\">\n\t\t\t\t\t<h2 class=\"elementor-heading-title elementor-size-default\">ZARAGOZA:<\/h2>\t\t\t\t<\/div>\n\t\t\t\t<\/div>\n\t\t\t\t<div class=\"elementor-element elementor-element-a414a3e elementor-widget__width-initial elementor-widget-mobile__width-auto elementor-widget elementor-widget-text-editor\" data-id=\"a414a3e\" data-element_type=\"widget\" data-widget_type=\"text-editor.default\">\n\t\t\t\t<div class=\"elementor-widget-container\">\n\t\t\t\t\t\t\t\t\t<p><span style=\"font-weight: bolder; text-align: center;\"><span style=\"color: #ff0000;\">\u2022<\/span><\/span><i style=\"text-align: center;\"> ZARAGOZA CENTRO (Plaza del Pilar, 10)<\/i><\/p>\t\t\t\t\t\t\t\t<\/div>\n\t\t\t\t<\/div>\n\t\t\t\t\t<\/div>\n\t\t\t\t<\/div>\n\t\t<div class=\"elementor-element elementor-element-ded65dd e-flex e-con-boxed e-con e-child\" data-id=\"ded65dd\" data-element_type=\"container\">\n\t\t\t\t\t<div class=\"e-con-inner\">\n\t\t\t\t<div class=\"elementor-element elementor-element-7a9dce4 elementor-widget__width-initial elementor-widget elementor-widget-heading\" data-id=\"7a9dce4\" data-element_type=\"widget\" data-widget_type=\"heading.default\">\n\t\t\t\t<div class=\"elementor-widget-container\">\n\t\t\t\t\t<h2 class=\"elementor-heading-title elementor-size-default\">FRANCIA:<\/h2>\t\t\t\t<\/div>\n\t\t\t\t<\/div>\n\t\t\t\t<div class=\"elementor-element elementor-element-23aa9a8 elementor-widget__width-initial elementor-widget-mobile__width-auto elementor-widget elementor-widget-text-editor\" data-id=\"23aa9a8\" data-element_type=\"widget\" data-widget_type=\"text-editor.default\">\n\t\t\t\t<div class=\"elementor-widget-container\">\n\t\t\t\t\t\t\t\t\t<p><span style=\"font-weight: bolder; text-align: center;\"><span style=\"color: #ff0000;\">\u2022<\/span><\/span><i style=\"text-align: center;\"> PERPIGNAN (33 Quai S\u00e9bastien Vauban, 66000)<\/i><\/p>\t\t\t\t\t\t\t\t<\/div>\n\t\t\t\t<\/div>\n\t\t\t\t\t<\/div>\n\t\t\t\t<\/div>\n\t\t\t\t<div class=\"elementor-element elementor-element-77abdc5 elementor-widget__width-initial elementor-widget-mobile__width-initial elementor-widget elementor-widget-image\" data-id=\"77abdc5\" data-element_type=\"widget\" data-widget_type=\"image.default\">\n\t\t\t\t<div class=\"elementor-widget-container\">\n\t\t\t\t\t\t\t\t\t\t\t\t\t\t\t<img decoding=\"async\" width=\"700\" height=\"871\" src=\"https:\/\/gelatidino.com\/wp-content\/uploads\/2024\/04\/Nero-Arancia-cono_w-2.jpg\" class=\"attachment-large size-large wp-image-5696\" alt=\"Cono del gusto del messe Nero Arancia\" srcset=\"https:\/\/gelatidino.com\/wp-content\/uploads\/2024\/04\/Nero-Arancia-cono_w-2.jpg 700w, https:\/\/gelatidino.com\/wp-content\/uploads\/2024\/04\/Nero-Arancia-cono_w-2-241x300.jpg 241w\" sizes=\"(max-width: 700px) 100vw, 700px\" \/>\t\t\t\t\t\t\t\t\t\t\t\t\t\t\t<\/div>\n\t\t\t\t<\/div>\n\t\t\t\t\t<\/div>\n\t\t\t\t<\/div>\n\t\t\t\t<\/div>\n\t\t","protected":false},"excerpt":{"rendered":"<p>NERO ARANCIA gusto del mese di APRILE Un sabor veritablement excepcional a la nostra botiga. Hem creat una combinaci\u00f3 \u00fanica en fusionar una xocolata negra extra forta amb el nostre delici\u00f3s variegat de taronja, que aporta una nota c\u00edtrica i dol\u00e7a irresistible. Per culminar aquesta experi\u00e8ncia sensorial, afegim el cruixent de galeta m\u00f2lta amb un [&hellip;]<\/p>\n","protected":false},"author":3,"featured_media":0,"parent":0,"menu_order":0,"comment_status":"closed","ping_status":"closed","template":"","meta":{"footnotes":""},"class_list":["post-6731","page","type-page","status-publish","hentry"],"_links":{"self":[{"href":"https:\/\/gelatidino.com\/ca\/wp-json\/wp\/v2\/pages\/6731","targetHints":{"allow":["GET"]}}],"collection":[{"href":"https:\/\/gelatidino.com\/ca\/wp-json\/wp\/v2\/pages"}],"about":[{"href":"https:\/\/gelatidino.com\/ca\/wp-json\/wp\/v2\/types\/page"}],"author":[{"embeddable":true,"href":"https:\/\/gelatidino.com\/ca\/wp-json\/wp\/v2\/users\/3"}],"replies":[{"embeddable":true,"href":"https:\/\/gelatidino.com\/ca\/wp-json\/wp\/v2\/comments?post=6731"}],"version-history":[{"count":3,"href":"https:\/\/gelatidino.com\/ca\/wp-json\/wp\/v2\/pages\/6731\/revisions"}],"predecessor-version":[{"id":6737,"href":"https:\/\/gelatidino.com\/ca\/wp-json\/wp\/v2\/pages\/6731\/revisions\/6737"}],"wp:attachment":[{"href":"https:\/\/gelatidino.com\/ca\/wp-json\/wp\/v2\/media?parent=6731"}],"curies":[{"name":"wp","href":"https:\/\/api.w.org\/{rel}","templated":true}]}}