{"id":6593,"date":"2023-07-01T12:20:27","date_gmt":"2023-07-01T10:20:27","guid":{"rendered":"https:\/\/gelatidino.com\/in-house\/"},"modified":"2026-01-11T15:32:17","modified_gmt":"2026-01-11T13:32:17","slug":"in-house","status":"publish","type":"page","link":"https:\/\/gelatidino.com\/ca\/in-house\/","title":{"rendered":"In House"},"content":{"rendered":"\t\t<div data-elementor-type=\"wp-page\" data-elementor-id=\"6593\" class=\"elementor elementor-6593 elementor-227\" data-elementor-post-type=\"page\">\n\t\t\t\t<div class=\"elementor-element elementor-element-fd80a84 e-flex e-con-boxed e-con e-parent\" data-id=\"fd80a84\" data-element_type=\"container\" data-settings=\"{&quot;background_background&quot;:&quot;classic&quot;}\">\n\t\t\t\t\t<div class=\"e-con-inner\">\n\t\t<div class=\"elementor-element elementor-element-960c514 e-con-full e-flex e-con e-child\" data-id=\"960c514\" data-element_type=\"container\">\n\t\t\t\t<div class=\"elementor-element elementor-element-844b4ac elementor-widget elementor-widget-image\" data-id=\"844b4ac\" data-element_type=\"widget\" data-widget_type=\"image.default\">\n\t\t\t\t<div class=\"elementor-widget-container\">\n\t\t\t\t\t\t\t\t\t\t\t\t\t\t\t<img fetchpriority=\"high\" decoding=\"async\" width=\"850\" height=\"595\" src=\"https:\/\/gelatidino.com\/wp-content\/uploads\/2023\/08\/in-house_logo_TRANSP.png\" class=\"attachment-full size-full wp-image-5474\" alt=\"\" srcset=\"https:\/\/gelatidino.com\/wp-content\/uploads\/2023\/08\/in-house_logo_TRANSP.png 850w, https:\/\/gelatidino.com\/wp-content\/uploads\/2023\/08\/in-house_logo_TRANSP-300x210.png 300w, https:\/\/gelatidino.com\/wp-content\/uploads\/2023\/08\/in-house_logo_TRANSP-768x538.png 768w\" sizes=\"(max-width: 850px) 100vw, 850px\" \/>\t\t\t\t\t\t\t\t\t\t\t\t\t\t\t<\/div>\n\t\t\t\t<\/div>\n\t\t\t\t<\/div>\n\t\t<div class=\"elementor-element elementor-element-3a1d2bd e-con-full e-flex e-con e-child\" data-id=\"3a1d2bd\" data-element_type=\"container\">\n\t\t\t\t<div class=\"elementor-element elementor-element-ebbb91a elementor-widget__width-initial elementor-widget-tablet__width-initial elementor-invisible elementor-widget elementor-widget-text-editor\" data-id=\"ebbb91a\" data-element_type=\"widget\" data-settings=\"{&quot;_animation&quot;:&quot;fadeInRight&quot;}\" data-widget_type=\"text-editor.default\">\n\t\t\t\t<div class=\"elementor-widget-container\">\n\t\t\t\t\t\t\t\t\tProducci\u00f3n y elaboraci\u00f3n propia de todos los ingredientes organol\u00e9pticos de\nnuestros productos.\t\t\t\t\t\t\t\t<\/div>\n\t\t\t\t<\/div>\n\t\t\t\t<\/div>\n\t\t\t\t\t<\/div>\n\t\t\t\t<\/div>\n\t\t<div class=\"elementor-element elementor-element-dc4941e e-flex e-con-boxed e-con e-parent\" data-id=\"dc4941e\" data-element_type=\"container\" data-settings=\"{&quot;background_background&quot;:&quot;classic&quot;,&quot;shape_divider_bottom&quot;:&quot;curve-asymmetrical&quot;,&quot;shape_divider_bottom_negative&quot;:&quot;yes&quot;}\">\n\t\t\t\t\t<div class=\"e-con-inner\">\n\t\t\t\t<div class=\"elementor-shape elementor-shape-bottom\" aria-hidden=\"true\" data-negative=\"true\">\n\t\t\t<svg xmlns=\"http:\/\/www.w3.org\/2000\/svg\" viewBox=\"0 0 1000 100\" preserveAspectRatio=\"none\">\n\t<path class=\"elementor-shape-fill\" d=\"M615.2,96.7C240.2,97.8,0,18.9,0,0v100h1000V0C1000,19.2,989.8,96,615.2,96.7z\"\/>\n<\/svg>\t\t<\/div>\n\t\t\t\t\t<\/div>\n\t\t\t\t<\/div>\n\t\t<div class=\"elementor-element elementor-element-99cfde7 e-flex e-con-boxed elementor-invisible e-con e-parent\" data-id=\"99cfde7\" data-element_type=\"container\" data-settings=\"{&quot;animation&quot;:&quot;fadeInUp&quot;}\">\n\t\t\t\t\t<div class=\"e-con-inner\">\n\t\t<div class=\"elementor-element elementor-element-98e948a e-con-full e-flex e-con e-child\" data-id=\"98e948a\" data-element_type=\"container\">\n\t\t\t\t<div class=\"elementor-element elementor-element-04c92f1 elementor-widget elementor-widget-heading\" data-id=\"04c92f1\" data-element_type=\"widget\" data-widget_type=\"heading.default\">\n\t\t\t\t<div class=\"elementor-widget-container\">\n\t\t\t\t\t<h2 class=\"elementor-heading-title elementor-size-default\">ARTESANOS DESDE 1978<\/h2>\t\t\t\t<\/div>\n\t\t\t\t<\/div>\n\t\t\t\t<div class=\"elementor-element elementor-element-913ec4b elementor-widget elementor-widget-text-editor\" data-id=\"913ec4b\" data-element_type=\"widget\" data-widget_type=\"text-editor.default\">\n\t\t\t\t<div class=\"elementor-widget-container\">\n\t\t\t\t\t\t\t\t\t<p>Elaboramos nuestros productos manteniendo intacta su naturaleza y su valor nutricional, de manera que lo que la tierra ha creado, t\u00fa lo puedas disfrutar por entero.<\/p>\n<p>Tostamos y procesamos frutos secos, caf\u00e9 y chocolates. Viajamos a Sicilia, Piemonte y otras regiones del mundo en busca de la mejor calidad. S\u00f3lo de este modo garantizamos la procedencia y calidad de las materias primas.<\/p>\n\t\t\t\t\t\t\t\t<\/div>\n\t\t\t\t<\/div>\n\t\t\t\t<\/div>\n\t\t<div class=\"elementor-element elementor-element-3882644 e-con-full e-flex e-con e-child\" data-id=\"3882644\" data-element_type=\"container\">\n\t\t\t\t<div class=\"elementor-element elementor-element-90b956e elementor-widget__width-initial elementor-widget elementor-widget-image\" data-id=\"90b956e\" data-element_type=\"widget\" data-widget_type=\"image.default\">\n\t\t\t\t<div class=\"elementor-widget-container\">\n\t\t\t\t\t\t\t\t\t\t\t\t\t\t\t<img decoding=\"async\" width=\"657\" height=\"640\" src=\"https:\/\/gelatidino.com\/wp-content\/uploads\/2023\/07\/artesanos-.png\" class=\"attachment-large size-large wp-image-5189\" alt=\"\" srcset=\"https:\/\/gelatidino.com\/wp-content\/uploads\/2023\/07\/artesanos-.png 657w, https:\/\/gelatidino.com\/wp-content\/uploads\/2023\/07\/artesanos--300x292.png 300w\" sizes=\"(max-width: 657px) 100vw, 657px\" \/>\t\t\t\t\t\t\t\t\t\t\t\t\t\t\t<\/div>\n\t\t\t\t<\/div>\n\t\t\t\t<\/div>\n\t\t\t\t\t<\/div>\n\t\t\t\t<\/div>\n\t\t<div class=\"elementor-element elementor-element-facf6a6 e-flex e-con-boxed e-con e-parent\" data-id=\"facf6a6\" data-element_type=\"container\" data-settings=\"{&quot;background_background&quot;:&quot;classic&quot;}\">\n\t\t\t\t\t<div class=\"e-con-inner\">\n\t\t<div class=\"elementor-element elementor-element-39c19c5 e-con-full e-flex elementor-invisible e-con e-child\" data-id=\"39c19c5\" data-element_type=\"container\" data-settings=\"{&quot;animation&quot;:&quot;fadeInLeft&quot;}\">\n\t\t\t\t<div class=\"elementor-element elementor-element-d2aa5b8 elementor-widget__width-initial elementor-widget elementor-widget-image\" data-id=\"d2aa5b8\" data-element_type=\"widget\" data-widget_type=\"image.default\">\n\t\t\t\t<div class=\"elementor-widget-container\">\n\t\t\t\t\t\t\t\t\t\t\t\t\t\t\t<img decoding=\"async\" width=\"431\" height=\"431\" src=\"https:\/\/gelatidino.com\/wp-content\/uploads\/2023\/07\/tecnologia-.png\" class=\"attachment-large size-large wp-image-5192\" alt=\"\" srcset=\"https:\/\/gelatidino.com\/wp-content\/uploads\/2023\/07\/tecnologia-.png 431w, https:\/\/gelatidino.com\/wp-content\/uploads\/2023\/07\/tecnologia--300x300.png 300w, https:\/\/gelatidino.com\/wp-content\/uploads\/2023\/07\/tecnologia--150x150.png 150w\" sizes=\"(max-width: 431px) 100vw, 431px\" \/>\t\t\t\t\t\t\t\t\t\t\t\t\t\t\t<\/div>\n\t\t\t\t<\/div>\n\t\t\t\t<\/div>\n\t\t<div class=\"elementor-element elementor-element-ac316b0 e-con-full e-flex elementor-invisible e-con e-child\" data-id=\"ac316b0\" data-element_type=\"container\" data-settings=\"{&quot;animation&quot;:&quot;fadeInRight&quot;}\">\n\t\t\t\t<div class=\"elementor-element elementor-element-df6d194 elementor-widget elementor-widget-heading\" data-id=\"df6d194\" data-element_type=\"widget\" data-widget_type=\"heading.default\">\n\t\t\t\t<div class=\"elementor-widget-container\">\n\t\t\t\t\t<h2 class=\"elementor-heading-title elementor-size-default\">ALTA TECNOLOG\u00cdA<\/h2>\t\t\t\t<\/div>\n\t\t\t\t<\/div>\n\t\t\t\t<div class=\"elementor-element elementor-element-b18b055 elementor-widget elementor-widget-text-editor\" data-id=\"b18b055\" data-element_type=\"widget\" data-widget_type=\"text-editor.default\">\n\t\t\t\t<div class=\"elementor-widget-container\">\n\t\t\t\t\t\t\t\t\t<p>Nuevas tendencias, y formatos innovadores que permiten disfrutar de los helados a lo largo de todo el a\u00f1o, junto a sabores disruptivos propios de la alta cocina.<\/p>\n<p>Todo esto es posible ya que nos esforzamos por seguir, d\u00eda a d\u00eda, a la vanguardia en cuanto a tecnolog\u00eda, procesos de desarrollo y producci\u00f3n<\/p>\n\t\t\t\t\t\t\t\t<\/div>\n\t\t\t\t<\/div>\n\t\t\t\t<\/div>\n\t\t\t\t\t<\/div>\n\t\t\t\t<\/div>\n\t\t<div class=\"elementor-element elementor-element-de1b8b6 e-flex e-con-boxed elementor-invisible e-con e-parent\" data-id=\"de1b8b6\" data-element_type=\"container\" data-settings=\"{&quot;background_background&quot;:&quot;classic&quot;,&quot;animation&quot;:&quot;fadeInUp&quot;}\">\n\t\t\t\t\t<div class=\"e-con-inner\">\n\t\t<div class=\"elementor-element elementor-element-9fea279 e-con-full e-flex e-con e-child\" data-id=\"9fea279\" data-element_type=\"container\">\n\t\t\t\t<div class=\"elementor-element elementor-element-52434ba elementor-widget elementor-widget-heading\" data-id=\"52434ba\" data-element_type=\"widget\" data-widget_type=\"heading.default\">\n\t\t\t\t<div class=\"elementor-widget-container\">\n\t\t\t\t\t<h2 class=\"elementor-heading-title elementor-size-default\">I+D+I CONSTANTE<\/h2>\t\t\t\t<\/div>\n\t\t\t\t<\/div>\n\t\t\t\t<div class=\"elementor-element elementor-element-c0c8474 elementor-widget elementor-widget-text-editor\" data-id=\"c0c8474\" data-element_type=\"widget\" data-widget_type=\"text-editor.default\">\n\t\t\t\t<div class=\"elementor-widget-container\">\n\t\t\t\t\t\t\t\t\t<p>La integraci\u00f3n es nuestra fuerza. La integraci\u00f3n entre lo artesano y la tecnolog\u00eda, entre innovaci\u00f3n y sostenibilidad, entre la necesidad y la imaginaci\u00f3n.<\/p>\n<p>Nuestro departamento de I+D+i. trabaja a diario para mejorar y dise\u00f1ar nuevos productos a la vez que aumentar la calidad de los productos ya existentes.<\/p>\n\t\t\t\t\t\t\t\t<\/div>\n\t\t\t\t<\/div>\n\t\t\t\t<\/div>\n\t\t<div class=\"elementor-element elementor-element-1c9de47 e-con-full e-flex e-con e-child\" data-id=\"1c9de47\" data-element_type=\"container\">\n\t\t\t\t<div class=\"elementor-element elementor-element-f8f5ae2 elementor-widget__width-initial elementor-widget elementor-widget-image\" data-id=\"f8f5ae2\" data-element_type=\"widget\" data-widget_type=\"image.default\">\n\t\t\t\t<div class=\"elementor-widget-container\">\n\t\t\t\t\t\t\t\t\t\t\t\t\t\t\t<img loading=\"lazy\" decoding=\"async\" width=\"768\" height=\"506\" src=\"https:\/\/gelatidino.com\/wp-content\/uploads\/2023\/08\/michele_decla_01.png\" class=\"attachment-full size-full wp-image-5420\" alt=\"\" srcset=\"https:\/\/gelatidino.com\/wp-content\/uploads\/2023\/08\/michele_decla_01.png 768w, https:\/\/gelatidino.com\/wp-content\/uploads\/2023\/08\/michele_decla_01-300x198.png 300w\" sizes=\"(max-width: 768px) 100vw, 768px\" \/>\t\t\t\t\t\t\t\t\t\t\t\t\t\t\t<\/div>\n\t\t\t\t<\/div>\n\t\t\t\t<\/div>\n\t\t\t\t\t<\/div>\n\t\t\t\t<\/div>\n\t\t\t\t<\/div>\n\t\t","protected":false},"excerpt":{"rendered":"<p>Producci\u00f3n y elaboraci\u00f3n propia de todos los ingredientes organol\u00e9pticos de nuestros productos. ARTESANOS DESDE 1978 Elaboramos nuestros productos manteniendo intacta su naturaleza y su valor nutricional, de manera que lo que la tierra ha creado, t\u00fa lo puedas disfrutar por entero. Tostamos y procesamos frutos secos, caf\u00e9 y chocolates. Viajamos a Sicilia, Piemonte y otras [&hellip;]<\/p>\n","protected":false},"author":1,"featured_media":0,"parent":0,"menu_order":0,"comment_status":"closed","ping_status":"closed","template":"","meta":{"footnotes":""},"class_list":["post-6593","page","type-page","status-publish","hentry"],"_links":{"self":[{"href":"https:\/\/gelatidino.com\/ca\/wp-json\/wp\/v2\/pages\/6593","targetHints":{"allow":["GET"]}}],"collection":[{"href":"https:\/\/gelatidino.com\/ca\/wp-json\/wp\/v2\/pages"}],"about":[{"href":"https:\/\/gelatidino.com\/ca\/wp-json\/wp\/v2\/types\/page"}],"author":[{"embeddable":true,"href":"https:\/\/gelatidino.com\/ca\/wp-json\/wp\/v2\/users\/1"}],"replies":[{"embeddable":true,"href":"https:\/\/gelatidino.com\/ca\/wp-json\/wp\/v2\/comments?post=6593"}],"version-history":[{"count":4,"href":"https:\/\/gelatidino.com\/ca\/wp-json\/wp\/v2\/pages\/6593\/revisions"}],"predecessor-version":[{"id":8784,"href":"https:\/\/gelatidino.com\/ca\/wp-json\/wp\/v2\/pages\/6593\/revisions\/8784"}],"wp:attachment":[{"href":"https:\/\/gelatidino.com\/ca\/wp-json\/wp\/v2\/media?parent=6593"}],"curies":[{"name":"wp","href":"https:\/\/api.w.org\/{rel}","templated":true}]}}