{"id":6527,"date":"2024-01-31T16:27:19","date_gmt":"2024-01-31T14:27:19","guid":{"rendered":"https:\/\/gelatidino.com\/gianduiotto\/"},"modified":"2025-08-20T16:58:49","modified_gmt":"2025-08-20T14:58:49","slug":"gianduiotto","status":"publish","type":"page","link":"https:\/\/gelatidino.com\/ca\/gianduiotto\/","title":{"rendered":"Gianduiotto"},"content":{"rendered":"\t\t<div data-elementor-type=\"wp-page\" data-elementor-id=\"6527\" class=\"elementor elementor-6527 elementor-2592\" data-elementor-post-type=\"page\">\n\t\t\t\t<div class=\"elementor-element elementor-element-fdc0ba9 e-flex e-con-boxed elementor-invisible e-con e-parent\" data-id=\"fdc0ba9\" data-element_type=\"container\" data-settings=\"{&quot;background_background&quot;:&quot;classic&quot;,&quot;shape_divider_bottom&quot;:&quot;curve-asymmetrical&quot;,&quot;shape_divider_bottom_negative&quot;:&quot;yes&quot;,&quot;animation&quot;:&quot;fadeInUp&quot;}\">\n\t\t\t\t\t<div class=\"e-con-inner\">\n\t\t\t\t<div class=\"elementor-shape elementor-shape-bottom\" aria-hidden=\"true\" data-negative=\"true\">\n\t\t\t<svg xmlns=\"http:\/\/www.w3.org\/2000\/svg\" viewBox=\"0 0 1000 100\" preserveAspectRatio=\"none\">\n\t<path class=\"elementor-shape-fill\" d=\"M615.2,96.7C240.2,97.8,0,18.9,0,0v100h1000V0C1000,19.2,989.8,96,615.2,96.7z\"\/>\n<\/svg>\t\t<\/div>\n\t\t\t\t\t<\/div>\n\t\t\t\t<\/div>\n\t\t<div class=\"elementor-element elementor-element-74b4ab8 e-flex e-con-boxed elementor-invisible e-con e-parent\" data-id=\"74b4ab8\" data-element_type=\"container\" data-settings=\"{&quot;animation&quot;:&quot;fadeInUp&quot;}\">\n\t\t\t\t\t<div class=\"e-con-inner\">\n\t\t\t\t<div class=\"elementor-element elementor-element-a44f51a elementor-widget-mobile__width-initial elementor-widget elementor-widget-image\" data-id=\"a44f51a\" data-element_type=\"widget\" data-widget_type=\"image.default\">\n\t\t\t\t<div class=\"elementor-widget-container\">\n\t\t\t\t\t\t\t\t\t\t\t\t\t\t\t<img fetchpriority=\"high\" decoding=\"async\" width=\"800\" height=\"388\" src=\"https:\/\/gelatidino.com\/wp-content\/uploads\/2024\/02\/slide-GIANDUIOTTO-1024x497.jpg\" class=\"attachment-large size-large wp-image-5657\" alt=\"\" srcset=\"https:\/\/gelatidino.com\/wp-content\/uploads\/2024\/02\/slide-GIANDUIOTTO-1024x497.jpg 1024w, https:\/\/gelatidino.com\/wp-content\/uploads\/2024\/02\/slide-GIANDUIOTTO-300x146.jpg 300w, https:\/\/gelatidino.com\/wp-content\/uploads\/2024\/02\/slide-GIANDUIOTTO-768x373.jpg 768w, https:\/\/gelatidino.com\/wp-content\/uploads\/2024\/02\/slide-GIANDUIOTTO-1536x745.jpg 1536w, https:\/\/gelatidino.com\/wp-content\/uploads\/2024\/02\/slide-GIANDUIOTTO-2048x994.jpg 2048w\" sizes=\"(max-width: 800px) 100vw, 800px\" \/>\t\t\t\t\t\t\t\t\t\t\t\t\t\t\t<\/div>\n\t\t\t\t<\/div>\n\t\t\t\t\t<\/div>\n\t\t\t\t<\/div>\n\t\t<div class=\"elementor-element elementor-element-4ec7b48 e-flex e-con-boxed elementor-invisible e-con e-parent\" data-id=\"4ec7b48\" data-element_type=\"container\" data-settings=\"{&quot;animation&quot;:&quot;fadeInUp&quot;}\">\n\t\t\t\t\t<div class=\"e-con-inner\">\n\t\t\t\t<div class=\"elementor-element elementor-element-2ce594d elementor-widget-mobile__width-initial elementor-widget elementor-widget-heading\" data-id=\"2ce594d\" data-element_type=\"widget\" data-widget_type=\"heading.default\">\n\t\t\t\t<div class=\"elementor-widget-container\">\n\t\t\t\t\t<h2 class=\"elementor-heading-title elementor-size-default\">GIANDUIOTTO<\/h2>\t\t\t\t<\/div>\n\t\t\t\t<\/div>\n\t\t\t\t<div class=\"elementor-element elementor-element-fccac13 elementor-widget-divider--view-line elementor-widget elementor-widget-global elementor-global-492 elementor-widget-divider\" data-id=\"fccac13\" data-element_type=\"widget\" data-widget_type=\"divider.default\">\n\t\t\t\t<div class=\"elementor-widget-container\">\n\t\t\t\t\t\t\t<div class=\"elementor-divider\">\n\t\t\t<span class=\"elementor-divider-separator\">\n\t\t\t\t\t\t<\/span>\n\t\t<\/div>\n\t\t\t\t\t\t<\/div>\n\t\t\t\t<\/div>\n\t\t\t\t<div class=\"elementor-element elementor-element-6dc8557 elementor-widget-mobile__width-initial elementor-widget elementor-widget-heading\" data-id=\"6dc8557\" data-element_type=\"widget\" data-widget_type=\"heading.default\">\n\t\t\t\t<div class=\"elementor-widget-container\">\n\t\t\t\t\t<h2 class=\"elementor-heading-title elementor-size-default\">gusto del mese di MARZO<\/h2>\t\t\t\t<\/div>\n\t\t\t\t<\/div>\n\t\t\t\t<div class=\"elementor-element elementor-element-48c1d9b elementor-widget__width-initial elementor-widget-tablet__width-initial elementor-widget-mobile__width-initial elementor-widget elementor-widget-text-editor\" data-id=\"48c1d9b\" data-element_type=\"widget\" data-widget_type=\"text-editor.default\">\n\t\t\t\t<div class=\"elementor-widget-container\">\n\t\t\t\t\t\t\t\t\t<p>Descobreix el nostre irresistible <b>Guest del Mese: Gianduiotto<\/b>, est\u00e0 inspirat en la tradicional xocolatina Torinese elaborada amb cacau i nocciola Piemonte.<br \/>est\u00e0 inspirat en la tradicional xocolatina Torinese elaborada amb cacau i nocciola Piemonte.<\/p><p>A primera vista, podria semblar simplement una xocolatina amb una forma peculiar, que s&#8217;assembla a una pir\u00e0mide allargada o fins i tot a un vaixell invertit. Tot i aix\u00f2, es tracta d&#8217;un dels bombons m\u00e9s hist\u00f2rics i estimats tant per adults com per nens.<\/p><p>L&#8217;origen d&#8217;aquesta xocolatina es remunta a una necessitat expressada pels xocolaters i pastissers de Tor\u00ed. El 1832, el preu del cacau va augmentar considerablement, cosa que els va portar a reduir la seva quantitat i reempla\u00e7ar-la amb m\u00e9s avellanes, un fruit sec abundant i econ\u00f2mic al Piemont. En aquell moment, es coneixia com a <b>Givu&#8221;<\/b>, terme en dialecte que significa <b>&#8220;entrep\u00e0&#8221;<\/b>.<\/p><p>No va ser sin\u00f3 fins m\u00e9s tard, durant el carnaval de 1865, quan el personatge t\u00edpic del carnaval piemont\u00e8s, <b>Gianduja<\/b>, va comen\u00e7ar a repartir aquesta deliciosa xocolatina a tots els assistents a la festa, i aix\u00ed va ser com es va batejar com a <b>Gianduiotto<\/b>.<\/p>\t\t\t\t\t\t\t\t<\/div>\n\t\t\t\t<\/div>\n\t\t\t\t<div class=\"elementor-element elementor-element-ae76df1 elementor-widget__width-initial elementor-widget-mobile__width-initial elementor-widget elementor-widget-image\" data-id=\"ae76df1\" data-element_type=\"widget\" data-widget_type=\"image.default\">\n\t\t\t\t<div class=\"elementor-widget-container\">\n\t\t\t\t\t\t\t\t\t\t\t\t\t\t\t<img decoding=\"async\" width=\"800\" height=\"500\" src=\"https:\/\/gelatidino.com\/wp-content\/uploads\/2024\/02\/gianduiotto_cubeta-1024x640.jpg\" class=\"attachment-large size-large wp-image-5663\" alt=\"Cubeta de Gianduiotto\" srcset=\"https:\/\/gelatidino.com\/wp-content\/uploads\/2024\/02\/gianduiotto_cubeta-1024x640.jpg 1024w, https:\/\/gelatidino.com\/wp-content\/uploads\/2024\/02\/gianduiotto_cubeta-300x188.jpg 300w, https:\/\/gelatidino.com\/wp-content\/uploads\/2024\/02\/gianduiotto_cubeta-768x480.jpg 768w, https:\/\/gelatidino.com\/wp-content\/uploads\/2024\/02\/gianduiotto_cubeta.jpg 1280w\" sizes=\"(max-width: 800px) 100vw, 800px\" \/>\t\t\t\t\t\t\t\t\t\t\t\t\t\t\t<\/div>\n\t\t\t\t<\/div>\n\t\t\t\t<div class=\"elementor-element elementor-element-456bdf4 elementor-widget__width-initial elementor-widget-mobile__width-initial elementor-widget elementor-widget-text-editor\" data-id=\"456bdf4\" data-element_type=\"widget\" data-widget_type=\"text-editor.default\">\n\t\t\t\t<div class=\"elementor-widget-container\">\n\t\t\t\t\t\t\t\t\t<p style=\"text-align: center;\"><b><i>Deixa&#8217;t portar per aquesta exquisidesa i gaudeix\nde GIANDUIOTTO, el nostre Gust del Mese!<\/i><\/b><\/p>\nNom\u00e9s aquest mes de mar\u00e7 i en les seg\u00fcents Gelateries:\t\t\t\t\t\t\t\t<\/div>\n\t\t\t\t<\/div>\n\t\t<div class=\"elementor-element elementor-element-c19a165 e-flex e-con-boxed e-con e-child\" data-id=\"c19a165\" data-element_type=\"container\">\n\t\t\t\t\t<div class=\"e-con-inner\">\n\t\t\t\t<div class=\"elementor-element elementor-element-8a9b961 elementor-widget__width-initial elementor-widget elementor-widget-heading\" data-id=\"8a9b961\" data-element_type=\"widget\" data-widget_type=\"heading.default\">\n\t\t\t\t<div class=\"elementor-widget-container\">\n\t\t\t\t\t<h2 class=\"elementor-heading-title elementor-size-default\">BARCELONA:<\/h2>\t\t\t\t<\/div>\n\t\t\t\t<\/div>\n\t\t\t\t<div class=\"elementor-element elementor-element-c472d31 elementor-widget__width-initial elementor-widget-mobile__width-auto elementor-widget elementor-widget-text-editor\" data-id=\"c472d31\" data-element_type=\"widget\" data-widget_type=\"text-editor.default\">\n\t\t\t\t<div class=\"elementor-widget-container\">\n\t\t\t\t\t\t\t\t\t<p><span style=\"font-weight: bolder; text-align: center;\"><span style=\"color: rgb(255, 0, 0);\">\u2022<\/span><\/span><i style=\"text-align: center;\">&nbsp;C.C. ILLA DIAGONAL (Av. Diagonal).<\/i><\/p>\n<p><i style=\"color: var( --e-global-color-text ); font-family: var( --e-global-typography-text-font-family ), Sans-serif; font-size: var( --e-global-typography-text-font-size ); font-weight: var( --e-global-typography-text-font-weight ); text-align: center;\"><span style=\"font-weight: bolder;\"><span style=\"color: rgb(255, 0, 0);\">\u2022<\/span><\/span><i>&nbsp;<\/i>C.C. ARENAS (Gran Via de les Corts Catalanes).<\/i><\/p>\n<p><i style=\"color: var( --e-global-color-text ); font-family: var( --e-global-typography-text-font-family ), Sans-serif; font-size: var( --e-global-typography-text-font-size ); font-weight: var( --e-global-typography-text-font-weight ); text-align: center;\"><span style=\"font-weight: bolder;\"><span style=\"color: rgb(255, 0, 0);\">\u2022<\/span><\/span><i>&nbsp;<\/i>SARRI\u00c0 (Pla\u00e7a de Sarri\u00e0).<\/i><\/p>\n<p><i style=\"color: var( --e-global-color-text ); font-family: var( --e-global-typography-text-font-family ), Sans-serif; font-size: var( --e-global-typography-text-font-size ); font-weight: var( --e-global-typography-text-font-weight ); text-align: center;\"><span style=\"font-weight: bolder;\"><span style=\"color: rgb(255, 0, 0);\">\u2022<\/span><\/span><i>&nbsp;<\/i>POBLE SEC&nbsp; (C\/ Blai) .&nbsp;<\/i><\/p>\n<p><i style=\"color: var( --e-global-color-text ); font-family: var( --e-global-typography-text-font-family ), Sans-serif; font-size: var( --e-global-typography-text-font-size ); font-weight: var( --e-global-typography-text-font-weight ); text-align: center;\"><span style=\"font-weight: bolder;\"><span style=\"color: rgb(255, 0, 0);\">\u2022<\/span><\/span><i>&nbsp;<\/i>GR\u00c0CIA&nbsp; (Pl. Revoluci\u00f3)<\/i><br><\/p>\t\t\t\t\t\t\t\t<\/div>\n\t\t\t\t<\/div>\n\t\t\t\t\t<\/div>\n\t\t\t\t<\/div>\n\t\t<div class=\"elementor-element elementor-element-76e4c27 e-flex e-con-boxed e-con e-child\" data-id=\"76e4c27\" data-element_type=\"container\">\n\t\t\t\t\t<div class=\"e-con-inner\">\n\t\t\t\t<div class=\"elementor-element elementor-element-e4d188a elementor-widget__width-initial elementor-widget elementor-widget-heading\" data-id=\"e4d188a\" data-element_type=\"widget\" data-widget_type=\"heading.default\">\n\t\t\t\t<div class=\"elementor-widget-container\">\n\t\t\t\t\t<h2 class=\"elementor-heading-title elementor-size-default\">MADRID:<\/h2>\t\t\t\t<\/div>\n\t\t\t\t<\/div>\n\t\t\t\t<div class=\"elementor-element elementor-element-52f36d8 elementor-widget__width-initial elementor-widget-mobile__width-auto elementor-widget elementor-widget-text-editor\" data-id=\"52f36d8\" data-element_type=\"widget\" data-widget_type=\"text-editor.default\">\n\t\t\t\t<div class=\"elementor-widget-container\">\n\t\t\t\t\t\t\t\t\t<p><span style=\"font-weight: bolder; text-align: center;\"><span style=\"color: #ff0000;\">\u2022<\/span><\/span><i style=\"text-align: center;\"> GOYA: Avenida Felipe II, 15.<\/i><\/p><p><i style=\"text-align: center;\"><span style=\"font-weight: bolder; text-align: center;\"><span style=\"color: #ff0000;\">\u2022<\/span><\/span> CUATRO CAMINOS: (C. Santa Engracia).<\/i><\/p><p><i style=\"text-align: center;\"><span style=\"font-weight: bolder; text-align: center;\"><span style=\"color: #ff0000;\">\u2022<\/span><\/span> MONCLOA: (C. Princesa, 79).<\/i><\/p><p><i style=\"font-family: var( --e-global-typography-text-font-family ), Sans-serif; font-size: var( --e-global-typography-text-font-size ); text-align: center; font-weight: var( --e-global-typography-text-font-weight ); color: var( --e-global-color-text );\"><span style=\"font-weight: bolder;\"><span style=\"color: #ff0000;\">\u2022<\/span><\/span> C.C. PLAZA LORANCA 2: (<\/i><i style=\"color: var( --e-global-color-text ); font-family: var( --e-global-typography-text-font-family ), Sans-serif; font-size: var( --e-global-typography-text-font-size ); font-weight: var( --e-global-typography-text-font-weight ); text-align: center;\">Avda. Pablo Iglesias)\u00a0<\/i><i style=\"color: var( --e-global-color-text ); font-family: var( --e-global-typography-text-font-family ), Sans-serif; font-size: var( --e-global-typography-text-font-size ); font-weight: var( --e-global-typography-text-font-weight ); text-align: center;\">FUENLABRADA\u00a0<\/i><\/p>\t\t\t\t\t\t\t\t<\/div>\n\t\t\t\t<\/div>\n\t\t\t\t\t<\/div>\n\t\t\t\t<\/div>\n\t\t<div class=\"elementor-element elementor-element-1379374 e-flex e-con-boxed e-con e-child\" data-id=\"1379374\" data-element_type=\"container\">\n\t\t\t\t\t<div class=\"e-con-inner\">\n\t\t\t\t<div class=\"elementor-element elementor-element-e520b94 elementor-widget__width-initial elementor-widget elementor-widget-heading\" data-id=\"e520b94\" data-element_type=\"widget\" data-widget_type=\"heading.default\">\n\t\t\t\t<div class=\"elementor-widget-container\">\n\t\t\t\t\t<h2 class=\"elementor-heading-title elementor-size-default\">ZARAGOZA:<\/h2>\t\t\t\t<\/div>\n\t\t\t\t<\/div>\n\t\t\t\t<div class=\"elementor-element elementor-element-330fed8 elementor-widget__width-initial elementor-widget-mobile__width-auto elementor-widget elementor-widget-text-editor\" data-id=\"330fed8\" data-element_type=\"widget\" data-widget_type=\"text-editor.default\">\n\t\t\t\t<div class=\"elementor-widget-container\">\n\t\t\t\t\t\t\t\t\t<p><span style=\"font-weight: bolder; text-align: center;\"><span style=\"color: #ff0000;\">\u2022<\/span><\/span><i style=\"text-align: center;\"> ZARAGOZA CENTRO: Plaza del Pilar, 10.<\/i><\/p>\t\t\t\t\t\t\t\t<\/div>\n\t\t\t\t<\/div>\n\t\t\t\t\t<\/div>\n\t\t\t\t<\/div>\n\t\t<div class=\"elementor-element elementor-element-19dbaf9 e-flex e-con-boxed e-con e-child\" data-id=\"19dbaf9\" data-element_type=\"container\">\n\t\t\t\t\t<div class=\"e-con-inner\">\n\t\t\t\t<div class=\"elementor-element elementor-element-2176741 elementor-widget__width-initial elementor-widget elementor-widget-heading\" data-id=\"2176741\" data-element_type=\"widget\" data-widget_type=\"heading.default\">\n\t\t\t\t<div class=\"elementor-widget-container\">\n\t\t\t\t\t<h2 class=\"elementor-heading-title elementor-size-default\">FRANCIA:<\/h2>\t\t\t\t<\/div>\n\t\t\t\t<\/div>\n\t\t\t\t<div class=\"elementor-element elementor-element-c43a4ff elementor-widget__width-initial elementor-widget-mobile__width-auto elementor-widget elementor-widget-text-editor\" data-id=\"c43a4ff\" data-element_type=\"widget\" data-widget_type=\"text-editor.default\">\n\t\t\t\t<div class=\"elementor-widget-container\">\n\t\t\t\t\t\t\t\t\t<p><span style=\"font-weight: bolder; text-align: center;\"><span style=\"color: #ff0000;\">\u2022<\/span><\/span><i style=\"text-align: center;\"> PERPIGNAN: 33 Quai S\u00e9bastien Vauban, 66000.<\/i><\/p>\t\t\t\t\t\t\t\t<\/div>\n\t\t\t\t<\/div>\n\t\t<div class=\"elementor-element elementor-element-69eb75e e-flex e-con-boxed e-con e-child\" data-id=\"69eb75e\" data-element_type=\"container\">\n\t\t\t\t\t<div class=\"e-con-inner\">\n\t\t\t\t<div class=\"elementor-element elementor-element-10a3cd5 elementor-widget__width-initial elementor-widget elementor-widget-heading\" data-id=\"10a3cd5\" data-element_type=\"widget\" data-widget_type=\"heading.default\">\n\t\t\t\t<div class=\"elementor-widget-container\">\n\t\t\t\t\t<h2 class=\"elementor-heading-title elementor-size-default\">QATAR:<\/h2>\t\t\t\t<\/div>\n\t\t\t\t<\/div>\n\t\t\t\t<div class=\"elementor-element elementor-element-19070cc elementor-widget__width-initial elementor-widget-mobile__width-auto elementor-widget elementor-widget-text-editor\" data-id=\"19070cc\" data-element_type=\"widget\" data-widget_type=\"text-editor.default\">\n\t\t\t\t<div class=\"elementor-widget-container\">\n\t\t\t\t\t\t\t\t\t<p><span style=\"font-weight: bolder; text-align: center;\"><span style=\"color: rgb(255, 0, 0);\">\u2022<\/span><\/span><i style=\"text-align: center;\">&nbsp;DOHA FESTIVAL CITY: Umm Salal Muhammed, DOHA.<\/i><\/p><p><i style=\"text-align: center;\"><span style=\"font-weight: bolder;\"><span style=\"color: rgb(255, 0, 0);\">\u2022<\/span><\/span>&nbsp;OLD DOHA PORT: Mina District, Old Doha Port,&nbsp;<\/i><i style=\"color: var( --e-global-color-text ); font-family: var( --e-global-typography-text-font-family ), Sans-serif; font-size: var( --e-global-typography-text-font-size ); font-weight: var( --e-global-typography-text-font-weight ); text-align: center;\">DOHA.<\/i><\/p>\t\t\t\t\t\t\t\t<\/div>\n\t\t\t\t<\/div>\n\t\t\t\t\t<\/div>\n\t\t\t\t<\/div>\n\t\t\t\t\t<\/div>\n\t\t\t\t<\/div>\n\t\t\t\t<div class=\"elementor-element elementor-element-2ee1359 elementor-widget__width-initial elementor-widget-mobile__width-initial elementor-widget elementor-widget-image\" data-id=\"2ee1359\" data-element_type=\"widget\" data-widget_type=\"image.default\">\n\t\t\t\t<div class=\"elementor-widget-container\">\n\t\t\t\t\t\t\t\t\t\t\t\t\t\t\t<img decoding=\"async\" width=\"800\" height=\"500\" src=\"https:\/\/gelatidino.com\/wp-content\/uploads\/2024\/02\/gianduiotto_tarrina-1024x640.jpg\" class=\"attachment-large size-large wp-image-5660\" alt=\"\" srcset=\"https:\/\/gelatidino.com\/wp-content\/uploads\/2024\/02\/gianduiotto_tarrina-1024x640.jpg 1024w, https:\/\/gelatidino.com\/wp-content\/uploads\/2024\/02\/gianduiotto_tarrina-300x188.jpg 300w, https:\/\/gelatidino.com\/wp-content\/uploads\/2024\/02\/gianduiotto_tarrina-768x480.jpg 768w, https:\/\/gelatidino.com\/wp-content\/uploads\/2024\/02\/gianduiotto_tarrina.jpg 1280w\" sizes=\"(max-width: 800px) 100vw, 800px\" \/>\t\t\t\t\t\t\t\t\t\t\t\t\t\t\t<\/div>\n\t\t\t\t<\/div>\n\t\t\t\t\t<\/div>\n\t\t\t\t<\/div>\n\t\t\t\t<\/div>\n\t\t","protected":false},"excerpt":{"rendered":"<p>GIANDUIOTTO gusto del mese di MARZO Descobreix el nostre irresistible Guest del Mese: Gianduiotto, est\u00e0 inspirat en la tradicional xocolatina Torinese elaborada amb cacau i nocciola Piemonte.est\u00e0 inspirat en la tradicional xocolatina Torinese elaborada amb cacau i nocciola Piemonte. A primera vista, podria semblar simplement una xocolatina amb una forma peculiar, que s&#8217;assembla a una [&hellip;]<\/p>\n","protected":false},"author":3,"featured_media":0,"parent":0,"menu_order":0,"comment_status":"closed","ping_status":"closed","template":"","meta":{"footnotes":""},"class_list":["post-6527","page","type-page","status-publish","hentry"],"_links":{"self":[{"href":"https:\/\/gelatidino.com\/ca\/wp-json\/wp\/v2\/pages\/6527","targetHints":{"allow":["GET"]}}],"collection":[{"href":"https:\/\/gelatidino.com\/ca\/wp-json\/wp\/v2\/pages"}],"about":[{"href":"https:\/\/gelatidino.com\/ca\/wp-json\/wp\/v2\/types\/page"}],"author":[{"embeddable":true,"href":"https:\/\/gelatidino.com\/ca\/wp-json\/wp\/v2\/users\/3"}],"replies":[{"embeddable":true,"href":"https:\/\/gelatidino.com\/ca\/wp-json\/wp\/v2\/comments?post=6527"}],"version-history":[{"count":3,"href":"https:\/\/gelatidino.com\/ca\/wp-json\/wp\/v2\/pages\/6527\/revisions"}],"predecessor-version":[{"id":6533,"href":"https:\/\/gelatidino.com\/ca\/wp-json\/wp\/v2\/pages\/6527\/revisions\/6533"}],"wp:attachment":[{"href":"https:\/\/gelatidino.com\/ca\/wp-json\/wp\/v2\/media?parent=6527"}],"curies":[{"name":"wp","href":"https:\/\/api.w.org\/{rel}","templated":true}]}}