{"id":6490,"date":"2023-07-02T12:44:36","date_gmt":"2023-07-02T10:44:36","guid":{"rendered":"https:\/\/gelatidino.com\/equitativo\/"},"modified":"2025-12-27T14:08:04","modified_gmt":"2025-12-27T12:08:04","slug":"equitatiu","status":"publish","type":"page","link":"https:\/\/gelatidino.com\/ca\/equitatiu\/","title":{"rendered":"Equitatiu"},"content":{"rendered":"\t\t<div data-elementor-type=\"wp-page\" data-elementor-id=\"6490\" class=\"elementor elementor-6490 elementor-448\" data-elementor-post-type=\"page\">\n\t\t\t\t<div class=\"elementor-element elementor-element-a2524d0 e-flex e-con-boxed e-con e-parent\" data-id=\"a2524d0\" data-element_type=\"container\" data-settings=\"{&quot;background_background&quot;:&quot;classic&quot;}\">\n\t\t\t\t\t<div class=\"e-con-inner\">\n\t\t\t\t<div class=\"elementor-element elementor-element-966f2be elementor-invisible elementor-widget elementor-widget-image\" data-id=\"966f2be\" data-element_type=\"widget\" data-settings=\"{&quot;_animation&quot;:&quot;fadeInUp&quot;}\" data-widget_type=\"image.default\">\n\t\t\t\t<div class=\"elementor-widget-container\">\n\t\t\t\t\t\t\t\t\t\t\t\t\t\t\t<img fetchpriority=\"high\" decoding=\"async\" width=\"546\" height=\"108\" src=\"https:\/\/gelatidino.com\/wp-content\/uploads\/2025\/12\/paratodos_CAT.webp\" class=\"attachment-large size-large wp-image-7722\" alt=\"\" srcset=\"https:\/\/gelatidino.com\/wp-content\/uploads\/2025\/12\/paratodos_CAT.webp 546w, https:\/\/gelatidino.com\/wp-content\/uploads\/2025\/12\/paratodos_CAT-300x59.webp 300w\" sizes=\"(max-width: 546px) 100vw, 546px\" \/>\t\t\t\t\t\t\t\t\t\t\t\t\t\t\t<\/div>\n\t\t\t\t<\/div>\n\t\t\t\t\t<\/div>\n\t\t\t\t<\/div>\n\t\t<div class=\"elementor-element elementor-element-afd4f67 e-flex e-con-boxed e-con e-parent\" data-id=\"afd4f67\" data-element_type=\"container\" data-settings=\"{&quot;background_background&quot;:&quot;classic&quot;,&quot;shape_divider_bottom&quot;:&quot;curve-asymmetrical&quot;,&quot;shape_divider_bottom_negative&quot;:&quot;yes&quot;}\">\n\t\t\t\t\t<div class=\"e-con-inner\">\n\t\t\t\t<div class=\"elementor-shape elementor-shape-bottom\" aria-hidden=\"true\" data-negative=\"true\">\n\t\t\t<svg xmlns=\"http:\/\/www.w3.org\/2000\/svg\" viewBox=\"0 0 1000 100\" preserveAspectRatio=\"none\">\n\t<path class=\"elementor-shape-fill\" d=\"M615.2,96.7C240.2,97.8,0,18.9,0,0v100h1000V0C1000,19.2,989.8,96,615.2,96.7z\"\/>\n<\/svg>\t\t<\/div>\n\t\t\t\t\t<\/div>\n\t\t\t\t<\/div>\n\t\t<div class=\"elementor-element elementor-element-ebba64f e-flex e-con-boxed elementor-invisible e-con e-parent\" data-id=\"ebba64f\" data-element_type=\"container\" data-settings=\"{&quot;animation&quot;:&quot;fadeIn&quot;}\">\n\t\t\t\t\t<div class=\"e-con-inner\">\n\t\t\t\t<div class=\"elementor-element elementor-element-5687228 elementor-widget__width-initial elementor-widget-tablet__width-initial elementor-widget elementor-widget-text-editor\" data-id=\"5687228\" data-element_type=\"widget\" data-widget_type=\"text-editor.default\">\n\t\t\t\t<div class=\"elementor-widget-container\">\n\t\t\t\t\t\t\t\t\tGelati Dino compta amb una \u00e0mplia gamma de gelats &#8220;free from&#8221;. La nostra filosofia es basa en la creen\u00e7a que tothom ha de poder gaudir d&#8217;un bon gelat artesanal.\t\t\t\t\t\t\t\t<\/div>\n\t\t\t\t<\/div>\n\t\t\t\t\t<\/div>\n\t\t\t\t<\/div>\n\t\t<div class=\"elementor-element elementor-element-5dd6d46 e-flex e-con-boxed elementor-invisible e-con e-parent\" data-id=\"5dd6d46\" data-element_type=\"container\" data-settings=\"{&quot;background_background&quot;:&quot;classic&quot;,&quot;animation&quot;:&quot;fadeInUp&quot;}\">\n\t\t\t\t\t<div class=\"e-con-inner\">\n\t\t<div class=\"elementor-element elementor-element-2db1bc5 e-con-full e-flex e-con e-child\" data-id=\"2db1bc5\" data-element_type=\"container\">\n\t\t\t\t<div class=\"elementor-element elementor-element-b7b665d elementor-widget elementor-widget-heading\" data-id=\"b7b665d\" data-element_type=\"widget\" data-widget_type=\"heading.default\">\n\t\t\t\t<div class=\"elementor-widget-container\">\n\t\t\t\t\t<h2 class=\"elementor-heading-title elementor-size-default\">APTES PER A TOTS<\/h2>\t\t\t\t<\/div>\n\t\t\t\t<\/div>\n\t\t\t\t<div class=\"elementor-element elementor-element-59f97d4 elementor-widget elementor-widget-text-editor\" data-id=\"59f97d4\" data-element_type=\"widget\" data-widget_type=\"text-editor.default\">\n\t\t\t\t<div class=\"elementor-widget-container\">\n\t\t\t\t\t\t\t\t\tA Gelati Dino, cuidem cada detall, des del proc\u00e9s de fabricaci\u00f3 fins a la venda a les nostres gelateries.\n\nEl nostre comprom\u00eds ens porta a implementar un estricte protocol, garantint que tots puguem gaudir dels nostres gelats.\n\nA m\u00e9s, oferim opcions aptes per a dietes especials, com ara gelats sense sucre afegit i opcions veganes.\t\t\t\t\t\t\t\t<\/div>\n\t\t\t\t<\/div>\n\t\t\t\t<div class=\"elementor-element elementor-element-bd05919 elementor-align-center elementor-widget elementor-widget-button\" data-id=\"bd05919\" data-element_type=\"widget\" data-widget_type=\"button.default\">\n\t\t\t\t<div class=\"elementor-widget-container\">\n\t\t\t\t\t\t\t\t\t<div class=\"elementor-button-wrapper\">\n\t\t\t\t\t<a class=\"elementor-button elementor-button-link elementor-size-sm\" href=\"http:\/\/gelatidino.com\/ca\/productes\/gelato\/\">\n\t\t\t\t\t\t<span class=\"elementor-button-content-wrapper\">\n\t\t\t\t\t\t\t\t\t<span class=\"elementor-button-text\">ELS NOSTRES GELATS<\/span>\n\t\t\t\t\t<\/span>\n\t\t\t\t\t<\/a>\n\t\t\t\t<\/div>\n\t\t\t\t\t\t\t\t<\/div>\n\t\t\t\t<\/div>\n\t\t\t\t<\/div>\n\t\t<div class=\"elementor-element elementor-element-f18aca5 e-con-full e-flex e-con e-child\" data-id=\"f18aca5\" data-element_type=\"container\">\n\t\t\t\t<div class=\"elementor-element elementor-element-fc92c2b elementor-widget__width-initial elementor-widget elementor-widget-image\" data-id=\"fc92c2b\" data-element_type=\"widget\" data-widget_type=\"image.default\">\n\t\t\t\t<div class=\"elementor-widget-container\">\n\t\t\t\t\t\t\t\t\t\t\t\t\t\t\t<img decoding=\"async\" width=\"768\" height=\"506\" src=\"https:\/\/gelatidino.com\/wp-content\/uploads\/2023\/08\/Sara_decla_01.png\" class=\"attachment-large size-large wp-image-5423\" alt=\"\" srcset=\"https:\/\/gelatidino.com\/wp-content\/uploads\/2023\/08\/Sara_decla_01.png 768w, https:\/\/gelatidino.com\/wp-content\/uploads\/2023\/08\/Sara_decla_01-300x198.png 300w\" sizes=\"(max-width: 768px) 100vw, 768px\" \/>\t\t\t\t\t\t\t\t\t\t\t\t\t\t\t<\/div>\n\t\t\t\t<\/div>\n\t\t\t\t<\/div>\n\t\t\t\t\t<\/div>\n\t\t\t\t<\/div>\n\t\t\t\t<\/div>\n\t\t","protected":false},"excerpt":{"rendered":"<p>Gelati Dino compta amb una \u00e0mplia gamma de gelats &#8220;free from&#8221;. La nostra filosofia es basa en la creen\u00e7a que tothom ha de poder gaudir d&#8217;un bon gelat artesanal. APTES PER A TOTS A Gelati Dino, cuidem cada detall, des del proc\u00e9s de fabricaci\u00f3 fins a la venda a les nostres gelateries. El nostre comprom\u00eds [&hellip;]<\/p>\n","protected":false},"author":1,"featured_media":0,"parent":0,"menu_order":0,"comment_status":"closed","ping_status":"closed","template":"","meta":{"footnotes":""},"class_list":["post-6490","page","type-page","status-publish","hentry"],"_links":{"self":[{"href":"https:\/\/gelatidino.com\/ca\/wp-json\/wp\/v2\/pages\/6490","targetHints":{"allow":["GET"]}}],"collection":[{"href":"https:\/\/gelatidino.com\/ca\/wp-json\/wp\/v2\/pages"}],"about":[{"href":"https:\/\/gelatidino.com\/ca\/wp-json\/wp\/v2\/types\/page"}],"author":[{"embeddable":true,"href":"https:\/\/gelatidino.com\/ca\/wp-json\/wp\/v2\/users\/1"}],"replies":[{"embeddable":true,"href":"https:\/\/gelatidino.com\/ca\/wp-json\/wp\/v2\/comments?post=6490"}],"version-history":[{"count":7,"href":"https:\/\/gelatidino.com\/ca\/wp-json\/wp\/v2\/pages\/6490\/revisions"}],"predecessor-version":[{"id":8096,"href":"https:\/\/gelatidino.com\/ca\/wp-json\/wp\/v2\/pages\/6490\/revisions\/8096"}],"wp:attachment":[{"href":"https:\/\/gelatidino.com\/ca\/wp-json\/wp\/v2\/media?parent=6490"}],"curies":[{"name":"wp","href":"https:\/\/api.w.org\/{rel}","templated":true}]}}