{"id":6470,"date":"2025-03-31T11:59:58","date_gmt":"2025-03-31T09:59:58","guid":{"rendered":"https:\/\/gelatidino.com\/cocco-caramello\/"},"modified":"2025-08-20T16:25:15","modified_gmt":"2025-08-20T14:25:15","slug":"cocco-caramello","status":"publish","type":"page","link":"https:\/\/gelatidino.com\/ca\/cocco-caramello\/","title":{"rendered":"Cocco Caramello"},"content":{"rendered":"\t\t<div data-elementor-type=\"wp-page\" data-elementor-id=\"6470\" class=\"elementor elementor-6470 elementor-4184\" data-elementor-post-type=\"page\">\n\t\t\t\t<div class=\"elementor-element elementor-element-b91f950 e-flex e-con-boxed elementor-invisible e-con e-parent\" data-id=\"b91f950\" data-element_type=\"container\" data-settings=\"{&quot;background_background&quot;:&quot;classic&quot;,&quot;shape_divider_bottom&quot;:&quot;curve-asymmetrical&quot;,&quot;shape_divider_bottom_negative&quot;:&quot;yes&quot;,&quot;animation&quot;:&quot;fadeInUp&quot;}\">\n\t\t\t\t\t<div class=\"e-con-inner\">\n\t\t\t\t<div class=\"elementor-shape elementor-shape-bottom\" aria-hidden=\"true\" data-negative=\"true\">\n\t\t\t<svg xmlns=\"http:\/\/www.w3.org\/2000\/svg\" viewBox=\"0 0 1000 100\" preserveAspectRatio=\"none\">\n\t<path class=\"elementor-shape-fill\" d=\"M615.2,96.7C240.2,97.8,0,18.9,0,0v100h1000V0C1000,19.2,989.8,96,615.2,96.7z\"\/>\n<\/svg>\t\t<\/div>\n\t\t\t\t\t<\/div>\n\t\t\t\t<\/div>\n\t\t<div class=\"elementor-element elementor-element-ffc6b88 e-flex e-con-boxed elementor-invisible e-con e-parent\" data-id=\"ffc6b88\" data-element_type=\"container\" data-settings=\"{&quot;animation&quot;:&quot;fadeInUp&quot;}\">\n\t\t\t\t\t<div class=\"e-con-inner\">\n\t\t\t\t<div class=\"elementor-element elementor-element-6e00085 elementor-widget-mobile__width-initial elementor-widget elementor-widget-image\" data-id=\"6e00085\" data-element_type=\"widget\" data-widget_type=\"image.default\">\n\t\t\t\t<div class=\"elementor-widget-container\">\n\t\t\t\t\t\t\t\t\t\t\t\t\t\t\t<img fetchpriority=\"high\" decoding=\"async\" width=\"800\" height=\"500\" src=\"https:\/\/gelatidino.com\/wp-content\/uploads\/2025\/03\/cocco_caramello_cubeta.jpg\" class=\"attachment-large size-large wp-image-6128\" alt=\"\" srcset=\"https:\/\/gelatidino.com\/wp-content\/uploads\/2025\/03\/cocco_caramello_cubeta.jpg 1024w, https:\/\/gelatidino.com\/wp-content\/uploads\/2025\/03\/cocco_caramello_cubeta-300x188.jpg 300w, https:\/\/gelatidino.com\/wp-content\/uploads\/2025\/03\/cocco_caramello_cubeta-768x480.jpg 768w\" sizes=\"(max-width: 800px) 100vw, 800px\" \/>\t\t\t\t\t\t\t\t\t\t\t\t\t\t\t<\/div>\n\t\t\t\t<\/div>\n\t\t\t\t\t<\/div>\n\t\t\t\t<\/div>\n\t\t<div class=\"elementor-element elementor-element-d9ad006 e-flex e-con-boxed elementor-invisible e-con e-parent\" data-id=\"d9ad006\" data-element_type=\"container\" data-settings=\"{&quot;animation&quot;:&quot;fadeInUp&quot;}\">\n\t\t\t\t\t<div class=\"e-con-inner\">\n\t\t\t\t<div class=\"elementor-element elementor-element-b1b2a42 elementor-widget-mobile__width-initial elementor-widget elementor-widget-heading\" data-id=\"b1b2a42\" data-element_type=\"widget\" data-widget_type=\"heading.default\">\n\t\t\t\t<div class=\"elementor-widget-container\">\n\t\t\t\t\t<h2 class=\"elementor-heading-title elementor-size-default\">COCCO CARAMELLO<\/h2>\t\t\t\t<\/div>\n\t\t\t\t<\/div>\n\t\t\t\t<div class=\"elementor-element elementor-element-0ef105a elementor-widget-divider--view-line elementor-widget elementor-widget-divider\" data-id=\"0ef105a\" data-element_type=\"widget\" data-widget_type=\"divider.default\">\n\t\t\t\t<div class=\"elementor-widget-container\">\n\t\t\t\t\t\t\t<div class=\"elementor-divider\">\n\t\t\t<span class=\"elementor-divider-separator\">\n\t\t\t\t\t\t<\/span>\n\t\t<\/div>\n\t\t\t\t\t\t<\/div>\n\t\t\t\t<\/div>\n\t\t\t\t<div class=\"elementor-element elementor-element-b948ba7 elementor-widget__width-initial elementor-widget-tablet__width-initial elementor-widget-mobile__width-initial elementor-widget elementor-widget-text-editor\" data-id=\"b948ba7\" data-element_type=\"widget\" data-widget_type=\"text-editor.default\">\n\t\t\t\t<div class=\"elementor-widget-container\">\n\t\t\t\t\t\t\t\t\t<p>Aquest abril, us convidem a descobrir una combinaci\u00f3 de sabors que ho t\u00e9 tot: dol\u00e7or, intensitat i una textura irresistible. <strong>Cocco Caramello<\/strong>, el nostre <strong>Gust del Mese<\/strong>, fusiona la suavitat del caramel amb mantega salada amb el toc ex\u00f2tic del coco ratllat i la profunditat de les escates de xocolata negra. Cada cullerada \u00e9s un equilibri perfecte entre all\u00f2 crem\u00f3s i all\u00f2 cruixent, entre all\u00f2 dol\u00e7 i all\u00f2 salat.<\/p>\n<p>Per portar aquesta experi\u00e8ncia al seg\u00fcent nivell, banyem el gelat amb el nostre inconfusible <strong>Variegat de Caramel amb Mantega Salada<\/strong>, intensificant el seu car\u00e0cter i embolicant cada mos en una capa de pura indulg\u00e8ncia. La combinaci\u00f3 d&#8217;ingredients seleccionats amb mestratge d\u00f3na com a resultat un gelat que no nom\u00e9s sorpr\u00e8n, sin\u00f3 que sedueix amb l&#8217;harmonia de sabors i la textura inigualable.<\/p>\n<p>Deixa&#8217;t conquerir pel plaer de l&#8217;inesperat. <strong>Cocco Caramello<\/strong> estar\u00e0 disponible durant tot el mes d&#8217;abril a les nostres botigues, ocupant un lloc especial a les nostres vitrines. No deixeu passar l&#8217;oportunitat de provar aquesta edici\u00f3 limitada i submergir-vos en una experi\u00e8ncia de sabor \u00fanica.<\/p>\t\t\t\t\t\t\t\t<\/div>\n\t\t\t\t<\/div>\n\t\t\t\t<div class=\"elementor-element elementor-element-d4869fa elementor-widget__width-initial elementor-widget-mobile__width-initial elementor-widget elementor-widget-text-editor\" data-id=\"d4869fa\" data-element_type=\"widget\" data-widget_type=\"text-editor.default\">\n\t\t\t\t<div class=\"elementor-widget-container\">\n\t\t\t\t\t\t\t\t\t<p style=\"text-align: center;\"><span style=\"color: #993300;\"><strong><em style=\"text-align: center;\">On trobar el COCCO CARAMELLO:<\/span><\/p>\n\t\t\t\t\t\t\t\t<\/div>\n\t\t\t\t<\/div>\n\t\t<div class=\"elementor-element elementor-element-e1ed18f e-flex e-con-boxed e-con e-child\" data-id=\"e1ed18f\" data-element_type=\"container\">\n\t\t\t\t\t<div class=\"e-con-inner\">\n\t\t\t\t<div class=\"elementor-element elementor-element-3bebff3 elementor-widget__width-initial elementor-widget elementor-widget-heading\" data-id=\"3bebff3\" data-element_type=\"widget\" data-widget_type=\"heading.default\">\n\t\t\t\t<div class=\"elementor-widget-container\">\n\t\t\t\t\t<h2 class=\"elementor-heading-title elementor-size-default\">BARCELONA:<\/h2>\t\t\t\t<\/div>\n\t\t\t\t<\/div>\n\t\t\t\t<div class=\"elementor-element elementor-element-64433f7 elementor-widget__width-initial elementor-widget-mobile__width-auto elementor-widget elementor-widget-text-editor\" data-id=\"64433f7\" data-element_type=\"widget\" data-widget_type=\"text-editor.default\">\n\t\t\t\t<div class=\"elementor-widget-container\">\n\t\t\t\t\t\t\t\t\t<p><span style=\"font-weight: bolder; text-align: center;\"><span style=\"color: #ff0000;\">\u2022<\/span><\/span><i style=\"text-align: center;\">\u00a0C.C. ILLA DIAGONAL (Av. Diagonal).<\/i><\/p><p><i style=\"color: var( --e-global-color-text ); font-family: var( --e-global-typography-text-font-family ), Sans-serif; font-size: var( --e-global-typography-text-font-size ); font-weight: var( --e-global-typography-text-font-weight ); text-align: center;\"><span style=\"font-weight: bolder;\"><span style=\"color: #ff0000;\">\u2022<\/span><\/span><i>\u00a0<\/i>C.C. ARENAS (Gran Via de les Corts Catalanes).<\/i><\/p><p><i style=\"color: var( --e-global-color-text ); font-family: var( --e-global-typography-text-font-family ), Sans-serif; font-size: var( --e-global-typography-text-font-size ); font-weight: var( --e-global-typography-text-font-weight ); text-align: center;\"><span style=\"font-weight: bolder;\"><span style=\"color: #ff0000;\">\u2022<\/span><\/span><i>\u00a0<\/i>SARRI\u00c0 (Pla\u00e7a de Sarri\u00e0).<\/i><\/p><p><i style=\"color: var( --e-global-color-text ); font-family: var( --e-global-typography-text-font-family ), Sans-serif; font-size: var( --e-global-typography-text-font-size ); font-weight: var( --e-global-typography-text-font-weight ); text-align: center;\"><span style=\"font-weight: bolder;\"><span style=\"color: #ff0000;\">\u2022<\/span><\/span><i>\u00a0<\/i>POBLE SEC\u00a0 (C\/ Blai) .\u00a0<\/i><\/p><p><i style=\"color: var( --e-global-color-text ); font-family: var( --e-global-typography-text-font-family ), Sans-serif; font-size: var( --e-global-typography-text-font-size ); font-weight: var( --e-global-typography-text-font-weight ); text-align: center;\"><span style=\"font-weight: bolder;\"><span style=\"color: #ff0000;\">\u2022<\/span><\/span><i>\u00a0<\/i>GR\u00c0CIA\u00a0 (Pl. Revoluci\u00f3)<\/i><\/p><p><i style=\"color: var( --e-global-color-text ); font-family: var( --e-global-typography-text-font-family ), Sans-serif; font-size: var( --e-global-typography-text-font-size ); font-weight: var( --e-global-typography-text-font-weight ); text-align: center;\"><span style=\"font-weight: bolder;\"><span style=\"color: #ff0000;\">\u2022<\/span><\/span><i>\u00a0<\/i>C.C. MAREMAGNUM\u00a0 (Moll d&#8217;Espanya)<\/i><\/p>\t\t\t\t\t\t\t\t<\/div>\n\t\t\t\t<\/div>\n\t\t\t\t\t<\/div>\n\t\t\t\t<\/div>\n\t\t<div class=\"elementor-element elementor-element-56e1077 e-flex e-con-boxed e-con e-child\" data-id=\"56e1077\" data-element_type=\"container\">\n\t\t\t\t\t<div class=\"e-con-inner\">\n\t\t\t\t<div class=\"elementor-element elementor-element-55bf4f7 elementor-widget__width-initial elementor-widget elementor-widget-heading\" data-id=\"55bf4f7\" data-element_type=\"widget\" data-widget_type=\"heading.default\">\n\t\t\t\t<div class=\"elementor-widget-container\">\n\t\t\t\t\t<h2 class=\"elementor-heading-title elementor-size-default\">CALAFELL:<\/h2>\t\t\t\t<\/div>\n\t\t\t\t<\/div>\n\t\t\t\t<div class=\"elementor-element elementor-element-72f53ae elementor-widget__width-initial elementor-widget-mobile__width-auto elementor-widget elementor-widget-text-editor\" data-id=\"72f53ae\" data-element_type=\"widget\" data-widget_type=\"text-editor.default\">\n\t\t\t\t<div class=\"elementor-widget-container\">\n\t\t\t\t\t\t\t\t\t<p><span style=\"font-weight: bolder; text-align: center;\"><span style=\"color: rgb(255, 0, 0);\">\u2022<\/span><\/span><i style=\"text-align: center;\">&nbsp;<\/i><i style=\"text-align: center;\">PASEO MAR\u00cdTIMO (Av. Sant Joan de D\u00e9u, 25)<\/i><\/p>\t\t\t\t\t\t\t\t<\/div>\n\t\t\t\t<\/div>\n\t\t\t\t\t<\/div>\n\t\t\t\t<\/div>\n\t\t<div class=\"elementor-element elementor-element-d51683b e-flex e-con-boxed e-con e-child\" data-id=\"d51683b\" data-element_type=\"container\">\n\t\t\t\t\t<div class=\"e-con-inner\">\n\t\t\t\t<div class=\"elementor-element elementor-element-5088ef6 elementor-widget__width-initial elementor-widget elementor-widget-heading\" data-id=\"5088ef6\" data-element_type=\"widget\" data-widget_type=\"heading.default\">\n\t\t\t\t<div class=\"elementor-widget-container\">\n\t\t\t\t\t<h2 class=\"elementor-heading-title elementor-size-default\">MADRID:<\/h2>\t\t\t\t<\/div>\n\t\t\t\t<\/div>\n\t\t\t\t<div class=\"elementor-element elementor-element-2f2d3d5 elementor-widget__width-initial elementor-widget-mobile__width-auto elementor-widget elementor-widget-text-editor\" data-id=\"2f2d3d5\" data-element_type=\"widget\" data-widget_type=\"text-editor.default\">\n\t\t\t\t<div class=\"elementor-widget-container\">\n\t\t\t\t\t\t\t\t\t<p><span style=\"font-weight: bolder; text-align: center;\"><span style=\"color: #ff0000;\">\u2022<\/span><\/span><i style=\"text-align: center;\"> GOYA (Avenida Felipe II, 15)<\/i><\/p><p><i style=\"text-align: center;\"><span style=\"font-weight: bolder; text-align: center;\"><span style=\"color: #ff0000;\">\u2022<\/span><\/span> CUATRO CAMINOS (C. Santa Engracia)<\/i><\/p><p><i><i style=\"text-align: center;\"><span style=\"font-weight: bolder; text-align: center;\"><span style=\"color: #ff0000;\">\u2022<\/span><\/span> <\/i>MONCLOA (C. Princesa, 79)<\/i><\/p><p><i style=\"color: var( --e-global-color-text ); font-family: var( --e-global-typography-text-font-family ), Sans-serif; font-size: var( --e-global-typography-text-font-size ); font-weight: var( --e-global-typography-text-font-weight ); text-align: center;\"><span style=\"font-weight: bolder;\"><span style=\"color: #ff0000;\">\u2022<\/span><\/span> C.C. LA VAGUADA<i> (<\/i><\/i><i style=\"color: var( --e-global-color-text ); font-family: var( --e-global-typography-text-font-family ), Sans-serif; font-size: var( --e-global-typography-text-font-size ); font-weight: var( --e-global-typography-text-font-weight ); text-align: center;\">Av. de Monforte de Lemos)<\/i><\/p>\t\t\t\t\t\t\t\t<\/div>\n\t\t\t\t<\/div>\n\t\t<div class=\"elementor-element elementor-element-8db409e e-flex e-con-boxed e-con e-child\" data-id=\"8db409e\" data-element_type=\"container\">\n\t\t\t\t\t<div class=\"e-con-inner\">\n\t\t\t\t<div class=\"elementor-element elementor-element-abb3e41 elementor-widget__width-initial elementor-widget elementor-widget-heading\" data-id=\"abb3e41\" data-element_type=\"widget\" data-widget_type=\"heading.default\">\n\t\t\t\t<div class=\"elementor-widget-container\">\n\t\t\t\t\t<h2 class=\"elementor-heading-title elementor-size-default\">LEGAN\u00c9S:<\/h2>\t\t\t\t<\/div>\n\t\t\t\t<\/div>\n\t\t\t\t<div class=\"elementor-element elementor-element-007e104 elementor-widget__width-initial elementor-widget-mobile__width-auto elementor-widget elementor-widget-text-editor\" data-id=\"007e104\" data-element_type=\"widget\" data-widget_type=\"text-editor.default\">\n\t\t\t\t<div class=\"elementor-widget-container\">\n\t\t\t\t\t\t\t\t\t<p><i style=\"color: var( --e-global-color-text ); font-family: var( --e-global-typography-text-font-family ), Sans-serif; font-size: var( --e-global-typography-text-font-size ); font-weight: var( --e-global-typography-text-font-weight ); text-align: center;\"><span style=\"font-weight: bolder;\"><span style=\"color: #ff0000;\">\u2022<\/span><\/span> C.C. PARQUESUR (<\/i><i style=\"color: var( --e-global-color-text ); font-family: var( --e-global-typography-text-font-family ), Sans-serif; font-size: var( --e-global-typography-text-font-size ); font-weight: var( --e-global-typography-text-font-weight ); text-align: center;\">Avda. Pablo Iglesias)<\/i><\/p>\t\t\t\t\t\t\t\t<\/div>\n\t\t\t\t<\/div>\n\t\t<div class=\"elementor-element elementor-element-ba82732 e-flex e-con-boxed e-con e-child\" data-id=\"ba82732\" data-element_type=\"container\">\n\t\t\t\t\t<div class=\"e-con-inner\">\n\t\t\t\t<div class=\"elementor-element elementor-element-92aac4c elementor-widget__width-initial elementor-widget elementor-widget-heading\" data-id=\"92aac4c\" data-element_type=\"widget\" data-widget_type=\"heading.default\">\n\t\t\t\t<div class=\"elementor-widget-container\">\n\t\t\t\t\t<h2 class=\"elementor-heading-title elementor-size-default\">TORREJ\u00d3N DE ARDOZ::<\/h2>\t\t\t\t<\/div>\n\t\t\t\t<\/div>\n\t\t\t\t<div class=\"elementor-element elementor-element-787b28a elementor-widget__width-initial elementor-widget-mobile__width-auto elementor-widget elementor-widget-text-editor\" data-id=\"787b28a\" data-element_type=\"widget\" data-widget_type=\"text-editor.default\">\n\t\t\t\t<div class=\"elementor-widget-container\">\n\t\t\t\t\t\t\t\t\t<p><i style=\"color: var( --e-global-color-text ); font-family: var( --e-global-typography-text-font-family ), Sans-serif; font-size: var( --e-global-typography-text-font-size ); font-weight: var( --e-global-typography-text-font-weight ); text-align: center;\"><span style=\"font-weight: bolder;\"><span style=\"color: #ff0000;\">\u2022<\/span><\/span> C.C. PARQUE CORREDOR (<\/i><i style=\"text-align: center;\"> Av. Gran Breta\u00f1a)<span style=\"color: rgba(0, 0, 0, 0); font-family: var( --e-global-typography-text-font-family ), Sans-serif;\"><span style=\"font-weight: var( --e-global-typography-text-font-weight );\">)<\/span><\/span><\/i><\/p>\t\t\t\t\t\t\t\t<\/div>\n\t\t\t\t<\/div>\n\t\t\t\t\t<\/div>\n\t\t\t\t<\/div>\n\t\t\t\t\t<\/div>\n\t\t\t\t<\/div>\n\t\t\t\t\t<\/div>\n\t\t\t\t<\/div>\n\t\t<div class=\"elementor-element elementor-element-d1aa62f e-flex e-con-boxed e-con e-child\" data-id=\"d1aa62f\" data-element_type=\"container\">\n\t\t\t\t\t<div class=\"e-con-inner\">\n\t\t\t\t<div class=\"elementor-element elementor-element-e953627 elementor-widget__width-initial elementor-widget elementor-widget-heading\" data-id=\"e953627\" data-element_type=\"widget\" data-widget_type=\"heading.default\">\n\t\t\t\t<div class=\"elementor-widget-container\">\n\t\t\t\t\t<h2 class=\"elementor-heading-title elementor-size-default\">ZARAGOZA:<\/h2>\t\t\t\t<\/div>\n\t\t\t\t<\/div>\n\t\t\t\t<div class=\"elementor-element elementor-element-b0e47b1 elementor-widget__width-initial elementor-widget-mobile__width-auto elementor-widget elementor-widget-text-editor\" data-id=\"b0e47b1\" data-element_type=\"widget\" data-widget_type=\"text-editor.default\">\n\t\t\t\t<div class=\"elementor-widget-container\">\n\t\t\t\t\t\t\t\t\t<p><span style=\"font-weight: bolder; text-align: center;\"><span style=\"color: #ff0000;\">\u2022<\/span><\/span><i style=\"text-align: center;\"> ZARAGOZA CENTRO (Plaza del Pilar, 10)<\/i><\/p>\t\t\t\t\t\t\t\t<\/div>\n\t\t\t\t<\/div>\n\t\t\t\t\t<\/div>\n\t\t\t\t<\/div>\n\t\t<div class=\"elementor-element elementor-element-1338009 e-flex e-con-boxed e-con e-child\" data-id=\"1338009\" data-element_type=\"container\">\n\t\t\t\t\t<div class=\"e-con-inner\">\n\t\t\t\t<div class=\"elementor-element elementor-element-0ad4235 elementor-widget__width-initial elementor-widget elementor-widget-heading\" data-id=\"0ad4235\" data-element_type=\"widget\" data-widget_type=\"heading.default\">\n\t\t\t\t<div class=\"elementor-widget-container\">\n\t\t\t\t\t<h2 class=\"elementor-heading-title elementor-size-default\">FRANCIA:<\/h2>\t\t\t\t<\/div>\n\t\t\t\t<\/div>\n\t\t\t\t<div class=\"elementor-element elementor-element-dfb55b8 elementor-widget__width-initial elementor-widget-mobile__width-auto elementor-widget elementor-widget-text-editor\" data-id=\"dfb55b8\" data-element_type=\"widget\" data-widget_type=\"text-editor.default\">\n\t\t\t\t<div class=\"elementor-widget-container\">\n\t\t\t\t\t\t\t\t\t<p><span style=\"font-weight: bolder; text-align: center;\"><span style=\"color: #ff0000;\">\u2022<\/span><\/span><i style=\"text-align: center;\"> PERPIGNAN: (33 Quai S\u00e9bastien Vauban)<br><\/i><\/p>\t\t\t\t\t\t\t\t<\/div>\n\t\t\t\t<\/div>\n\t\t<div class=\"elementor-element elementor-element-fe6286d e-flex e-con-boxed e-con e-child\" data-id=\"fe6286d\" data-element_type=\"container\">\n\t\t\t\t\t<div class=\"e-con-inner\">\n\t\t\t\t<div class=\"elementor-element elementor-element-3cb9a15 elementor-widget__width-initial elementor-widget elementor-widget-heading\" data-id=\"3cb9a15\" data-element_type=\"widget\" data-widget_type=\"heading.default\">\n\t\t\t\t<div class=\"elementor-widget-container\">\n\t\t\t\t\t<h2 class=\"elementor-heading-title elementor-size-default\">QATAR:<\/h2>\t\t\t\t<\/div>\n\t\t\t\t<\/div>\n\t\t\t\t<div class=\"elementor-element elementor-element-21c65fc elementor-widget__width-initial elementor-widget-mobile__width-auto elementor-widget elementor-widget-text-editor\" data-id=\"21c65fc\" data-element_type=\"widget\" data-widget_type=\"text-editor.default\">\n\t\t\t\t<div class=\"elementor-widget-container\">\n\t\t\t\t\t\t\t\t\t<p><span style=\"font-weight: bolder; text-align: center;\"><span style=\"color: #ff0000;\">\u2022<\/span><\/span><i style=\"text-align: center;\">\u00a0DOHA FESTIVAL CITY: Umm Salal Muhammed, DOHA.<\/i><\/p><p><i style=\"text-align: center;\"><span style=\"font-weight: bolder;\"><span style=\"color: #ff0000;\">\u2022<\/span><\/span>\u00a0OLD DOHA PORT: Mina District, Old Doha Port, <\/i><i style=\"color: var( --e-global-color-text ); font-family: var( --e-global-typography-text-font-family ), Sans-serif; font-size: var( --e-global-typography-text-font-size ); font-weight: var( --e-global-typography-text-font-weight ); text-align: center;\">DOHA.<\/i><\/p>\t\t\t\t\t\t\t\t<\/div>\n\t\t\t\t<\/div>\n\t\t\t\t\t<\/div>\n\t\t\t\t<\/div>\n\t\t\t\t\t<\/div>\n\t\t\t\t<\/div>\n\t\t\t\t<div class=\"elementor-element elementor-element-70ff3bc elementor-widget-divider--view-line elementor-widget elementor-widget-divider\" data-id=\"70ff3bc\" data-element_type=\"widget\" data-widget_type=\"divider.default\">\n\t\t\t\t<div class=\"elementor-widget-container\">\n\t\t\t\t\t\t\t<div class=\"elementor-divider\">\n\t\t\t<span class=\"elementor-divider-separator\">\n\t\t\t\t\t\t<\/span>\n\t\t<\/div>\n\t\t\t\t\t\t<\/div>\n\t\t\t\t<\/div>\n\t\t\t\t<div class=\"elementor-element elementor-element-b8e192d elementor-widget__width-initial elementor-widget-mobile__width-initial elementor-widget elementor-widget-image\" data-id=\"b8e192d\" data-element_type=\"widget\" data-widget_type=\"image.default\">\n\t\t\t\t<div class=\"elementor-widget-container\">\n\t\t\t\t\t\t\t\t\t\t\t\t\t\t\t<img decoding=\"async\" width=\"700\" height=\"870\" src=\"https:\/\/gelatidino.com\/wp-content\/uploads\/2025\/03\/cocco_caramello_tarrina.jpg\" class=\"attachment-large size-large wp-image-6134\" alt=\"\" srcset=\"https:\/\/gelatidino.com\/wp-content\/uploads\/2025\/03\/cocco_caramello_tarrina.jpg 700w, https:\/\/gelatidino.com\/wp-content\/uploads\/2025\/03\/cocco_caramello_tarrina-241x300.jpg 241w\" sizes=\"(max-width: 700px) 100vw, 700px\" \/>\t\t\t\t\t\t\t\t\t\t\t\t\t\t\t<\/div>\n\t\t\t\t<\/div>\n\t\t\t\t\t<\/div>\n\t\t\t\t<\/div>\n\t\t\t\t<\/div>\n\t\t","protected":false},"excerpt":{"rendered":"<p>COCCO CARAMELLO Aquest abril, us convidem a descobrir una combinaci\u00f3 de sabors que ho t\u00e9 tot: dol\u00e7or, intensitat i una textura irresistible. Cocco Caramello, el nostre Gust del Mese, fusiona la suavitat del caramel amb mantega salada amb el toc ex\u00f2tic del coco ratllat i la profunditat de les escates de xocolata negra. Cada cullerada [&hellip;]<\/p>\n","protected":false},"author":3,"featured_media":0,"parent":0,"menu_order":0,"comment_status":"closed","ping_status":"closed","template":"","meta":{"footnotes":""},"class_list":["post-6470","page","type-page","status-publish","hentry"],"_links":{"self":[{"href":"https:\/\/gelatidino.com\/ca\/wp-json\/wp\/v2\/pages\/6470","targetHints":{"allow":["GET"]}}],"collection":[{"href":"https:\/\/gelatidino.com\/ca\/wp-json\/wp\/v2\/pages"}],"about":[{"href":"https:\/\/gelatidino.com\/ca\/wp-json\/wp\/v2\/types\/page"}],"author":[{"embeddable":true,"href":"https:\/\/gelatidino.com\/ca\/wp-json\/wp\/v2\/users\/3"}],"replies":[{"embeddable":true,"href":"https:\/\/gelatidino.com\/ca\/wp-json\/wp\/v2\/comments?post=6470"}],"version-history":[{"count":3,"href":"https:\/\/gelatidino.com\/ca\/wp-json\/wp\/v2\/pages\/6470\/revisions"}],"predecessor-version":[{"id":6476,"href":"https:\/\/gelatidino.com\/ca\/wp-json\/wp\/v2\/pages\/6470\/revisions\/6476"}],"wp:attachment":[{"href":"https:\/\/gelatidino.com\/ca\/wp-json\/wp\/v2\/media?parent=6470"}],"curies":[{"name":"wp","href":"https:\/\/api.w.org\/{rel}","templated":true}]}}