{"id":6455,"date":"2024-05-17T14:08:09","date_gmt":"2024-05-17T12:08:09","guid":{"rendered":"https:\/\/gelatidino.com\/cinema-paradiso\/"},"modified":"2025-08-20T16:12:34","modified_gmt":"2025-08-20T14:12:34","slug":"cinema-paradiso","status":"publish","type":"page","link":"https:\/\/gelatidino.com\/ca\/cinema-paradiso\/","title":{"rendered":"Cinema Paradiso"},"content":{"rendered":"\t\t<div data-elementor-type=\"wp-page\" data-elementor-id=\"6455\" class=\"elementor elementor-6455 elementor-2981\" data-elementor-post-type=\"page\">\n\t\t\t\t<div class=\"elementor-element elementor-element-b91f950 e-flex e-con-boxed elementor-invisible e-con e-parent\" data-id=\"b91f950\" data-element_type=\"container\" data-settings=\"{&quot;background_background&quot;:&quot;classic&quot;,&quot;shape_divider_bottom&quot;:&quot;curve-asymmetrical&quot;,&quot;shape_divider_bottom_negative&quot;:&quot;yes&quot;,&quot;animation&quot;:&quot;fadeInUp&quot;}\">\n\t\t\t\t\t<div class=\"e-con-inner\">\n\t\t\t\t<div class=\"elementor-shape elementor-shape-bottom\" aria-hidden=\"true\" data-negative=\"true\">\n\t\t\t<svg xmlns=\"http:\/\/www.w3.org\/2000\/svg\" viewBox=\"0 0 1000 100\" preserveAspectRatio=\"none\">\n\t<path class=\"elementor-shape-fill\" d=\"M615.2,96.7C240.2,97.8,0,18.9,0,0v100h1000V0C1000,19.2,989.8,96,615.2,96.7z\"\/>\n<\/svg>\t\t<\/div>\n\t\t\t\t\t<\/div>\n\t\t\t\t<\/div>\n\t\t<div class=\"elementor-element elementor-element-ffc6b88 e-flex e-con-boxed elementor-invisible e-con e-parent\" data-id=\"ffc6b88\" data-element_type=\"container\" data-settings=\"{&quot;animation&quot;:&quot;fadeInUp&quot;}\">\n\t\t\t\t\t<div class=\"e-con-inner\">\n\t\t\t\t<div class=\"elementor-element elementor-element-6e00085 elementor-widget-mobile__width-initial elementor-widget elementor-widget-image\" data-id=\"6e00085\" data-element_type=\"widget\" data-widget_type=\"image.default\">\n\t\t\t\t<div class=\"elementor-widget-container\">\n\t\t\t\t\t\t\t\t\t\t\t\t\t\t\t<img fetchpriority=\"high\" decoding=\"async\" width=\"800\" height=\"388\" src=\"https:\/\/gelatidino.com\/wp-content\/uploads\/2024\/05\/portada_CINEMA_PARADISO-1024x497.png\" class=\"attachment-large size-large wp-image-5729\" alt=\"portada_CINEMA_PARADISO\" srcset=\"https:\/\/gelatidino.com\/wp-content\/uploads\/2024\/05\/portada_CINEMA_PARADISO-1024x497.png 1024w, https:\/\/gelatidino.com\/wp-content\/uploads\/2024\/05\/portada_CINEMA_PARADISO-300x146.png 300w, https:\/\/gelatidino.com\/wp-content\/uploads\/2024\/05\/portada_CINEMA_PARADISO-768x373.png 768w, https:\/\/gelatidino.com\/wp-content\/uploads\/2024\/05\/portada_CINEMA_PARADISO.png 1400w\" sizes=\"(max-width: 800px) 100vw, 800px\" \/>\t\t\t\t\t\t\t\t\t\t\t\t\t\t\t<\/div>\n\t\t\t\t<\/div>\n\t\t\t\t\t<\/div>\n\t\t\t\t<\/div>\n\t\t<div class=\"elementor-element elementor-element-d9ad006 e-flex e-con-boxed elementor-invisible e-con e-parent\" data-id=\"d9ad006\" data-element_type=\"container\" data-settings=\"{&quot;animation&quot;:&quot;fadeInUp&quot;}\">\n\t\t\t\t\t<div class=\"e-con-inner\">\n\t\t\t\t<div class=\"elementor-element elementor-element-b1b2a42 elementor-widget-mobile__width-initial elementor-widget elementor-widget-heading\" data-id=\"b1b2a42\" data-element_type=\"widget\" data-widget_type=\"heading.default\">\n\t\t\t\t<div class=\"elementor-widget-container\">\n\t\t\t\t\t<h2 class=\"elementor-heading-title elementor-size-default\">CINEMA PARADISO<\/h2>\t\t\t\t<\/div>\n\t\t\t\t<\/div>\n\t\t\t\t<div class=\"elementor-element elementor-element-76bf4a3 elementor-widget-divider--view-line elementor-widget elementor-widget-global elementor-global-492 elementor-widget-divider\" data-id=\"76bf4a3\" data-element_type=\"widget\" data-widget_type=\"divider.default\">\n\t\t\t\t<div class=\"elementor-widget-container\">\n\t\t\t\t\t\t\t<div class=\"elementor-divider\">\n\t\t\t<span class=\"elementor-divider-separator\">\n\t\t\t\t\t\t<\/span>\n\t\t<\/div>\n\t\t\t\t\t\t<\/div>\n\t\t\t\t<\/div>\n\t\t\t\t<div class=\"elementor-element elementor-element-f245026 elementor-widget-mobile__width-initial elementor-widget elementor-widget-heading\" data-id=\"f245026\" data-element_type=\"widget\" data-widget_type=\"heading.default\">\n\t\t\t\t<div class=\"elementor-widget-container\">\n\t\t\t\t\t<h2 class=\"elementor-heading-title elementor-size-default\">gusto del mese di giugno<br><\/h2>\t\t\t\t<\/div>\n\t\t\t\t<\/div>\n\t\t\t\t<div class=\"elementor-element elementor-element-b948ba7 elementor-widget__width-initial elementor-widget-tablet__width-initial elementor-widget-mobile__width-initial elementor-widget elementor-widget-text-editor\" data-id=\"b948ba7\" data-element_type=\"widget\" data-widget_type=\"text-editor.default\">\n\t\t\t\t<div class=\"elementor-widget-container\">\n\t\t\t\t\t\t\t\t\tAquest exquisit gelat combina la suavitat de l&#8217;a<strong>vellana i l&#8217;ametlla<\/strong> q<strong>que es fusiona amb el<\/strong> <strong>refrescant toc c\u00edtric<\/strong> de la mandarina i la llimona, despertant tots els teus sentits. A aquesta combinaci\u00f3 perfecta se suma la nostra <strong>crema de pistatxo artesanal<\/strong>, i per coronar aquesta experi\u00e8ncia sensorial, ens trobarem amb una capa de cruixent xocolata negra i granet de pistatxo caramel\u00b7litzat, que et deixar\u00e0 desitjant m\u00e9s.\t\t\t\t\t\t\t\t<\/div>\n\t\t\t\t<\/div>\n\t\t\t\t<div class=\"elementor-element elementor-element-dedd9b2 elementor-widget__width-initial elementor-widget-mobile__width-initial elementor-widget elementor-widget-image\" data-id=\"dedd9b2\" data-element_type=\"widget\" data-widget_type=\"image.default\">\n\t\t\t\t<div class=\"elementor-widget-container\">\n\t\t\t\t\t\t\t\t\t\t\t\t\t\t\t<img decoding=\"async\" width=\"800\" height=\"500\" src=\"https:\/\/gelatidino.com\/wp-content\/uploads\/2024\/05\/CinemaParadiso-tarrina-2-w-1024x640-1.jpg\" class=\"attachment-large size-large wp-image-5732\" alt=\"Cnema Paradiso tarrina\" srcset=\"https:\/\/gelatidino.com\/wp-content\/uploads\/2024\/05\/CinemaParadiso-tarrina-2-w-1024x640-1.jpg 1024w, https:\/\/gelatidino.com\/wp-content\/uploads\/2024\/05\/CinemaParadiso-tarrina-2-w-1024x640-1-300x188.jpg 300w, https:\/\/gelatidino.com\/wp-content\/uploads\/2024\/05\/CinemaParadiso-tarrina-2-w-1024x640-1-768x480.jpg 768w\" sizes=\"(max-width: 800px) 100vw, 800px\" \/>\t\t\t\t\t\t\t\t\t\t\t\t\t\t\t<\/div>\n\t\t\t\t<\/div>\n\t\t\t\t<div class=\"elementor-element elementor-element-434dbc4 elementor-widget__width-initial elementor-widget-mobile__width-initial elementor-widget elementor-widget-text-editor\" data-id=\"434dbc4\" data-element_type=\"widget\" data-widget_type=\"text-editor.default\">\n\t\t\t\t<div class=\"elementor-widget-container\">\n\t\t\t\t\t\t\t\t\t<p>Gaudeix de l&#8217;harmonia de sabors i textures a cada mos de\u00a0<strong><span class=\"il\">Cinema<\/span>\u00a0<span class=\"il\">Parad\u00eds<\/span><\/strong>,\nun gelat que captura l&#8217;ess\u00e8ncia de l&#8217;art itali\u00e0 a cada detall.<\/p>\t\t\t\t\t\t\t\t<\/div>\n\t\t\t\t<\/div>\n\t\t<div class=\"elementor-element elementor-element-e1ed18f e-flex e-con-boxed e-con e-child\" data-id=\"e1ed18f\" data-element_type=\"container\">\n\t\t\t\t\t<div class=\"e-con-inner\">\n\t\t\t\t<div class=\"elementor-element elementor-element-3bebff3 elementor-widget__width-initial elementor-widget elementor-widget-heading\" data-id=\"3bebff3\" data-element_type=\"widget\" data-widget_type=\"heading.default\">\n\t\t\t\t<div class=\"elementor-widget-container\">\n\t\t\t\t\t<h2 class=\"elementor-heading-title elementor-size-default\">BARCELONA:<\/h2>\t\t\t\t<\/div>\n\t\t\t\t<\/div>\n\t\t\t\t<div class=\"elementor-element elementor-element-64433f7 elementor-widget__width-initial elementor-widget-mobile__width-auto elementor-widget elementor-widget-text-editor\" data-id=\"64433f7\" data-element_type=\"widget\" data-widget_type=\"text-editor.default\">\n\t\t\t\t<div class=\"elementor-widget-container\">\n\t\t\t\t\t\t\t\t\t<p><span style=\"font-weight: bolder; text-align: center;\"><span style=\"color: rgb(255, 0, 0);\">\u2022<\/span><\/span><i style=\"text-align: center;\">&nbsp;C.C. ILLA DIAGONAL (Av. Diagonal).<\/i><\/p>\n<p><i style=\"color: var( --e-global-color-text ); font-family: var( --e-global-typography-text-font-family ), Sans-serif; font-size: var( --e-global-typography-text-font-size ); font-weight: var( --e-global-typography-text-font-weight ); text-align: center;\"><span style=\"font-weight: bolder;\"><span style=\"color: rgb(255, 0, 0);\">\u2022<\/span><\/span><i>&nbsp;<\/i>C.C. ARENAS (Gran Via de les Corts Catalanes).<\/i><\/p>\n<p><i style=\"color: var( --e-global-color-text ); font-family: var( --e-global-typography-text-font-family ), Sans-serif; font-size: var( --e-global-typography-text-font-size ); font-weight: var( --e-global-typography-text-font-weight ); text-align: center;\"><span style=\"font-weight: bolder;\"><span style=\"color: rgb(255, 0, 0);\">\u2022<\/span><\/span><i>&nbsp;<\/i>SARRI\u00c0 (Pla\u00e7a de Sarri\u00e0).<\/i><\/p>\n<p><i style=\"color: var( --e-global-color-text ); font-family: var( --e-global-typography-text-font-family ), Sans-serif; font-size: var( --e-global-typography-text-font-size ); font-weight: var( --e-global-typography-text-font-weight ); text-align: center;\"><span style=\"font-weight: bolder;\"><span style=\"color: rgb(255, 0, 0);\">\u2022<\/span><\/span><i>&nbsp;<\/i>POBLE SEC&nbsp; (C\/ Blai) .&nbsp;<\/i><\/p>\n<p><i style=\"color: var( --e-global-color-text ); font-family: var( --e-global-typography-text-font-family ), Sans-serif; font-size: var( --e-global-typography-text-font-size ); font-weight: var( --e-global-typography-text-font-weight ); text-align: center;\"><span style=\"font-weight: bolder;\"><span style=\"color: rgb(255, 0, 0);\">\u2022<\/span><\/span><i>&nbsp;<\/i>GR\u00c0CIA&nbsp; (Pl. Revoluci\u00f3)<\/i><br><\/p>\t\t\t\t\t\t\t\t<\/div>\n\t\t\t\t<\/div>\n\t\t<div class=\"elementor-element elementor-element-aed157e e-flex e-con-boxed e-con e-child\" data-id=\"aed157e\" data-element_type=\"container\">\n\t\t\t\t\t<div class=\"e-con-inner\">\n\t\t\t\t<div class=\"elementor-element elementor-element-3ee6d5e elementor-widget__width-initial elementor-widget elementor-widget-heading\" data-id=\"3ee6d5e\" data-element_type=\"widget\" data-widget_type=\"heading.default\">\n\t\t\t\t<div class=\"elementor-widget-container\">\n\t\t\t\t\t<h2 class=\"elementor-heading-title elementor-size-default\"><span style=\"color: var( --e-global-color-primary );font-family: var( --e-global-typography-primary-font-family ), Sans-serif;font-size: var( --e-global-typography-primary-font-size );font-weight: var( --e-global-typography-primary-font-weight )\">CALAFELL (Costa Dorada)<\/span>:<\/h2>\t\t\t\t<\/div>\n\t\t\t\t<\/div>\n\t\t\t\t<div class=\"elementor-element elementor-element-3380374 elementor-widget__width-initial elementor-widget-mobile__width-auto elementor-widget elementor-widget-text-editor\" data-id=\"3380374\" data-element_type=\"widget\" data-widget_type=\"text-editor.default\">\n\t\t\t\t<div class=\"elementor-widget-container\">\n\t\t\t\t\t\t\t\t\t<p><span style=\"font-weight: bolder; text-align: center;\"><span style=\"color: #ff0000;\">\u2022<\/span><\/span><i style=\"text-align: center;\"> <\/i><i style=\"text-align: center;\"><i>PASSEIG MAR\u00cdTIM (Av. Sant Joan de D\u00e9u, 25)<\/i><\/i><\/p>\t\t\t\t\t\t\t\t<\/div>\n\t\t\t\t<\/div>\n\t\t\t\t\t<\/div>\n\t\t\t\t<\/div>\n\t\t\t\t\t<\/div>\n\t\t\t\t<\/div>\n\t\t<div class=\"elementor-element elementor-element-d51683b e-flex e-con-boxed e-con e-child\" data-id=\"d51683b\" data-element_type=\"container\">\n\t\t\t\t\t<div class=\"e-con-inner\">\n\t\t\t\t<div class=\"elementor-element elementor-element-5088ef6 elementor-widget__width-initial elementor-widget elementor-widget-heading\" data-id=\"5088ef6\" data-element_type=\"widget\" data-widget_type=\"heading.default\">\n\t\t\t\t<div class=\"elementor-widget-container\">\n\t\t\t\t\t<h2 class=\"elementor-heading-title elementor-size-default\">MADRID:<\/h2>\t\t\t\t<\/div>\n\t\t\t\t<\/div>\n\t\t\t\t<div class=\"elementor-element elementor-element-2f2d3d5 elementor-widget__width-initial elementor-widget-mobile__width-auto elementor-widget elementor-widget-text-editor\" data-id=\"2f2d3d5\" data-element_type=\"widget\" data-widget_type=\"text-editor.default\">\n\t\t\t\t<div class=\"elementor-widget-container\">\n\t\t\t\t\t\t\t\t\t<p><span style=\"font-weight: bolder; text-align: center;\"><span style=\"color: #ff0000;\">\u2022<\/span><\/span><i style=\"text-align: center;\"> GOYA (Avenida Felipe II, 15)<\/i><\/p><p><i style=\"text-align: center;\"><span style=\"font-weight: bolder; text-align: center;\"><span style=\"color: #ff0000;\">\u2022<\/span><\/span> CUATRO CAMINOS (C. Santa Engracia)<\/i><\/p><p><i style=\"text-align: center;\"><span style=\"font-weight: bolder; text-align: center;\"><span style=\"color: #ff0000;\">\u2022<\/span><\/span> MONCLOA (C. Princesa, 79)<\/i><\/p><p><i style=\"font-family: var( --e-global-typography-text-font-family ), Sans-serif; font-size: var( --e-global-typography-text-font-size ); text-align: center; font-weight: var( --e-global-typography-text-font-weight ); color: var( --e-global-color-text );\"><span style=\"font-weight: bolder;\"><span style=\"color: #ff0000;\">\u2022<\/span><\/span> C.C. LA VAGUADA<i style=\"text-align: center;\"> (<\/i><\/i><i style=\"color: var( --e-global-color-text ); font-family: var( --e-global-typography-text-font-family ), Sans-serif; font-size: var( --e-global-typography-text-font-size ); font-weight: var( --e-global-typography-text-font-weight ); text-align: center;\">Av. de Monforte de Lemos)<\/i><\/p>\t\t\t\t\t\t\t\t<\/div>\n\t\t\t\t<\/div>\n\t\t<div class=\"elementor-element elementor-element-8db409e e-flex e-con-boxed e-con e-child\" data-id=\"8db409e\" data-element_type=\"container\">\n\t\t\t\t\t<div class=\"e-con-inner\">\n\t\t\t\t<div class=\"elementor-element elementor-element-abb3e41 elementor-widget__width-initial elementor-widget elementor-widget-heading\" data-id=\"abb3e41\" data-element_type=\"widget\" data-widget_type=\"heading.default\">\n\t\t\t\t<div class=\"elementor-widget-container\">\n\t\t\t\t\t<h2 class=\"elementor-heading-title elementor-size-default\">FUENLABRADA:<\/h2>\t\t\t\t<\/div>\n\t\t\t\t<\/div>\n\t\t\t\t<div class=\"elementor-element elementor-element-007e104 elementor-widget__width-initial elementor-widget-mobile__width-auto elementor-widget elementor-widget-text-editor\" data-id=\"007e104\" data-element_type=\"widget\" data-widget_type=\"text-editor.default\">\n\t\t\t\t<div class=\"elementor-widget-container\">\n\t\t\t\t\t\t\t\t\t<p><i style=\"color: var( --e-global-color-text ); font-family: var( --e-global-typography-text-font-family ), Sans-serif; font-size: var( --e-global-typography-text-font-size ); font-weight: var( --e-global-typography-text-font-weight ); text-align: center;\"><span style=\"font-weight: bolder;\"><span style=\"color: #ff0000;\">\u2022<\/span><\/span> C.C. PLAZA LORANCA 2 (<\/i><i style=\"color: var( --e-global-color-text ); font-family: var( --e-global-typography-text-font-family ), Sans-serif; font-size: var( --e-global-typography-text-font-size ); font-weight: var( --e-global-typography-text-font-weight ); text-align: center;\">Avda. Pablo Iglesias)<\/i><\/p>\t\t\t\t\t\t\t\t<\/div>\n\t\t\t\t<\/div>\n\t\t\t\t\t<\/div>\n\t\t\t\t<\/div>\n\t\t\t\t\t<\/div>\n\t\t\t\t<\/div>\n\t\t<div class=\"elementor-element elementor-element-d1aa62f e-flex e-con-boxed e-con e-child\" data-id=\"d1aa62f\" data-element_type=\"container\">\n\t\t\t\t\t<div class=\"e-con-inner\">\n\t\t\t\t<div class=\"elementor-element elementor-element-e953627 elementor-widget__width-initial elementor-widget elementor-widget-heading\" data-id=\"e953627\" data-element_type=\"widget\" data-widget_type=\"heading.default\">\n\t\t\t\t<div class=\"elementor-widget-container\">\n\t\t\t\t\t<h2 class=\"elementor-heading-title elementor-size-default\">ZARAGOZA:<\/h2>\t\t\t\t<\/div>\n\t\t\t\t<\/div>\n\t\t\t\t<div class=\"elementor-element elementor-element-b0e47b1 elementor-widget__width-initial elementor-widget-mobile__width-auto elementor-widget elementor-widget-text-editor\" data-id=\"b0e47b1\" data-element_type=\"widget\" data-widget_type=\"text-editor.default\">\n\t\t\t\t<div class=\"elementor-widget-container\">\n\t\t\t\t\t\t\t\t\t<p><span style=\"font-weight: bolder; text-align: center;\"><span style=\"color: #ff0000;\">\u2022<\/span><\/span><i style=\"text-align: center;\"> ZARAGOZA CENTRO (Plaza del Pilar, 10)<\/i><\/p>\t\t\t\t\t\t\t\t<\/div>\n\t\t\t\t<\/div>\n\t\t\t\t\t<\/div>\n\t\t\t\t<\/div>\n\t\t<div class=\"elementor-element elementor-element-1338009 e-flex e-con-boxed e-con e-child\" data-id=\"1338009\" data-element_type=\"container\">\n\t\t\t\t\t<div class=\"e-con-inner\">\n\t\t\t\t<div class=\"elementor-element elementor-element-0ad4235 elementor-widget__width-initial elementor-widget elementor-widget-heading\" data-id=\"0ad4235\" data-element_type=\"widget\" data-widget_type=\"heading.default\">\n\t\t\t\t<div class=\"elementor-widget-container\">\n\t\t\t\t\t<h2 class=\"elementor-heading-title elementor-size-default\">FRANCIA:<\/h2>\t\t\t\t<\/div>\n\t\t\t\t<\/div>\n\t\t\t\t<div class=\"elementor-element elementor-element-dfb55b8 elementor-widget__width-initial elementor-widget-mobile__width-auto elementor-widget elementor-widget-text-editor\" data-id=\"dfb55b8\" data-element_type=\"widget\" data-widget_type=\"text-editor.default\">\n\t\t\t\t<div class=\"elementor-widget-container\">\n\t\t\t\t\t\t\t\t\t<p><span style=\"font-weight: bolder; text-align: center;\"><span style=\"color: #ff0000;\">\u2022<\/span><\/span><i style=\"text-align: center;\"> PERPIGNAN: (33 Quai S\u00e9bastien Vauban)<br><\/i><\/p>\t\t\t\t\t\t\t\t<\/div>\n\t\t\t\t<\/div>\n\t\t<div class=\"elementor-element elementor-element-fe6286d e-flex e-con-boxed e-con e-child\" data-id=\"fe6286d\" data-element_type=\"container\">\n\t\t\t\t\t<div class=\"e-con-inner\">\n\t\t\t\t<div class=\"elementor-element elementor-element-3cb9a15 elementor-widget__width-initial elementor-widget elementor-widget-heading\" data-id=\"3cb9a15\" data-element_type=\"widget\" data-widget_type=\"heading.default\">\n\t\t\t\t<div class=\"elementor-widget-container\">\n\t\t\t\t\t<h2 class=\"elementor-heading-title elementor-size-default\">QATAR:<\/h2>\t\t\t\t<\/div>\n\t\t\t\t<\/div>\n\t\t\t\t<div class=\"elementor-element elementor-element-21c65fc elementor-widget__width-initial elementor-widget-mobile__width-auto elementor-widget elementor-widget-text-editor\" data-id=\"21c65fc\" data-element_type=\"widget\" data-widget_type=\"text-editor.default\">\n\t\t\t\t<div class=\"elementor-widget-container\">\n\t\t\t\t\t\t\t\t\t<p><span style=\"font-weight: bolder; text-align: center;\"><span style=\"color: #ff0000;\">\u2022<\/span><\/span><i style=\"text-align: center;\">\u00a0DOHA FESTIVAL CITY: Umm Salal Muhammed, DOHA.<\/i><\/p><p><i style=\"text-align: center;\"><span style=\"font-weight: bolder;\"><span style=\"color: #ff0000;\">\u2022<\/span><\/span>\u00a0OLD DOHA PORT: Mina District, Old Doha Port, <\/i><i style=\"color: var( --e-global-color-text ); font-family: var( --e-global-typography-text-font-family ), Sans-serif; font-size: var( --e-global-typography-text-font-size ); font-weight: var( --e-global-typography-text-font-weight ); text-align: center;\">DOHA.<\/i><\/p>\t\t\t\t\t\t\t\t<\/div>\n\t\t\t\t<\/div>\n\t\t\t\t\t<\/div>\n\t\t\t\t<\/div>\n\t\t\t\t\t<\/div>\n\t\t\t\t<\/div>\n\t\t\t\t<div class=\"elementor-element elementor-element-b8e192d elementor-widget__width-initial elementor-widget-mobile__width-initial elementor-widget elementor-widget-image\" data-id=\"b8e192d\" data-element_type=\"widget\" data-widget_type=\"image.default\">\n\t\t\t\t<div class=\"elementor-widget-container\">\n\t\t\t\t\t\t\t\t\t\t\t\t\t\t\t<img decoding=\"async\" width=\"700\" height=\"871\" src=\"https:\/\/gelatidino.com\/wp-content\/uploads\/2024\/05\/cinemaParadiso-cono_w-2.jpg\" class=\"attachment-large size-large wp-image-5735\" alt=\"\" srcset=\"https:\/\/gelatidino.com\/wp-content\/uploads\/2024\/05\/cinemaParadiso-cono_w-2.jpg 700w, https:\/\/gelatidino.com\/wp-content\/uploads\/2024\/05\/cinemaParadiso-cono_w-2-241x300.jpg 241w\" sizes=\"(max-width: 700px) 100vw, 700px\" \/>\t\t\t\t\t\t\t\t\t\t\t\t\t\t\t<\/div>\n\t\t\t\t<\/div>\n\t\t\t\t\t<\/div>\n\t\t\t\t<\/div>\n\t\t\t\t<\/div>\n\t\t","protected":false},"excerpt":{"rendered":"<p>CINEMA PARADISO gusto del mese di giugno Aquest exquisit gelat combina la suavitat de l&#8217;avellana i l&#8217;ametlla qque es fusiona amb el refrescant toc c\u00edtric de la mandarina i la llimona, despertant tots els teus sentits. A aquesta combinaci\u00f3 perfecta se suma la nostra crema de pistatxo artesanal, i per coronar aquesta experi\u00e8ncia sensorial, ens [&hellip;]<\/p>\n","protected":false},"author":3,"featured_media":0,"parent":0,"menu_order":0,"comment_status":"closed","ping_status":"closed","template":"","meta":{"footnotes":""},"class_list":["post-6455","page","type-page","status-publish","hentry"],"_links":{"self":[{"href":"https:\/\/gelatidino.com\/ca\/wp-json\/wp\/v2\/pages\/6455","targetHints":{"allow":["GET"]}}],"collection":[{"href":"https:\/\/gelatidino.com\/ca\/wp-json\/wp\/v2\/pages"}],"about":[{"href":"https:\/\/gelatidino.com\/ca\/wp-json\/wp\/v2\/types\/page"}],"author":[{"embeddable":true,"href":"https:\/\/gelatidino.com\/ca\/wp-json\/wp\/v2\/users\/3"}],"replies":[{"embeddable":true,"href":"https:\/\/gelatidino.com\/ca\/wp-json\/wp\/v2\/comments?post=6455"}],"version-history":[{"count":3,"href":"https:\/\/gelatidino.com\/ca\/wp-json\/wp\/v2\/pages\/6455\/revisions"}],"predecessor-version":[{"id":6461,"href":"https:\/\/gelatidino.com\/ca\/wp-json\/wp\/v2\/pages\/6455\/revisions\/6461"}],"wp:attachment":[{"href":"https:\/\/gelatidino.com\/ca\/wp-json\/wp\/v2\/media?parent=6455"}],"curies":[{"name":"wp","href":"https:\/\/api.w.org\/{rel}","templated":true}]}}