{"id":6436,"date":"2023-08-13T11:35:09","date_gmt":"2023-08-13T09:35:09","guid":{"rendered":"https:\/\/gelatidino.com\/avis-legal\/"},"modified":"2025-08-20T15:58:34","modified_gmt":"2025-08-20T13:58:34","slug":"avis-legal","status":"publish","type":"page","link":"https:\/\/gelatidino.com\/ca\/avis-legal\/","title":{"rendered":"Av\u00eds Legal"},"content":{"rendered":"\t\t<div data-elementor-type=\"wp-page\" data-elementor-id=\"6436\" class=\"elementor elementor-6436 elementor-1244\" data-elementor-post-type=\"page\">\n\t\t\t\t<div class=\"elementor-element elementor-element-18b4d7f e-flex e-con-boxed e-con e-parent\" data-id=\"18b4d7f\" data-element_type=\"container\" data-settings=\"{&quot;background_background&quot;:&quot;classic&quot;,&quot;shape_divider_bottom&quot;:&quot;curve-asymmetrical&quot;,&quot;shape_divider_bottom_negative&quot;:&quot;yes&quot;}\">\n\t\t\t\t\t<div class=\"e-con-inner\">\n\t\t\t\t<div class=\"elementor-shape elementor-shape-bottom\" aria-hidden=\"true\" data-negative=\"true\">\n\t\t\t<svg xmlns=\"http:\/\/www.w3.org\/2000\/svg\" viewBox=\"0 0 1000 100\" preserveAspectRatio=\"none\">\n\t<path class=\"elementor-shape-fill\" d=\"M615.2,96.7C240.2,97.8,0,18.9,0,0v100h1000V0C1000,19.2,989.8,96,615.2,96.7z\"\/>\n<\/svg>\t\t<\/div>\n\t\t\t\t\t<\/div>\n\t\t\t\t<\/div>\n\t\t<div class=\"elementor-element elementor-element-1d28b3f e-flex e-con-boxed e-con e-parent\" data-id=\"1d28b3f\" data-element_type=\"container\">\n\t\t\t\t\t<div class=\"e-con-inner\">\n\t\t<div class=\"elementor-element elementor-element-9895bb8 e-con-full e-flex e-con e-child\" data-id=\"9895bb8\" data-element_type=\"container\">\n\t\t<div class=\"elementor-element elementor-element-5fdf384 e-con-full e-flex e-con e-child\" data-id=\"5fdf384\" data-element_type=\"container\" data-settings=\"{&quot;background_background&quot;:&quot;classic&quot;}\">\n\t\t<div class=\"elementor-element elementor-element-76d66a4 e-con-full e-flex e-con e-child\" data-id=\"76d66a4\" data-element_type=\"container\">\n\t\t\t\t<div class=\"elementor-element elementor-element-00be566 elementor-widget elementor-widget-heading\" data-id=\"00be566\" data-element_type=\"widget\" data-widget_type=\"heading.default\">\n\t\t\t\t<div class=\"elementor-widget-container\">\n\t\t\t\t\t<h2 class=\"elementor-heading-title elementor-size-small\">AV\u00cdS LEGAL<\/h2>\t\t\t\t<\/div>\n\t\t\t\t<\/div>\n\t\t\t\t<div class=\"elementor-element elementor-element-6588d32 elementor-widget-divider--view-line elementor-widget elementor-widget-divider\" data-id=\"6588d32\" data-element_type=\"widget\" data-widget_type=\"divider.default\">\n\t\t\t\t<div class=\"elementor-widget-container\">\n\t\t\t\t\t\t\t<div class=\"elementor-divider\">\n\t\t\t<span class=\"elementor-divider-separator\">\n\t\t\t\t\t\t<\/span>\n\t\t<\/div>\n\t\t\t\t\t\t<\/div>\n\t\t\t\t<\/div>\n\t\t\t\t<\/div>\n\t\t<div class=\"elementor-element elementor-element-92ce620 e-con-full e-flex e-con e-child\" data-id=\"92ce620\" data-element_type=\"container\">\n\t\t<div class=\"elementor-element elementor-element-c1ed15b e-con-full e-flex e-con e-child\" data-id=\"c1ed15b\" data-element_type=\"container\">\n\t\t\t\t<div class=\"elementor-element elementor-element-3541446 elementor-widget elementor-widget-heading\" data-id=\"3541446\" data-element_type=\"widget\" data-widget_type=\"heading.default\">\n\t\t\t\t<div class=\"elementor-widget-container\">\n\t\t\t\t\t<p class=\"elementor-heading-title elementor-size-default\">Nom fiscal \nde la societat:<\/p>\t\t\t\t<\/div>\n\t\t\t\t<\/div>\n\t\t\t\t<div class=\"elementor-element elementor-element-9000389 elementor-widget elementor-widget-text-editor\" data-id=\"9000389\" data-element_type=\"widget\" data-widget_type=\"text-editor.default\">\n\t\t\t\t<div class=\"elementor-widget-container\">\n\t\t\t\t\t\t\t\t\t<p style=\"text-align: center;\">EMPURIA-GEL, SL.<\/p>\t\t\t\t\t\t\t\t<\/div>\n\t\t\t\t<\/div>\n\t\t\t\t<div class=\"elementor-element elementor-element-0793845 elementor-widget elementor-widget-heading\" data-id=\"0793845\" data-element_type=\"widget\" data-widget_type=\"heading.default\">\n\t\t\t\t<div class=\"elementor-widget-container\">\n\t\t\t\t\t<p class=\"elementor-heading-title elementor-size-default\">NIF:<\/p>\t\t\t\t<\/div>\n\t\t\t\t<\/div>\n\t\t\t\t<div class=\"elementor-element elementor-element-20963d3 elementor-widget elementor-widget-text-editor\" data-id=\"20963d3\" data-element_type=\"widget\" data-widget_type=\"text-editor.default\">\n\t\t\t\t<div class=\"elementor-widget-container\">\n\t\t\t\t\t\t\t\t\t<p style=\"text-align: center;\">B-17412552<\/p>\t\t\t\t\t\t\t\t<\/div>\n\t\t\t\t<\/div>\n\t\t\t\t<\/div>\n\t\t<div class=\"elementor-element elementor-element-6879b3a e-con-full e-flex e-con e-child\" data-id=\"6879b3a\" data-element_type=\"container\">\n\t\t\t\t<div class=\"elementor-element elementor-element-5b460f2 elementor-widget elementor-widget-heading\" data-id=\"5b460f2\" data-element_type=\"widget\" data-widget_type=\"heading.default\">\n\t\t\t\t<div class=\"elementor-widget-container\">\n\t\t\t\t\t<p class=\"elementor-heading-title elementor-size-default\">Dades\nregistre mercantil:<\/p>\t\t\t\t<\/div>\n\t\t\t\t<\/div>\n\t\t\t\t<div class=\"elementor-element elementor-element-e5a661b elementor-widget elementor-widget-text-editor\" data-id=\"e5a661b\" data-element_type=\"widget\" data-widget_type=\"text-editor.default\">\n\t\t\t\t<div class=\"elementor-widget-container\">\n\t\t\t\t\t\t\t\t\t<p style=\"text-align: center;\">REGISTRE MERCANTIL<br \/>DE GIRONA<br \/>TOM: 704 &#8211; FOLI : 169<br \/>FULL: GI-13480<br \/>INSCRIPCI\u00d3 : 1a<\/p>\t\t\t\t\t\t\t\t<\/div>\n\t\t\t\t<\/div>\n\t\t\t\t<\/div>\n\t\t\t\t<\/div>\n\t\t<div class=\"elementor-element elementor-element-b92a190 e-con-full e-flex e-con e-child\" data-id=\"b92a190\" data-element_type=\"container\">\n\t\t\t\t<div class=\"elementor-element elementor-element-a47c289 elementor-widget elementor-widget-heading\" data-id=\"a47c289\" data-element_type=\"widget\" data-widget_type=\"heading.default\">\n\t\t\t\t<div class=\"elementor-widget-container\">\n\t\t\t\t\t<p class=\"elementor-heading-title elementor-size-default\">Adre\u00e7a<\/p>\t\t\t\t<\/div>\n\t\t\t\t<\/div>\n\t\t\t\t<div class=\"elementor-element elementor-element-6ed79cb elementor-widget elementor-widget-text-editor\" data-id=\"6ed79cb\" data-element_type=\"widget\" data-widget_type=\"text-editor.default\">\n\t\t\t\t<div class=\"elementor-widget-container\">\n\t\t\t\t\t\t\t\t\t<p style=\"text-align: center;\">Sector Aeroclub, 9<br \/>17487 Empuriabrava (GIRONA)<br \/>Espa\u00f1a<br \/>972 45 00 74 &#8211; info@gelatidino.com &#8211; www.gelatidinogruppo.com<\/p>\t\t\t\t\t\t\t\t<\/div>\n\t\t\t\t<\/div>\n\t\t\t\t<\/div>\n\t\t\t\t<\/div>\n\t\t\t\t<\/div>\n\t\t\t\t\t<\/div>\n\t\t\t\t<\/div>\n\t\t\t\t<\/div>\n\t\t","protected":false},"excerpt":{"rendered":"<p>AV\u00cdS LEGAL Nom fiscal de la societat: EMPURIA-GEL, SL. NIF: B-17412552 Dades registre mercantil: REGISTRE MERCANTILDE GIRONATOM: 704 &#8211; FOLI : 169FULL: GI-13480INSCRIPCI\u00d3 : 1a Adre\u00e7a Sector Aeroclub, 917487 Empuriabrava (GIRONA)Espa\u00f1a972 45 00 74 &#8211; info@gelatidino.com &#8211; www.gelatidinogruppo.com<\/p>\n","protected":false},"author":1,"featured_media":0,"parent":0,"menu_order":0,"comment_status":"closed","ping_status":"closed","template":"","meta":{"footnotes":""},"class_list":["post-6436","page","type-page","status-publish","hentry"],"_links":{"self":[{"href":"https:\/\/gelatidino.com\/ca\/wp-json\/wp\/v2\/pages\/6436","targetHints":{"allow":["GET"]}}],"collection":[{"href":"https:\/\/gelatidino.com\/ca\/wp-json\/wp\/v2\/pages"}],"about":[{"href":"https:\/\/gelatidino.com\/ca\/wp-json\/wp\/v2\/types\/page"}],"author":[{"embeddable":true,"href":"https:\/\/gelatidino.com\/ca\/wp-json\/wp\/v2\/users\/1"}],"replies":[{"embeddable":true,"href":"https:\/\/gelatidino.com\/ca\/wp-json\/wp\/v2\/comments?post=6436"}],"version-history":[{"count":3,"href":"https:\/\/gelatidino.com\/ca\/wp-json\/wp\/v2\/pages\/6436\/revisions"}],"predecessor-version":[{"id":6439,"href":"https:\/\/gelatidino.com\/ca\/wp-json\/wp\/v2\/pages\/6436\/revisions\/6439"}],"wp:attachment":[{"href":"https:\/\/gelatidino.com\/ca\/wp-json\/wp\/v2\/media?parent=6436"}],"curies":[{"name":"wp","href":"https:\/\/api.w.org\/{rel}","templated":true}]}}