{"id":6387,"date":"2024-06-20T13:27:02","date_gmt":"2024-06-20T11:27:02","guid":{"rendered":"https:\/\/gelatidino.com\/amici_faqs\/"},"modified":"2025-12-27T14:00:42","modified_gmt":"2025-12-27T12:00:42","slug":"amici_faqs","status":"publish","type":"page","link":"https:\/\/gelatidino.com\/ca\/amici_faqs\/","title":{"rendered":"amici_faqs"},"content":{"rendered":"\t\t<div data-elementor-type=\"wp-page\" data-elementor-id=\"6387\" class=\"elementor elementor-6387 elementor-3318\" data-elementor-post-type=\"page\">\n\t\t\t\t<div class=\"elementor-element elementor-element-99ecdd9 e-flex e-con-boxed e-con e-parent\" data-id=\"99ecdd9\" data-element_type=\"container\" data-settings=\"{&quot;background_background&quot;:&quot;classic&quot;,&quot;shape_divider_bottom&quot;:&quot;curve-asymmetrical&quot;,&quot;shape_divider_bottom_negative&quot;:&quot;yes&quot;}\">\n\t\t\t\t\t<div class=\"e-con-inner\">\n\t\t\t\t<div class=\"elementor-shape elementor-shape-bottom\" aria-hidden=\"true\" data-negative=\"true\">\n\t\t\t<svg xmlns=\"http:\/\/www.w3.org\/2000\/svg\" viewBox=\"0 0 1000 100\" preserveAspectRatio=\"none\">\n\t<path class=\"elementor-shape-fill\" d=\"M615.2,96.7C240.2,97.8,0,18.9,0,0v100h1000V0C1000,19.2,989.8,96,615.2,96.7z\"\/>\n<\/svg>\t\t<\/div>\n\t\t\t\t\t<\/div>\n\t\t\t\t<\/div>\n\t\t<div class=\"elementor-element elementor-element-672701c e-flex e-con-boxed e-con e-parent\" data-id=\"672701c\" data-element_type=\"container\">\n\t\t\t\t\t<div class=\"e-con-inner\">\n\t\t<div class=\"elementor-element elementor-element-d101517 e-con-full e-flex e-con e-child\" data-id=\"d101517\" data-element_type=\"container\">\n\t\t<div class=\"elementor-element elementor-element-087bcf3 e-con-full e-flex e-con e-child\" data-id=\"087bcf3\" data-element_type=\"container\" data-settings=\"{&quot;background_background&quot;:&quot;classic&quot;}\">\n\t\t<div class=\"elementor-element elementor-element-703588a e-con-full e-flex e-con e-child\" data-id=\"703588a\" data-element_type=\"container\">\n\t\t\t\t<div class=\"elementor-element elementor-element-cf586cb elementor-widget elementor-widget-heading\" data-id=\"cf586cb\" data-element_type=\"widget\" data-widget_type=\"heading.default\">\n\t\t\t\t<div class=\"elementor-widget-container\">\n\t\t\t\t\t<h2 class=\"elementor-heading-title elementor-size-default\">Tens algun dubte?<\/h2>\t\t\t\t<\/div>\n\t\t\t\t<\/div>\n\t\t\t\t<div class=\"elementor-element elementor-element-c6f87b7 elementor-widget-divider--view-line elementor-widget elementor-widget-divider\" data-id=\"c6f87b7\" data-element_type=\"widget\" data-widget_type=\"divider.default\">\n\t\t\t\t<div class=\"elementor-widget-container\">\n\t\t\t\t\t\t\t<div class=\"elementor-divider\">\n\t\t\t<span class=\"elementor-divider-separator\">\n\t\t\t\t\t\t<\/span>\n\t\t<\/div>\n\t\t\t\t\t\t<\/div>\n\t\t\t\t<\/div>\n\t\t\t\t<div class=\"elementor-element elementor-element-1c58ae7 elementor-widget elementor-widget-text-editor\" data-id=\"1c58ae7\" data-element_type=\"widget\" data-widget_type=\"text-editor.default\">\n\t\t\t\t<div class=\"elementor-widget-container\">\n\t\t\t\t\t\t\t\t\t<p>Cada consumici\u00f3 a Gelati Dino genera MIGLIA. Per cada euro sumes 100 miglia i vas avan\u00e7ant cap a una nova destinaci\u00f3 en el nostre viatge per It\u00e0lia<\/p><p><span style=\"color: #ff0000;\">Puc acumular punts i bescanviar els meus premis a totes les Gelati Dino?<\/span><\/p><p>Podr\u00e0s acumular miglia a totes les Gelati Dino d&#8217;Espanya excepte Saragossa, Santa Margarida (Roses), Espai Girones (Girona), Calafell (Costa Daurada), CC La Roca Village, CC CINESA (Barcelona), Carrer de Blai (Barcelona), CC Gran Via 2 (L&#8217;Hospitalet de Llobre).<\/p><p><span style=\"color: #ff0000;\">Quan caduquen els premis que aconsegueixi amb la meva targeta AMICI?<\/span><\/p><p>Tots els premis que aconsegueixis tenen una data de validesa d&#8217;1 mes des que el reps, per\u00f2 esperem veure&#8217;t abans!<\/p><p><span style=\"color: #ff0000;\">Qu\u00e8 faig si tinc una incid\u00e8ncia o un error amb un premi?<\/span><\/p><p>Envia&#8217;ns un mail amb la incid\u00e8ncia i el teu mail de registre a <a href=\"mailto:info@gelatidino.com\">info@gelatidino.com<\/a> per poder revisar-ho; en cas que el problema sigui un cup\u00f3 si us plau inclou la informaci\u00f3 del dit cup\u00f3.<\/p><p><span style=\"color: #ff0000;\">Dubtes amb la suma de miglia?<\/span><\/p><p>Si creus que els teus miglia no s&#8217;han sumat o han disminu\u00eft pot ser perqu\u00e8 hagis canviat de nivell o que la teva targeta per motius de cobertura trigui a actualitzar.<\/p><p>Si despr\u00e9s de 24h segueixes sense rebre els teus miglia escriu-nos a\u00a0<a style=\"background-color: rgba(255, 255, 255, 0.48);\" href=\"mailto:info@gelatidino.com\">info@gelatidino.com<\/a>\u00a0amb la seg\u00fcent informaci\u00f3: email de registre, tiquet de compra, punts actuals a la teva targeta i\u00a0Gelati Dino on es va realitzar la consumici\u00f3 perqu\u00e8 puguem verificar la informaci\u00f3 i veure el que ha passat.<\/p><p><span style=\"color: #ff0000;\">Qu\u00e8 passa si perdo o elimini la targeta AMICI del meu wallet?<\/span><\/p><p>Non preoccuparti!!<br \/>Podr\u00e0s tornar a aconseguir-ho\u00a0<a href=\"https:\/\/gelatidino.com\/ca\/amici\">aqu\u00ed<\/a>.<\/p>\t\t\t\t\t\t\t\t<\/div>\n\t\t\t\t<\/div>\n\t\t\t\t<\/div>\n\t\t\t\t<\/div>\n\t\t\t\t<\/div>\n\t\t\t\t\t<\/div>\n\t\t\t\t<\/div>\n\t\t\t\t<\/div>\n\t\t","protected":false},"excerpt":{"rendered":"<p>Tens algun dubte? Cada consumici\u00f3 a Gelati Dino genera MIGLIA. Per cada euro sumes 100 miglia i vas avan\u00e7ant cap a una nova destinaci\u00f3 en el nostre viatge per It\u00e0lia Puc acumular punts i bescanviar els meus premis a totes les Gelati Dino? Podr\u00e0s acumular miglia a totes les Gelati Dino d&#8217;Espanya excepte Saragossa, Santa [&hellip;]<\/p>\n","protected":false},"author":3,"featured_media":0,"parent":0,"menu_order":0,"comment_status":"closed","ping_status":"closed","template":"elementor_header_footer","meta":{"footnotes":""},"class_list":["post-6387","page","type-page","status-publish","hentry"],"_links":{"self":[{"href":"https:\/\/gelatidino.com\/ca\/wp-json\/wp\/v2\/pages\/6387","targetHints":{"allow":["GET"]}}],"collection":[{"href":"https:\/\/gelatidino.com\/ca\/wp-json\/wp\/v2\/pages"}],"about":[{"href":"https:\/\/gelatidino.com\/ca\/wp-json\/wp\/v2\/types\/page"}],"author":[{"embeddable":true,"href":"https:\/\/gelatidino.com\/ca\/wp-json\/wp\/v2\/users\/3"}],"replies":[{"embeddable":true,"href":"https:\/\/gelatidino.com\/ca\/wp-json\/wp\/v2\/comments?post=6387"}],"version-history":[{"count":22,"href":"https:\/\/gelatidino.com\/ca\/wp-json\/wp\/v2\/pages\/6387\/revisions"}],"predecessor-version":[{"id":8087,"href":"https:\/\/gelatidino.com\/ca\/wp-json\/wp\/v2\/pages\/6387\/revisions\/8087"}],"wp:attachment":[{"href":"https:\/\/gelatidino.com\/ca\/wp-json\/wp\/v2\/media?parent=6387"}],"curies":[{"name":"wp","href":"https:\/\/api.w.org\/{rel}","templated":true}]}}